{"id":9979,"date":"2020-03-11T03:26:25","date_gmt":"2020-03-11T03:26:25","guid":{"rendered":"https:\/\/torebunia.pl\/sklep\/produkt\/birkenstock-klapki-arizona-eva-2\/"},"modified":"2021-01-27T13:11:14","modified_gmt":"2021-01-27T13:11:14","slug":"birkenstock-klapki-arizona-eva-2","status":"publish","type":"product","link":"https:\/\/torebunia.pl\/sklep\/produkt\/birkenstock-klapki-arizona-eva-2\/","title":{"rendered":"Birkenstock &#8211; Klapki Arizona EVA"},"content":{"rendered":"<p>Parametry produktu:<\/p>\n<ul>\n<li>cena: <strong>179.9 PLN<\/strong><\/li>\n<li>marka: <strong>Birkenstock<\/strong><\/li>\n<li>p\u0142e\u0107: <strong>Female<\/strong><\/li>\n<li>kategoria: <strong>ONA \/ Obuwie \/ Klapki i sanda\u0142y \/ Klapki<\/strong><\/li>\n<li>kolor: <strong>zielony<\/strong><\/li>\n<\/ul>\n<p>Opis:<br \/>\nKlapki z kolekcji Birkenstock. Model wykonany z materia\u0142u syntetycznego. &#8211; Model wykonany z lekkiej i amortyzuj\u0105cej pianki EVA. &#8211; Wyprofilowana wk\u0142adka. &#8211; Zapi\u0119cie na klamr\u0119. &#8211; D\u0142ugo\u015b\u0107 wk\u0142adki wynosi: 24 cm. &#8211; Wymiary podane dla rozmiaru: 37. Obcas: p\u0142aski Materia\u0142: imitacja sk\u00f3ry licowej Sk\u0142ad: Cholewka: Materia\u0142 syntetyczny ID produktu: 4921-KLD0IF Kod producenta: 129493<\/p>\n","protected":false},"excerpt":{"rendered":"<p>Parametry produktu: cena: 179.9 PLN marka: Birkenstock p\u0142e\u0107: Female kategoria: ONA \/ Obuwie \/ Klapki i sanda\u0142y \/ Klapki kolor: zielony Opis: Klapki z kolekcji Birkenstock. Model wykonany z materia\u0142u<\/p>\n","protected":false},"featured_media":9980,"comment_status":"closed","ping_status":"open","template":"","meta":[],"class_list":{"0":"post-9979","1":"product","2":"type-product","3":"status-publish","5":"hentry","6":"product_cat-klapki","7":"product_cat-klapki-i-sandaly","8":"product_cat-obuwie","9":"product_cat-ona","10":"product_tag-birkenstock","11":"product_tag-birkenstock-klapki-arizona-eva"},"yoast_head":"<!-- This site is optimized with the Yoast SEO plugin v15.6.2 - https:\/\/yoast.com\/wordpress\/plugins\/seo\/ -->\n<title>Birkenstock - Klapki Arizona EVA<\/title>\n<meta name=\"robots\" content=\"index, follow, max-snippet:-1, max-image-preview:large, max-video-preview:-1\" \/>\n<link rel=\"canonical\" href=\"https:\/\/torebunia.pl\/sklep\/produkt\/birkenstock-klapki-arizona-eva-2\/\" \/>\n<meta property=\"og:locale\" content=\"pl_PL\" \/>\n<meta property=\"og:type\" content=\"article\" \/>\n<meta property=\"og:title\" content=\"Birkenstock - Klapki Arizona EVA\" \/>\n<meta property=\"og:description\" content=\"Parametry produktu: cena: 179.9 PLN marka: Birkenstock p\u0142e\u0107: Female kategoria: ONA \/ Obuwie \/ Klapki i sanda\u0142y \/ Klapki kolor: zielony Opis: Klapki z kolekcji Birkenstock. Model wykonany z materia\u0142u\" \/>\n<meta property=\"og:url\" content=\"https:\/\/torebunia.pl\/sklep\/produkt\/birkenstock-klapki-arizona-eva-2\/\" \/>\n<meta property=\"og:site_name\" content=\"Moje Blog\" \/>\n<meta property=\"article:modified_time\" content=\"2021-01-27T13:11:14+00:00\" \/>\n<meta property=\"og:image\" content=\"https:\/\/torebunia.pl\/sklep\/wp-content\/uploads\/2021\/01\/73c00060bf801eb3db5fd3a3855d27f59b0dc304-1.jpg\" \/>\n\t<meta property=\"og:image:width\" content=\"855\" \/>\n\t<meta property=\"og:image:height\" content=\"1290\" \/>\n<meta name=\"twitter:card\" content=\"summary_large_image\" \/>\n<script type=\"application\/ld+json\" class=\"yoast-schema-graph\">{\"@context\":\"https:\/\/schema.org\",\"@graph\":[{\"@type\":\"WebSite\",\"@id\":\"https:\/\/torebunia.pl\/sklep\/#website\",\"url\":\"https:\/\/torebunia.pl\/sklep\/\",\"name\":\"Moje Blog\",\"description\":\"Kolejna witryna WordPress\",\"potentialAction\":[{\"@type\":\"SearchAction\",\"target\":\"https:\/\/torebunia.pl\/sklep\/?s={search_term_string}\",\"query-input\":\"required name=search_term_string\"}],\"inLanguage\":\"pl-PL\"},{\"@type\":\"ImageObject\",\"@id\":\"https:\/\/torebunia.pl\/sklep\/produkt\/birkenstock-klapki-arizona-eva-2\/#primaryimage\",\"inLanguage\":\"pl-PL\",\"url\":\"https:\/\/torebunia.pl\/sklep\/wp-content\/uploads\/2021\/01\/73c00060bf801eb3db5fd3a3855d27f59b0dc304-1.jpg\",\"width\":855,\"height\":1290,\"caption\":\"Birkenstock - Klapki Arizona EVA\"},{\"@type\":\"WebPage\",\"@id\":\"https:\/\/torebunia.pl\/sklep\/produkt\/birkenstock-klapki-arizona-eva-2\/#webpage\",\"url\":\"https:\/\/torebunia.pl\/sklep\/produkt\/birkenstock-klapki-arizona-eva-2\/\",\"name\":\"Birkenstock - Klapki Arizona EVA\",\"isPartOf\":{\"@id\":\"https:\/\/torebunia.pl\/sklep\/#website\"},\"primaryImageOfPage\":{\"@id\":\"https:\/\/torebunia.pl\/sklep\/produkt\/birkenstock-klapki-arizona-eva-2\/#primaryimage\"},\"datePublished\":\"2020-03-11T03:26:25+00:00\",\"dateModified\":\"2021-01-27T13:11:14+00:00\",\"inLanguage\":\"pl-PL\",\"potentialAction\":[{\"@type\":\"ReadAction\",\"target\":[\"https:\/\/torebunia.pl\/sklep\/produkt\/birkenstock-klapki-arizona-eva-2\/\"]}]}]}<\/script>\n<!-- \/ Yoast SEO plugin. -->","_links":{"self":[{"href":"https:\/\/torebunia.pl\/sklep\/wp-json\/wp\/v2\/product\/9979","targetHints":{"allow":["GET"]}}],"collection":[{"href":"https:\/\/torebunia.pl\/sklep\/wp-json\/wp\/v2\/product"}],"about":[{"href":"https:\/\/torebunia.pl\/sklep\/wp-json\/wp\/v2\/types\/product"}],"replies":[{"embeddable":true,"href":"https:\/\/torebunia.pl\/sklep\/wp-json\/wp\/v2\/comments?post=9979"}],"wp:featuredmedia":[{"embeddable":true,"href":"https:\/\/torebunia.pl\/sklep\/wp-json\/wp\/v2\/media\/9980"}],"wp:attachment":[{"href":"https:\/\/torebunia.pl\/sklep\/wp-json\/wp\/v2\/media?parent=9979"}],"curies":[{"name":"wp","href":"https:\/\/api.w.org\/{rel}","templated":true}]}}