{"id":9907,"date":"2021-01-09T22:05:39","date_gmt":"2021-01-09T22:05:39","guid":{"rendered":"https:\/\/torebunia.pl\/sklep\/produkt\/answear-kozaki-day-vine\/"},"modified":"2021-01-27T13:09:56","modified_gmt":"2021-01-27T13:09:56","slug":"answear-kozaki-day-vine","status":"publish","type":"product","link":"https:\/\/torebunia.pl\/sklep\/produkt\/answear-kozaki-day-vine\/","title":{"rendered":"Answear &#8211; Kozaki Day-Vine"},"content":{"rendered":"<p>Parametry produktu:<\/p>\n<ul>\n<li>cena: <strong>199.9 PLN<\/strong><\/li>\n<li>marka: <strong>ANSWEAR<\/strong><\/li>\n<li>p\u0142e\u0107: <strong>Female<\/strong><\/li>\n<li>kategoria: <strong>ONA \/ Obuwie \/ Kozaki i botki \/ Kozaki<\/strong><\/li>\n<li>kolor: <strong>czarny<\/strong><\/li>\n<\/ul>\n<p>Opis:<br \/>\nKozaki z kolekcji Answear. Model wykonany z materia\u0142u tekstylnego. &#8211; Nieocieplony model. &#8211; Zapi\u0119cie na suwak. &#8211; Okr\u0105g\u0142y, usztywniony nosek. &#8211; T\u0142oczona podeszwa. &#8211; Usztywniony zapi\u0119tek. &#8211; Model na obcasie typu s\u0142upek. &#8211; Wysoko\u015b\u0107 obcasa: 8,5 cm. &#8211; D\u0142ugo\u015b\u0107 wk\u0142adki wynosi: 23,5 cm. &#8211; Wymiary podane dla rozmiaru: 37. Materia\u0142: tekstylny Obcas: s\u0142upek Ocieplenie: nieocieplane Wysoko\u015b\u0107 obcasa: powy\u017cej 8 cm Zapi\u0119cie: na zamek Sk\u0142ad: Cholewka: Materia\u0142 tekstylny, Wn\u0119trze: Materia\u0142 syntetyczny, Materia\u0142 tekstylny, Podeszwa: Materia\u0142 syntetyczny ID produktu: -90-OBD06P Kod producenta: YZ2.A<\/p>\n","protected":false},"excerpt":{"rendered":"<p>Parametry produktu: cena: 199.9 PLN marka: ANSWEAR p\u0142e\u0107: Female kategoria: ONA \/ Obuwie \/ Kozaki i botki \/ Kozaki kolor: czarny Opis: Kozaki z kolekcji Answear. Model wykonany z materia\u0142u<\/p>\n","protected":false},"featured_media":9908,"comment_status":"closed","ping_status":"open","template":"","meta":[],"class_list":{"0":"post-9907","1":"product","2":"type-product","3":"status-publish","5":"hentry","6":"product_cat-kozaki","7":"product_cat-kozaki-i-botki","8":"product_cat-obuwie","9":"product_cat-ona","10":"product_tag-answear","11":"product_tag-answear-kozaki-day-vine"},"yoast_head":"<!-- This site is optimized with the Yoast SEO plugin v15.6.2 - https:\/\/yoast.com\/wordpress\/plugins\/seo\/ -->\n<title>Answear - Kozaki Day-Vine<\/title>\n<meta name=\"robots\" content=\"index, follow, max-snippet:-1, max-image-preview:large, max-video-preview:-1\" \/>\n<link rel=\"canonical\" href=\"https:\/\/torebunia.pl\/sklep\/produkt\/answear-kozaki-day-vine\/\" \/>\n<meta property=\"og:locale\" content=\"pl_PL\" \/>\n<meta property=\"og:type\" content=\"article\" \/>\n<meta property=\"og:title\" content=\"Answear - Kozaki Day-Vine\" \/>\n<meta property=\"og:description\" content=\"Parametry produktu: cena: 199.9 PLN marka: ANSWEAR p\u0142e\u0107: Female kategoria: ONA \/ Obuwie \/ Kozaki i botki \/ Kozaki kolor: czarny Opis: Kozaki z kolekcji Answear. Model wykonany z materia\u0142u\" \/>\n<meta property=\"og:url\" content=\"https:\/\/torebunia.pl\/sklep\/produkt\/answear-kozaki-day-vine\/\" \/>\n<meta property=\"og:site_name\" content=\"Moje Blog\" \/>\n<meta property=\"article:modified_time\" content=\"2021-01-27T13:09:56+00:00\" \/>\n<meta property=\"og:image\" content=\"https:\/\/torebunia.pl\/sklep\/wp-content\/uploads\/2021\/01\/725eac7f561e8d3712159db26de4c40c366c31e8.jpg\" \/>\n\t<meta property=\"og:image:width\" content=\"855\" \/>\n\t<meta property=\"og:image:height\" content=\"1290\" \/>\n<meta name=\"twitter:card\" content=\"summary_large_image\" \/>\n<meta name=\"twitter:label1\" content=\"Est. reading time\">\n\t<meta name=\"twitter:data1\" content=\"1 minuta\">\n<script type=\"application\/ld+json\" class=\"yoast-schema-graph\">{\"@context\":\"https:\/\/schema.org\",\"@graph\":[{\"@type\":\"WebSite\",\"@id\":\"https:\/\/torebunia.pl\/sklep\/#website\",\"url\":\"https:\/\/torebunia.pl\/sklep\/\",\"name\":\"Moje Blog\",\"description\":\"Kolejna witryna WordPress\",\"potentialAction\":[{\"@type\":\"SearchAction\",\"target\":\"https:\/\/torebunia.pl\/sklep\/?s={search_term_string}\",\"query-input\":\"required name=search_term_string\"}],\"inLanguage\":\"pl-PL\"},{\"@type\":\"ImageObject\",\"@id\":\"https:\/\/torebunia.pl\/sklep\/produkt\/answear-kozaki-day-vine\/#primaryimage\",\"inLanguage\":\"pl-PL\",\"url\":\"https:\/\/torebunia.pl\/sklep\/wp-content\/uploads\/2021\/01\/725eac7f561e8d3712159db26de4c40c366c31e8.jpg\",\"width\":855,\"height\":1290,\"caption\":\"Answear - Kozaki Day-Vine\"},{\"@type\":\"WebPage\",\"@id\":\"https:\/\/torebunia.pl\/sklep\/produkt\/answear-kozaki-day-vine\/#webpage\",\"url\":\"https:\/\/torebunia.pl\/sklep\/produkt\/answear-kozaki-day-vine\/\",\"name\":\"Answear - Kozaki Day-Vine\",\"isPartOf\":{\"@id\":\"https:\/\/torebunia.pl\/sklep\/#website\"},\"primaryImageOfPage\":{\"@id\":\"https:\/\/torebunia.pl\/sklep\/produkt\/answear-kozaki-day-vine\/#primaryimage\"},\"datePublished\":\"2021-01-09T22:05:39+00:00\",\"dateModified\":\"2021-01-27T13:09:56+00:00\",\"inLanguage\":\"pl-PL\",\"potentialAction\":[{\"@type\":\"ReadAction\",\"target\":[\"https:\/\/torebunia.pl\/sklep\/produkt\/answear-kozaki-day-vine\/\"]}]}]}<\/script>\n<!-- \/ Yoast SEO plugin. -->","_links":{"self":[{"href":"https:\/\/torebunia.pl\/sklep\/wp-json\/wp\/v2\/product\/9907","targetHints":{"allow":["GET"]}}],"collection":[{"href":"https:\/\/torebunia.pl\/sklep\/wp-json\/wp\/v2\/product"}],"about":[{"href":"https:\/\/torebunia.pl\/sklep\/wp-json\/wp\/v2\/types\/product"}],"replies":[{"embeddable":true,"href":"https:\/\/torebunia.pl\/sklep\/wp-json\/wp\/v2\/comments?post=9907"}],"wp:featuredmedia":[{"embeddable":true,"href":"https:\/\/torebunia.pl\/sklep\/wp-json\/wp\/v2\/media\/9908"}],"wp:attachment":[{"href":"https:\/\/torebunia.pl\/sklep\/wp-json\/wp\/v2\/media?parent=9907"}],"curies":[{"name":"wp","href":"https:\/\/api.w.org\/{rel}","templated":true}]}}