{"id":9903,"date":"2020-06-19T11:43:54","date_gmt":"2020-06-19T11:43:54","guid":{"rendered":"https:\/\/torebunia.pl\/sklep\/produkt\/the-north-face-nerka\/"},"modified":"2021-01-27T13:11:04","modified_gmt":"2021-01-27T13:11:04","slug":"the-north-face-nerka","status":"publish","type":"product","link":"https:\/\/torebunia.pl\/sklep\/produkt\/the-north-face-nerka\/","title":{"rendered":"The North Face &#8211; Nerka"},"content":{"rendered":"<p>Parametry produktu:<\/p>\n<ul>\n<li>cena: <strong>149.9 PLN<\/strong><\/li>\n<li>marka: <strong>The North Face<\/strong><\/li>\n<li>p\u0142e\u0107: <strong>Female<\/strong><\/li>\n<li>kategoria: <strong>ONA \/ Akcesoria \/ Torebki \/ Nerki i saszetki<\/strong><\/li>\n<li>kolor: <strong>niebieski<\/strong><\/li>\n<\/ul>\n<p>Opis:<br \/>\n\u015aredniej wielko\u015bci nerka z kolekcji The North Face. Zapinany model wykonany z materia\u0142u tekstylnego. &#8211; Wewn\u0105trz dodatkowe kieszenie. &#8211; Zapi\u0119cie na suwak. &#8211; Nieodpinany d\u0142ugi pasek z regulacj\u0105. &#8211; Nie mie\u015bci formatu A4. &#8211; G\u0142\u0119boko\u015b\u0107: 11 cm. &#8211; Wysoko\u015b\u0107: 14,5 cm. &#8211; Szeroko\u015b\u0107 u podstawy: 24 cm. Wz\u00f3r: nadruk Materia\u0142: tekstylny Wielko\u015b\u0107: nie mie\u015bci A4 Sk\u0142ad: Podszewka: 100 % Nylon, Materia\u0142 zasadniczy: 20 % Nylon, 80 % Poliester ID produktu: 4910-TOD04D Kod producenta: T93KYXEF1<\/p>\n","protected":false},"excerpt":{"rendered":"<p>Parametry produktu: cena: 149.9 PLN marka: The North Face p\u0142e\u0107: Female kategoria: ONA \/ Akcesoria \/ Torebki \/ Nerki i saszetki kolor: niebieski Opis: \u015aredniej wielko\u015bci nerka z kolekcji The<\/p>\n","protected":false},"featured_media":9904,"comment_status":"closed","ping_status":"open","template":"","meta":[],"class_list":{"0":"post-9903","1":"product","2":"type-product","3":"status-publish","5":"hentry","6":"product_cat-akcesoria","7":"product_cat-nerki-i-saszetki","8":"product_cat-ona","9":"product_cat-torebki","10":"product_tag-the-north-face","11":"product_tag-the-north-face-nerka"},"yoast_head":"<!-- This site is optimized with the Yoast SEO plugin v15.6.2 - https:\/\/yoast.com\/wordpress\/plugins\/seo\/ -->\n<title>The North Face - Nerka<\/title>\n<meta name=\"robots\" content=\"index, follow, max-snippet:-1, max-image-preview:large, max-video-preview:-1\" \/>\n<link rel=\"canonical\" href=\"https:\/\/torebunia.pl\/sklep\/produkt\/the-north-face-nerka\/\" \/>\n<meta property=\"og:locale\" content=\"pl_PL\" \/>\n<meta property=\"og:type\" content=\"article\" \/>\n<meta property=\"og:title\" content=\"The North Face - Nerka\" \/>\n<meta property=\"og:description\" content=\"Parametry produktu: cena: 149.9 PLN marka: The North Face p\u0142e\u0107: Female kategoria: ONA \/ Akcesoria \/ Torebki \/ Nerki i saszetki kolor: niebieski Opis: \u015aredniej wielko\u015bci nerka z kolekcji The\" \/>\n<meta property=\"og:url\" content=\"https:\/\/torebunia.pl\/sklep\/produkt\/the-north-face-nerka\/\" \/>\n<meta property=\"og:site_name\" content=\"Moje Blog\" \/>\n<meta property=\"article:modified_time\" content=\"2021-01-27T13:11:04+00:00\" \/>\n<meta property=\"og:image\" content=\"https:\/\/torebunia.pl\/sklep\/wp-content\/uploads\/2021\/01\/8569654c2fabf9f954e1bb2c0a1b3a4de3bdf1d6.jpg\" \/>\n\t<meta property=\"og:image:width\" content=\"855\" \/>\n\t<meta property=\"og:image:height\" content=\"1290\" \/>\n<meta name=\"twitter:card\" content=\"summary_large_image\" \/>\n<script type=\"application\/ld+json\" class=\"yoast-schema-graph\">{\"@context\":\"https:\/\/schema.org\",\"@graph\":[{\"@type\":\"WebSite\",\"@id\":\"https:\/\/torebunia.pl\/sklep\/#website\",\"url\":\"https:\/\/torebunia.pl\/sklep\/\",\"name\":\"Moje Blog\",\"description\":\"Kolejna witryna WordPress\",\"potentialAction\":[{\"@type\":\"SearchAction\",\"target\":\"https:\/\/torebunia.pl\/sklep\/?s={search_term_string}\",\"query-input\":\"required name=search_term_string\"}],\"inLanguage\":\"pl-PL\"},{\"@type\":\"ImageObject\",\"@id\":\"https:\/\/torebunia.pl\/sklep\/produkt\/the-north-face-nerka\/#primaryimage\",\"inLanguage\":\"pl-PL\",\"url\":\"https:\/\/torebunia.pl\/sklep\/wp-content\/uploads\/2021\/01\/8569654c2fabf9f954e1bb2c0a1b3a4de3bdf1d6.jpg\",\"width\":855,\"height\":1290,\"caption\":\"The North Face - Nerka\"},{\"@type\":\"WebPage\",\"@id\":\"https:\/\/torebunia.pl\/sklep\/produkt\/the-north-face-nerka\/#webpage\",\"url\":\"https:\/\/torebunia.pl\/sklep\/produkt\/the-north-face-nerka\/\",\"name\":\"The North Face - Nerka\",\"isPartOf\":{\"@id\":\"https:\/\/torebunia.pl\/sklep\/#website\"},\"primaryImageOfPage\":{\"@id\":\"https:\/\/torebunia.pl\/sklep\/produkt\/the-north-face-nerka\/#primaryimage\"},\"datePublished\":\"2020-06-19T11:43:54+00:00\",\"dateModified\":\"2021-01-27T13:11:04+00:00\",\"inLanguage\":\"pl-PL\",\"potentialAction\":[{\"@type\":\"ReadAction\",\"target\":[\"https:\/\/torebunia.pl\/sklep\/produkt\/the-north-face-nerka\/\"]}]}]}<\/script>\n<!-- \/ Yoast SEO plugin. -->","_links":{"self":[{"href":"https:\/\/torebunia.pl\/sklep\/wp-json\/wp\/v2\/product\/9903","targetHints":{"allow":["GET"]}}],"collection":[{"href":"https:\/\/torebunia.pl\/sklep\/wp-json\/wp\/v2\/product"}],"about":[{"href":"https:\/\/torebunia.pl\/sklep\/wp-json\/wp\/v2\/types\/product"}],"replies":[{"embeddable":true,"href":"https:\/\/torebunia.pl\/sklep\/wp-json\/wp\/v2\/comments?post=9903"}],"wp:featuredmedia":[{"embeddable":true,"href":"https:\/\/torebunia.pl\/sklep\/wp-json\/wp\/v2\/media\/9904"}],"wp:attachment":[{"href":"https:\/\/torebunia.pl\/sklep\/wp-json\/wp\/v2\/media?parent=9903"}],"curies":[{"name":"wp","href":"https:\/\/api.w.org\/{rel}","templated":true}]}}