{"id":9875,"date":"2020-07-10T15:24:40","date_gmt":"2020-07-10T15:24:40","guid":{"rendered":"https:\/\/torebunia.pl\/sklep\/produkt\/liu-jo-bluza-2\/"},"modified":"2021-01-27T12:59:27","modified_gmt":"2021-01-27T12:59:27","slug":"liu-jo-bluza-2","status":"publish","type":"product","link":"https:\/\/torebunia.pl\/sklep\/produkt\/liu-jo-bluza-2\/","title":{"rendered":"Liu Jo &#8211; Bluza"},"content":{"rendered":"<p>Parametry produktu:<\/p>\n<ul>\n<li>cena: <strong>699.9 PLN<\/strong><\/li>\n<li>marka: <strong>Liu Jo<\/strong><\/li>\n<li>p\u0142e\u0107: <strong>Female<\/strong><\/li>\n<li>kategoria: <strong>ONA \/ Odzie\u017c \/ Bluzy \/ Rozpinane<\/strong><\/li>\n<li>kolor: <strong>czarny<\/strong><\/li>\n<\/ul>\n<p>Opis:<br \/>\nBluza z kolekcji Liu Jo. Model zapinany na suwak wykonany z cienkiej, elastycznej dzianiny. Uwaga: oryginalna rozmiar\u00f3wka produkt\u00f3w tej marki jest rozmiar\u00f3wk\u0105 w\u0142osk\u0105. Informujemy, \u017ce rozmiary na metkach mog\u0105 r\u00f3\u017cni\u0107 si\u0119 od zamawianych ze wzgl\u0119du na zastosowany przelicznik. &#8211; Prosty fason. &#8211; Wsuwane kieszenie. &#8211; Zapi\u0119cie na suwak. &#8211; Koronkowe wstawki. &#8211; Wyko\u0144czenie ze \u015bci\u0105gacza. &#8211; D\u0142ugo\u015b\u0107 r\u0119kawa: 63 cm. &#8211; D\u0142ugo\u015b\u0107: 62 cm. &#8211; Szeroko\u015b\u0107 pod pachami: 44,5 cm. &#8211; Wymiary podane dla rozmiaru: S. Wz\u00f3r: aplikacja Kaptur: bez kaptura Sk\u0142ad: Materia\u0142 1: 40 % Bawe\u0142na, 60 % Wiskoza, Materia\u0142 2: 80 % Poliamid, 20 % Wiskoza, Materia\u0142 3: 90 % Bawe\u0142na, 3 % Elastan, 7 % Poliester ID produktu: 4901-BLD0LC Kod producenta: TA0049.F0809<\/p>\n","protected":false},"excerpt":{"rendered":"<p>Parametry produktu: cena: 699.9 PLN marka: Liu Jo p\u0142e\u0107: Female kategoria: ONA \/ Odzie\u017c \/ Bluzy \/ Rozpinane kolor: czarny Opis: Bluza z kolekcji Liu Jo. Model zapinany na suwak<\/p>\n","protected":false},"featured_media":9876,"comment_status":"closed","ping_status":"open","template":"","meta":[],"class_list":{"0":"post-9875","1":"product","2":"type-product","3":"status-publish","5":"hentry","6":"product_cat-bluzy","7":"product_cat-odziez","8":"product_cat-ona","9":"product_cat-rozpinane","10":"product_tag-liu-jo","11":"product_tag-liu-jo-bluza"},"yoast_head":"<!-- This site is optimized with the Yoast SEO plugin v15.6.2 - https:\/\/yoast.com\/wordpress\/plugins\/seo\/ -->\n<title>Liu Jo - Bluza<\/title>\n<meta name=\"robots\" content=\"index, follow, max-snippet:-1, max-image-preview:large, max-video-preview:-1\" \/>\n<link rel=\"canonical\" href=\"https:\/\/torebunia.pl\/sklep\/produkt\/liu-jo-bluza-2\/\" \/>\n<meta property=\"og:locale\" content=\"pl_PL\" \/>\n<meta property=\"og:type\" content=\"article\" \/>\n<meta property=\"og:title\" content=\"Liu Jo - Bluza\" \/>\n<meta property=\"og:description\" content=\"Parametry produktu: cena: 699.9 PLN marka: Liu Jo p\u0142e\u0107: Female kategoria: ONA \/ Odzie\u017c \/ Bluzy \/ Rozpinane kolor: czarny Opis: Bluza z kolekcji Liu Jo. Model zapinany na suwak\" \/>\n<meta property=\"og:url\" content=\"https:\/\/torebunia.pl\/sklep\/produkt\/liu-jo-bluza-2\/\" \/>\n<meta property=\"og:site_name\" content=\"Moje Blog\" \/>\n<meta property=\"article:modified_time\" content=\"2021-01-27T12:59:27+00:00\" \/>\n<meta property=\"og:image\" content=\"https:\/\/torebunia.pl\/sklep\/wp-content\/uploads\/2021\/01\/94b4b814a7ef14a4b707e76da18bf3bedcec3755.jpg\" \/>\n\t<meta property=\"og:image:width\" content=\"855\" \/>\n\t<meta property=\"og:image:height\" content=\"1290\" \/>\n<meta name=\"twitter:card\" content=\"summary_large_image\" \/>\n<meta name=\"twitter:label1\" content=\"Est. reading time\">\n\t<meta name=\"twitter:data1\" content=\"1 minuta\">\n<script type=\"application\/ld+json\" class=\"yoast-schema-graph\">{\"@context\":\"https:\/\/schema.org\",\"@graph\":[{\"@type\":\"WebSite\",\"@id\":\"https:\/\/torebunia.pl\/sklep\/#website\",\"url\":\"https:\/\/torebunia.pl\/sklep\/\",\"name\":\"Moje Blog\",\"description\":\"Kolejna witryna WordPress\",\"potentialAction\":[{\"@type\":\"SearchAction\",\"target\":\"https:\/\/torebunia.pl\/sklep\/?s={search_term_string}\",\"query-input\":\"required name=search_term_string\"}],\"inLanguage\":\"pl-PL\"},{\"@type\":\"ImageObject\",\"@id\":\"https:\/\/torebunia.pl\/sklep\/produkt\/liu-jo-bluza-2\/#primaryimage\",\"inLanguage\":\"pl-PL\",\"url\":\"https:\/\/torebunia.pl\/sklep\/wp-content\/uploads\/2021\/01\/94b4b814a7ef14a4b707e76da18bf3bedcec3755.jpg\",\"width\":855,\"height\":1290,\"caption\":\"Liu Jo - Bluza\"},{\"@type\":\"WebPage\",\"@id\":\"https:\/\/torebunia.pl\/sklep\/produkt\/liu-jo-bluza-2\/#webpage\",\"url\":\"https:\/\/torebunia.pl\/sklep\/produkt\/liu-jo-bluza-2\/\",\"name\":\"Liu Jo - Bluza\",\"isPartOf\":{\"@id\":\"https:\/\/torebunia.pl\/sklep\/#website\"},\"primaryImageOfPage\":{\"@id\":\"https:\/\/torebunia.pl\/sklep\/produkt\/liu-jo-bluza-2\/#primaryimage\"},\"datePublished\":\"2020-07-10T15:24:40+00:00\",\"dateModified\":\"2021-01-27T12:59:27+00:00\",\"inLanguage\":\"pl-PL\",\"potentialAction\":[{\"@type\":\"ReadAction\",\"target\":[\"https:\/\/torebunia.pl\/sklep\/produkt\/liu-jo-bluza-2\/\"]}]}]}<\/script>\n<!-- \/ Yoast SEO plugin. -->","_links":{"self":[{"href":"https:\/\/torebunia.pl\/sklep\/wp-json\/wp\/v2\/product\/9875","targetHints":{"allow":["GET"]}}],"collection":[{"href":"https:\/\/torebunia.pl\/sklep\/wp-json\/wp\/v2\/product"}],"about":[{"href":"https:\/\/torebunia.pl\/sklep\/wp-json\/wp\/v2\/types\/product"}],"replies":[{"embeddable":true,"href":"https:\/\/torebunia.pl\/sklep\/wp-json\/wp\/v2\/comments?post=9875"}],"wp:featuredmedia":[{"embeddable":true,"href":"https:\/\/torebunia.pl\/sklep\/wp-json\/wp\/v2\/media\/9876"}],"wp:attachment":[{"href":"https:\/\/torebunia.pl\/sklep\/wp-json\/wp\/v2\/media?parent=9875"}],"curies":[{"name":"wp","href":"https:\/\/api.w.org\/{rel}","templated":true}]}}