{"id":9851,"date":"2020-12-02T16:01:55","date_gmt":"2020-12-02T16:01:55","guid":{"rendered":"https:\/\/torebunia.pl\/sklep\/produkt\/miss-sixty-kardigan\/"},"modified":"2021-01-27T12:59:25","modified_gmt":"2021-01-27T12:59:25","slug":"miss-sixty-kardigan","status":"publish","type":"product","link":"https:\/\/torebunia.pl\/sklep\/produkt\/miss-sixty-kardigan\/","title":{"rendered":"Miss Sixty &#8211; Kardigan"},"content":{"rendered":"<p>Parametry produktu:<\/p>\n<ul>\n<li>cena: <strong>679.9 PLN<\/strong><\/li>\n<li>marka: <strong>Miss Sixty<\/strong><\/li>\n<li>p\u0142e\u0107: <strong>Female<\/strong><\/li>\n<li>kategoria: <strong>ONA \/ Odzie\u017c \/ Swetry \/ Rozpinane<\/strong><\/li>\n<li>kolor: <strong>blady niebieski<\/strong><\/li>\n<\/ul>\n<p>Opis:<br \/>\nDost\u0119pne rozmiary s\u0105 przeliczone z w\u0142oskiej rozmiar\u00f3wki producenta na standardow\u0105 rozmiar\u00f3wk\u0119 europejsk\u0105. Zamawiany rozmiar mo\u017ce r\u00f3\u017cni\u0107 si\u0119 od widocznego na metce (IT 38\/XXS = EU XS). Dla pewno\u015bci prosimy o zapoznanie si\u0119 z tabel\u0105 rozmiarow\u0105. Kardigan z kolekcji Miss Sixty. Model wykonany z we\u0142nianej dzianiny. Uwaga: oryginalna rozmiar\u00f3wka produkt\u00f3w tej marki jest rozmiar\u00f3wk\u0105 w\u0142osk\u0105. Informujemy, \u017ce rozmiary na metkach mog\u0105 r\u00f3\u017cni\u0107 si\u0119 od zamawianych ze wzgl\u0119du na zastosowany przelicznik. &#8211; Prosty fason. &#8211; Obni\u017cona linia ramion. &#8211; D\u0142ugi r\u0119kaw. &#8211; Zapi\u0119cie na guziki. &#8211; Szeroko\u015b\u0107 pod pachami: 50 cm. &#8211; D\u0142ugo\u015b\u0107 r\u0119kawa(mierzona od dekoltu): 68 cm. &#8211; D\u0142ugo\u015b\u0107: 55,5 cm. &#8211; Wymiary podane dla rozmiaru: S. Wz\u00f3r: g\u0142adkie Dekolt: zapinany Materia\u0142: we\u0142na Dzianina: \u015bredniej grubo\u015bci Sk\u0142ad: 31 % Moher, 41 % Poliamid, 28 % We\u0142na ID produktu: 4900-KUD0E4 Kod producenta: 603RJ3480000<\/p>\n","protected":false},"excerpt":{"rendered":"<p>Parametry produktu: cena: 679.9 PLN marka: Miss Sixty p\u0142e\u0107: Female kategoria: ONA \/ Odzie\u017c \/ Swetry \/ Rozpinane kolor: blady niebieski Opis: Dost\u0119pne rozmiary s\u0105 przeliczone z w\u0142oskiej rozmiar\u00f3wki producenta<\/p>\n","protected":false},"featured_media":9852,"comment_status":"closed","ping_status":"open","template":"","meta":[],"class_list":{"0":"post-9851","1":"product","2":"type-product","3":"status-publish","5":"hentry","6":"product_cat-odziez","7":"product_cat-ona","8":"product_cat-rozpinane","9":"product_cat-swetry","10":"product_tag-miss-sixty","11":"product_tag-miss-sixty-kardigan"},"yoast_head":"<!-- This site is optimized with the Yoast SEO plugin v15.6.2 - https:\/\/yoast.com\/wordpress\/plugins\/seo\/ -->\n<title>Miss Sixty - Kardigan<\/title>\n<meta name=\"robots\" content=\"index, follow, max-snippet:-1, max-image-preview:large, max-video-preview:-1\" \/>\n<link rel=\"canonical\" href=\"https:\/\/torebunia.pl\/sklep\/produkt\/miss-sixty-kardigan\/\" \/>\n<meta property=\"og:locale\" content=\"pl_PL\" \/>\n<meta property=\"og:type\" content=\"article\" \/>\n<meta property=\"og:title\" content=\"Miss Sixty - Kardigan\" \/>\n<meta property=\"og:description\" content=\"Parametry produktu: cena: 679.9 PLN marka: Miss Sixty p\u0142e\u0107: Female kategoria: ONA \/ Odzie\u017c \/ Swetry \/ Rozpinane kolor: blady niebieski Opis: Dost\u0119pne rozmiary s\u0105 przeliczone z w\u0142oskiej rozmiar\u00f3wki producenta\" \/>\n<meta property=\"og:url\" content=\"https:\/\/torebunia.pl\/sklep\/produkt\/miss-sixty-kardigan\/\" \/>\n<meta property=\"og:site_name\" content=\"Moje Blog\" \/>\n<meta property=\"article:modified_time\" content=\"2021-01-27T12:59:25+00:00\" \/>\n<meta property=\"og:image\" content=\"https:\/\/torebunia.pl\/sklep\/wp-content\/uploads\/2021\/01\/dd971ed314467c46328fb7a62f1e731e5a15d376.jpg\" \/>\n\t<meta property=\"og:image:width\" content=\"855\" \/>\n\t<meta property=\"og:image:height\" content=\"1290\" \/>\n<meta name=\"twitter:card\" content=\"summary_large_image\" \/>\n<meta name=\"twitter:label1\" content=\"Est. reading time\">\n\t<meta name=\"twitter:data1\" content=\"1 minuta\">\n<script type=\"application\/ld+json\" class=\"yoast-schema-graph\">{\"@context\":\"https:\/\/schema.org\",\"@graph\":[{\"@type\":\"WebSite\",\"@id\":\"https:\/\/torebunia.pl\/sklep\/#website\",\"url\":\"https:\/\/torebunia.pl\/sklep\/\",\"name\":\"Moje Blog\",\"description\":\"Kolejna witryna WordPress\",\"potentialAction\":[{\"@type\":\"SearchAction\",\"target\":\"https:\/\/torebunia.pl\/sklep\/?s={search_term_string}\",\"query-input\":\"required name=search_term_string\"}],\"inLanguage\":\"pl-PL\"},{\"@type\":\"ImageObject\",\"@id\":\"https:\/\/torebunia.pl\/sklep\/produkt\/miss-sixty-kardigan\/#primaryimage\",\"inLanguage\":\"pl-PL\",\"url\":\"https:\/\/torebunia.pl\/sklep\/wp-content\/uploads\/2021\/01\/dd971ed314467c46328fb7a62f1e731e5a15d376.jpg\",\"width\":855,\"height\":1290,\"caption\":\"Miss Sixty - Kardigan\"},{\"@type\":\"WebPage\",\"@id\":\"https:\/\/torebunia.pl\/sklep\/produkt\/miss-sixty-kardigan\/#webpage\",\"url\":\"https:\/\/torebunia.pl\/sklep\/produkt\/miss-sixty-kardigan\/\",\"name\":\"Miss Sixty - Kardigan\",\"isPartOf\":{\"@id\":\"https:\/\/torebunia.pl\/sklep\/#website\"},\"primaryImageOfPage\":{\"@id\":\"https:\/\/torebunia.pl\/sklep\/produkt\/miss-sixty-kardigan\/#primaryimage\"},\"datePublished\":\"2020-12-02T16:01:55+00:00\",\"dateModified\":\"2021-01-27T12:59:25+00:00\",\"inLanguage\":\"pl-PL\",\"potentialAction\":[{\"@type\":\"ReadAction\",\"target\":[\"https:\/\/torebunia.pl\/sklep\/produkt\/miss-sixty-kardigan\/\"]}]}]}<\/script>\n<!-- \/ Yoast SEO plugin. -->","_links":{"self":[{"href":"https:\/\/torebunia.pl\/sklep\/wp-json\/wp\/v2\/product\/9851","targetHints":{"allow":["GET"]}}],"collection":[{"href":"https:\/\/torebunia.pl\/sklep\/wp-json\/wp\/v2\/product"}],"about":[{"href":"https:\/\/torebunia.pl\/sklep\/wp-json\/wp\/v2\/types\/product"}],"replies":[{"embeddable":true,"href":"https:\/\/torebunia.pl\/sklep\/wp-json\/wp\/v2\/comments?post=9851"}],"wp:featuredmedia":[{"embeddable":true,"href":"https:\/\/torebunia.pl\/sklep\/wp-json\/wp\/v2\/media\/9852"}],"wp:attachment":[{"href":"https:\/\/torebunia.pl\/sklep\/wp-json\/wp\/v2\/media?parent=9851"}],"curies":[{"name":"wp","href":"https:\/\/api.w.org\/{rel}","templated":true}]}}