{"id":9847,"date":"2020-12-15T03:27:08","date_gmt":"2020-12-15T03:27:08","guid":{"rendered":"https:\/\/torebunia.pl\/sklep\/produkt\/eastpak-plecak\/"},"modified":"2021-01-27T13:01:40","modified_gmt":"2021-01-27T13:01:40","slug":"eastpak-plecak","status":"publish","type":"product","link":"https:\/\/torebunia.pl\/sklep\/produkt\/eastpak-plecak\/","title":{"rendered":"Eastpak &#8211; Plecak"},"content":{"rendered":"<p>Parametry produktu:<\/p>\n<ul>\n<li>cena: <strong>249.9 PLN<\/strong><\/li>\n<li>marka: <strong>Eastpak<\/strong><\/li>\n<li>p\u0142e\u0107: <strong>Female<\/strong><\/li>\n<li>kategoria: <strong>ONA \/ Akcesoria \/ Plecaki<\/strong><\/li>\n<li>kolor: <strong>czerwony<\/strong><\/li>\n<\/ul>\n<p>Opis:<br \/>\nPlecak z kolekcji Eastpak. Model wykonany z wzorzystego materia\u0142u. &#8211; Jednokomorowy model. &#8211; Kiesze\u0144 z przodu. &#8211; Zapi\u0119cie na dwustronny suwak. &#8211; Regulowana d\u0142ugo\u015b\u0107 pask\u00f3w. &#8211; Posiada przegrod\u0119 na laptopa lub tableta. &#8211; Usztywnione plecy i paski. &#8211; Mie\u015bci format A4. &#8211; Lekki model. &#8211; Ozdobne detale. &#8211; G\u0142\u0119boko\u015b\u0107: 15 cm. &#8211; Wysoko\u015b\u0107: 40 cm. &#8211; Szeroko\u015b\u0107 u podstawy: 30 cm. Wz\u00f3r: wzorzyste Wz\u00f3r: nadruk Materia\u0142: tekstylny Wielko\u015b\u0107: mie\u015bci A4 Rodzaj: na laptopa Sk\u0142ad: Podszewka: 100 % Poliester, Materia\u0142 zasadniczy: 100 % Poliester, ID produktu: 4910-PKD00W Kod producenta: EK62076Y<\/p>\n","protected":false},"excerpt":{"rendered":"<p>Parametry produktu: cena: 249.9 PLN marka: Eastpak p\u0142e\u0107: Female kategoria: ONA \/ Akcesoria \/ Plecaki kolor: czerwony Opis: Plecak z kolekcji Eastpak. Model wykonany z wzorzystego materia\u0142u. &#8211; Jednokomorowy model.<\/p>\n","protected":false},"featured_media":9848,"comment_status":"closed","ping_status":"open","template":"","meta":[],"class_list":{"0":"post-9847","1":"product","2":"type-product","3":"status-publish","5":"hentry","6":"product_cat-akcesoria","7":"product_cat-ona","8":"product_cat-plecaki","9":"product_tag-eastpak","10":"product_tag-eastpak-plecak"},"yoast_head":"<!-- This site is optimized with the Yoast SEO plugin v15.6.2 - https:\/\/yoast.com\/wordpress\/plugins\/seo\/ -->\n<title>Eastpak - Plecak<\/title>\n<meta name=\"robots\" content=\"index, follow, max-snippet:-1, max-image-preview:large, max-video-preview:-1\" \/>\n<link rel=\"canonical\" href=\"https:\/\/torebunia.pl\/sklep\/produkt\/eastpak-plecak\/\" \/>\n<meta property=\"og:locale\" content=\"pl_PL\" \/>\n<meta property=\"og:type\" content=\"article\" \/>\n<meta property=\"og:title\" content=\"Eastpak - Plecak\" \/>\n<meta property=\"og:description\" content=\"Parametry produktu: cena: 249.9 PLN marka: Eastpak p\u0142e\u0107: Female kategoria: ONA \/ Akcesoria \/ Plecaki kolor: czerwony Opis: Plecak z kolekcji Eastpak. Model wykonany z wzorzystego materia\u0142u. &#8211; Jednokomorowy model.\" \/>\n<meta property=\"og:url\" content=\"https:\/\/torebunia.pl\/sklep\/produkt\/eastpak-plecak\/\" \/>\n<meta property=\"og:site_name\" content=\"Moje Blog\" \/>\n<meta property=\"article:modified_time\" content=\"2021-01-27T13:01:40+00:00\" \/>\n<meta property=\"og:image\" content=\"https:\/\/torebunia.pl\/sklep\/wp-content\/uploads\/2021\/01\/968b0d42b859b25f70500ef2a3a6b42c59f4e995.jpg\" \/>\n\t<meta property=\"og:image:width\" content=\"855\" \/>\n\t<meta property=\"og:image:height\" content=\"1290\" \/>\n<meta name=\"twitter:card\" content=\"summary_large_image\" \/>\n<meta name=\"twitter:label1\" content=\"Est. reading time\">\n\t<meta name=\"twitter:data1\" content=\"1 minuta\">\n<script type=\"application\/ld+json\" class=\"yoast-schema-graph\">{\"@context\":\"https:\/\/schema.org\",\"@graph\":[{\"@type\":\"WebSite\",\"@id\":\"https:\/\/torebunia.pl\/sklep\/#website\",\"url\":\"https:\/\/torebunia.pl\/sklep\/\",\"name\":\"Moje Blog\",\"description\":\"Kolejna witryna WordPress\",\"potentialAction\":[{\"@type\":\"SearchAction\",\"target\":\"https:\/\/torebunia.pl\/sklep\/?s={search_term_string}\",\"query-input\":\"required name=search_term_string\"}],\"inLanguage\":\"pl-PL\"},{\"@type\":\"ImageObject\",\"@id\":\"https:\/\/torebunia.pl\/sklep\/produkt\/eastpak-plecak\/#primaryimage\",\"inLanguage\":\"pl-PL\",\"url\":\"https:\/\/torebunia.pl\/sklep\/wp-content\/uploads\/2021\/01\/968b0d42b859b25f70500ef2a3a6b42c59f4e995.jpg\",\"width\":855,\"height\":1290,\"caption\":\"Eastpak - Plecak\"},{\"@type\":\"WebPage\",\"@id\":\"https:\/\/torebunia.pl\/sklep\/produkt\/eastpak-plecak\/#webpage\",\"url\":\"https:\/\/torebunia.pl\/sklep\/produkt\/eastpak-plecak\/\",\"name\":\"Eastpak - Plecak\",\"isPartOf\":{\"@id\":\"https:\/\/torebunia.pl\/sklep\/#website\"},\"primaryImageOfPage\":{\"@id\":\"https:\/\/torebunia.pl\/sklep\/produkt\/eastpak-plecak\/#primaryimage\"},\"datePublished\":\"2020-12-15T03:27:08+00:00\",\"dateModified\":\"2021-01-27T13:01:40+00:00\",\"inLanguage\":\"pl-PL\",\"potentialAction\":[{\"@type\":\"ReadAction\",\"target\":[\"https:\/\/torebunia.pl\/sklep\/produkt\/eastpak-plecak\/\"]}]}]}<\/script>\n<!-- \/ Yoast SEO plugin. -->","_links":{"self":[{"href":"https:\/\/torebunia.pl\/sklep\/wp-json\/wp\/v2\/product\/9847","targetHints":{"allow":["GET"]}}],"collection":[{"href":"https:\/\/torebunia.pl\/sklep\/wp-json\/wp\/v2\/product"}],"about":[{"href":"https:\/\/torebunia.pl\/sklep\/wp-json\/wp\/v2\/types\/product"}],"replies":[{"embeddable":true,"href":"https:\/\/torebunia.pl\/sklep\/wp-json\/wp\/v2\/comments?post=9847"}],"wp:featuredmedia":[{"embeddable":true,"href":"https:\/\/torebunia.pl\/sklep\/wp-json\/wp\/v2\/media\/9848"}],"wp:attachment":[{"href":"https:\/\/torebunia.pl\/sklep\/wp-json\/wp\/v2\/media?parent=9847"}],"curies":[{"name":"wp","href":"https:\/\/api.w.org\/{rel}","templated":true}]}}