{"id":9641,"date":"2021-01-03T00:25:12","date_gmt":"2021-01-03T00:25:12","guid":{"rendered":"https:\/\/torebunia.pl\/sklep\/produkt\/noisy-may-jeansy-lisa\/"},"modified":"2021-01-27T12:54:23","modified_gmt":"2021-01-27T12:54:23","slug":"noisy-may-jeansy-lisa","status":"publish","type":"product","link":"https:\/\/torebunia.pl\/sklep\/produkt\/noisy-may-jeansy-lisa\/","title":{"rendered":"Noisy May &#8211; Jeansy Lisa"},"content":{"rendered":"<p>Parametry produktu:<\/p>\n<ul>\n<li>cena: <strong>259.9 PLN<\/strong><\/li>\n<li>marka: <strong>Noisy may<\/strong><\/li>\n<li>p\u0142e\u0107: <strong>Female<\/strong><\/li>\n<li>kategoria: <strong>ONA \/ Odzie\u017c \/ Jeansy<\/strong><\/li>\n<li>kolor: <strong>jasny niebieski<\/strong><\/li>\n<\/ul>\n<p>Opis:<br \/>\nJeansy z kolekcji Noisy May w fasonie straight z podwy\u017cszon\u0105 tali\u0105. Model wykonany ze spranego denimu. &#8211; Prosty fason. &#8211; Wsuwane kieszenie. &#8211; Podwy\u017cszony stan. &#8211; Zapi\u0119cie na guzik i suwak. &#8211; Szeroko\u015b\u0107 w pasie: 37 cm. &#8211; Szeroko\u015b\u0107 w biodrach: 50 cm. &#8211; Wysoko\u015b\u0107 stanu: 29 cm. &#8211; Szeroko\u015b\u0107 nogawki na dole: 19 cm. &#8211; Szeroko\u015b\u0107 nogawki: 26 cm. &#8211; D\u0142ugo\u015b\u0107 nogawki: 99 cm. &#8211; Wymiary podane dla rozmiaru: 27\/32. Sk\u0142ad: 100 % Bawe\u0142na ID produktu: 4901-SJD0DF Kod producenta: 27011483<\/p>\n","protected":false},"excerpt":{"rendered":"<p>Parametry produktu: cena: 259.9 PLN marka: Noisy may p\u0142e\u0107: Female kategoria: ONA \/ Odzie\u017c \/ Jeansy kolor: jasny niebieski Opis: Jeansy z kolekcji Noisy May w fasonie straight z podwy\u017cszon\u0105<\/p>\n","protected":false},"featured_media":9642,"comment_status":"closed","ping_status":"open","template":"","meta":[],"class_list":{"0":"post-9641","1":"product","2":"type-product","3":"status-publish","5":"hentry","6":"product_cat-jeansy","7":"product_cat-odziez","8":"product_cat-ona","9":"product_tag-noisy-may","10":"product_tag-noisy-may-jeansy-lisa"},"yoast_head":"<!-- This site is optimized with the Yoast SEO plugin v15.6.2 - https:\/\/yoast.com\/wordpress\/plugins\/seo\/ -->\n<title>Noisy May - Jeansy Lisa<\/title>\n<meta name=\"robots\" content=\"index, follow, max-snippet:-1, max-image-preview:large, max-video-preview:-1\" \/>\n<link rel=\"canonical\" href=\"https:\/\/torebunia.pl\/sklep\/produkt\/noisy-may-jeansy-lisa\/\" \/>\n<meta property=\"og:locale\" content=\"pl_PL\" \/>\n<meta property=\"og:type\" content=\"article\" \/>\n<meta property=\"og:title\" content=\"Noisy May - Jeansy Lisa\" \/>\n<meta property=\"og:description\" content=\"Parametry produktu: cena: 259.9 PLN marka: Noisy may p\u0142e\u0107: Female kategoria: ONA \/ Odzie\u017c \/ Jeansy kolor: jasny niebieski Opis: Jeansy z kolekcji Noisy May w fasonie straight z podwy\u017cszon\u0105\" \/>\n<meta property=\"og:url\" content=\"https:\/\/torebunia.pl\/sklep\/produkt\/noisy-may-jeansy-lisa\/\" \/>\n<meta property=\"og:site_name\" content=\"Moje Blog\" \/>\n<meta property=\"article:modified_time\" content=\"2021-01-27T12:54:23+00:00\" \/>\n<meta property=\"og:image\" content=\"https:\/\/torebunia.pl\/sklep\/wp-content\/uploads\/2021\/01\/ef85c05cc0520595c4801864def252bf40ff4348.jpg\" \/>\n\t<meta property=\"og:image:width\" content=\"855\" \/>\n\t<meta property=\"og:image:height\" content=\"1290\" \/>\n<meta name=\"twitter:card\" content=\"summary_large_image\" \/>\n<script type=\"application\/ld+json\" class=\"yoast-schema-graph\">{\"@context\":\"https:\/\/schema.org\",\"@graph\":[{\"@type\":\"WebSite\",\"@id\":\"https:\/\/torebunia.pl\/sklep\/#website\",\"url\":\"https:\/\/torebunia.pl\/sklep\/\",\"name\":\"Moje Blog\",\"description\":\"Kolejna witryna WordPress\",\"potentialAction\":[{\"@type\":\"SearchAction\",\"target\":\"https:\/\/torebunia.pl\/sklep\/?s={search_term_string}\",\"query-input\":\"required name=search_term_string\"}],\"inLanguage\":\"pl-PL\"},{\"@type\":\"ImageObject\",\"@id\":\"https:\/\/torebunia.pl\/sklep\/produkt\/noisy-may-jeansy-lisa\/#primaryimage\",\"inLanguage\":\"pl-PL\",\"url\":\"https:\/\/torebunia.pl\/sklep\/wp-content\/uploads\/2021\/01\/ef85c05cc0520595c4801864def252bf40ff4348.jpg\",\"width\":855,\"height\":1290,\"caption\":\"Noisy May - Jeansy Lisa\"},{\"@type\":\"WebPage\",\"@id\":\"https:\/\/torebunia.pl\/sklep\/produkt\/noisy-may-jeansy-lisa\/#webpage\",\"url\":\"https:\/\/torebunia.pl\/sklep\/produkt\/noisy-may-jeansy-lisa\/\",\"name\":\"Noisy May - Jeansy Lisa\",\"isPartOf\":{\"@id\":\"https:\/\/torebunia.pl\/sklep\/#website\"},\"primaryImageOfPage\":{\"@id\":\"https:\/\/torebunia.pl\/sklep\/produkt\/noisy-may-jeansy-lisa\/#primaryimage\"},\"datePublished\":\"2021-01-03T00:25:12+00:00\",\"dateModified\":\"2021-01-27T12:54:23+00:00\",\"inLanguage\":\"pl-PL\",\"potentialAction\":[{\"@type\":\"ReadAction\",\"target\":[\"https:\/\/torebunia.pl\/sklep\/produkt\/noisy-may-jeansy-lisa\/\"]}]}]}<\/script>\n<!-- \/ Yoast SEO plugin. -->","_links":{"self":[{"href":"https:\/\/torebunia.pl\/sklep\/wp-json\/wp\/v2\/product\/9641","targetHints":{"allow":["GET"]}}],"collection":[{"href":"https:\/\/torebunia.pl\/sklep\/wp-json\/wp\/v2\/product"}],"about":[{"href":"https:\/\/torebunia.pl\/sklep\/wp-json\/wp\/v2\/types\/product"}],"replies":[{"embeddable":true,"href":"https:\/\/torebunia.pl\/sklep\/wp-json\/wp\/v2\/comments?post=9641"}],"wp:featuredmedia":[{"embeddable":true,"href":"https:\/\/torebunia.pl\/sklep\/wp-json\/wp\/v2\/media\/9642"}],"wp:attachment":[{"href":"https:\/\/torebunia.pl\/sklep\/wp-json\/wp\/v2\/media?parent=9641"}],"curies":[{"name":"wp","href":"https:\/\/api.w.org\/{rel}","templated":true}]}}