{"id":9617,"date":"2020-05-10T11:08:35","date_gmt":"2020-05-10T11:08:35","guid":{"rendered":"https:\/\/torebunia.pl\/sklep\/produkt\/noisy-may-koszula-2\/"},"modified":"2021-01-27T12:57:22","modified_gmt":"2021-01-27T12:57:22","slug":"noisy-may-koszula-2","status":"publish","type":"product","link":"https:\/\/torebunia.pl\/sklep\/produkt\/noisy-may-koszula-2\/","title":{"rendered":"Noisy May &#8211; Koszula"},"content":{"rendered":"<p>Parametry produktu:<\/p>\n<ul>\n<li>cena: <strong>149.9 PLN<\/strong><\/li>\n<li>marka: <strong>Noisy may<\/strong><\/li>\n<li>p\u0142e\u0107: <strong>Female<\/strong><\/li>\n<li>kategoria: <strong>ONA \/ Odzie\u017c \/ Bluzki i koszule \/ Koszule<\/strong><\/li>\n<li>kolor: <strong>czarny<\/strong><\/li>\n<\/ul>\n<p>Opis:<br \/>\nKoszula z kolekcji Noisy May. Model wykonany z g\u0142adkiej tkaniny. &#8211; Ozdobne wi\u0105zanie. &#8211; Wzorzysta tkanina. &#8211; D\u0142ugo\u015b\u0107: 62 cm. &#8211; Wymiary podane dla rozmiaru: S. Wz\u00f3r: g\u0142adkie Fason: regular R\u0119kaw: d\u0142ugi Materia\u0142: wiskoza Ko\u0142nierzyk: klasyczny Okazje: casual Sk\u0142ad: 100 % Wiskoza ID produktu: 4901-KDD06R Kod producenta: 27011944<\/p>\n","protected":false},"excerpt":{"rendered":"<p>Parametry produktu: cena: 149.9 PLN marka: Noisy may p\u0142e\u0107: Female kategoria: ONA \/ Odzie\u017c \/ Bluzki i koszule \/ Koszule kolor: czarny Opis: Koszula z kolekcji Noisy May. Model wykonany<\/p>\n","protected":false},"featured_media":9618,"comment_status":"closed","ping_status":"open","template":"","meta":[],"class_list":{"0":"post-9617","1":"product","2":"type-product","3":"status-publish","5":"hentry","6":"product_cat-bluzki-i-koszule","7":"product_cat-koszule","8":"product_cat-odziez","9":"product_cat-ona","10":"product_tag-noisy-may","11":"product_tag-noisy-may-koszula"},"yoast_head":"<!-- This site is optimized with the Yoast SEO plugin v15.6.2 - https:\/\/yoast.com\/wordpress\/plugins\/seo\/ -->\n<title>Noisy May - Koszula<\/title>\n<meta name=\"robots\" content=\"index, follow, max-snippet:-1, max-image-preview:large, max-video-preview:-1\" \/>\n<link rel=\"canonical\" href=\"https:\/\/torebunia.pl\/sklep\/produkt\/noisy-may-koszula-2\/\" \/>\n<meta property=\"og:locale\" content=\"pl_PL\" \/>\n<meta property=\"og:type\" content=\"article\" \/>\n<meta property=\"og:title\" content=\"Noisy May - Koszula\" \/>\n<meta property=\"og:description\" content=\"Parametry produktu: cena: 149.9 PLN marka: Noisy may p\u0142e\u0107: Female kategoria: ONA \/ Odzie\u017c \/ Bluzki i koszule \/ Koszule kolor: czarny Opis: Koszula z kolekcji Noisy May. Model wykonany\" \/>\n<meta property=\"og:url\" content=\"https:\/\/torebunia.pl\/sklep\/produkt\/noisy-may-koszula-2\/\" \/>\n<meta property=\"og:site_name\" content=\"Moje Blog\" \/>\n<meta property=\"article:modified_time\" content=\"2021-01-27T12:57:22+00:00\" \/>\n<meta property=\"og:image\" content=\"https:\/\/torebunia.pl\/sklep\/wp-content\/uploads\/2021\/01\/11a1dc4f0b740c86888bbc6988ac37c057fc225a.jpg\" \/>\n\t<meta property=\"og:image:width\" content=\"855\" \/>\n\t<meta property=\"og:image:height\" content=\"1290\" \/>\n<meta name=\"twitter:card\" content=\"summary_large_image\" \/>\n<script type=\"application\/ld+json\" class=\"yoast-schema-graph\">{\"@context\":\"https:\/\/schema.org\",\"@graph\":[{\"@type\":\"WebSite\",\"@id\":\"https:\/\/torebunia.pl\/sklep\/#website\",\"url\":\"https:\/\/torebunia.pl\/sklep\/\",\"name\":\"Moje Blog\",\"description\":\"Kolejna witryna WordPress\",\"potentialAction\":[{\"@type\":\"SearchAction\",\"target\":\"https:\/\/torebunia.pl\/sklep\/?s={search_term_string}\",\"query-input\":\"required name=search_term_string\"}],\"inLanguage\":\"pl-PL\"},{\"@type\":\"ImageObject\",\"@id\":\"https:\/\/torebunia.pl\/sklep\/produkt\/noisy-may-koszula-2\/#primaryimage\",\"inLanguage\":\"pl-PL\",\"url\":\"https:\/\/torebunia.pl\/sklep\/wp-content\/uploads\/2021\/01\/11a1dc4f0b740c86888bbc6988ac37c057fc225a.jpg\",\"width\":855,\"height\":1290,\"caption\":\"Noisy May - Koszula\"},{\"@type\":\"WebPage\",\"@id\":\"https:\/\/torebunia.pl\/sklep\/produkt\/noisy-may-koszula-2\/#webpage\",\"url\":\"https:\/\/torebunia.pl\/sklep\/produkt\/noisy-may-koszula-2\/\",\"name\":\"Noisy May - Koszula\",\"isPartOf\":{\"@id\":\"https:\/\/torebunia.pl\/sklep\/#website\"},\"primaryImageOfPage\":{\"@id\":\"https:\/\/torebunia.pl\/sklep\/produkt\/noisy-may-koszula-2\/#primaryimage\"},\"datePublished\":\"2020-05-10T11:08:35+00:00\",\"dateModified\":\"2021-01-27T12:57:22+00:00\",\"inLanguage\":\"pl-PL\",\"potentialAction\":[{\"@type\":\"ReadAction\",\"target\":[\"https:\/\/torebunia.pl\/sklep\/produkt\/noisy-may-koszula-2\/\"]}]}]}<\/script>\n<!-- \/ Yoast SEO plugin. -->","_links":{"self":[{"href":"https:\/\/torebunia.pl\/sklep\/wp-json\/wp\/v2\/product\/9617","targetHints":{"allow":["GET"]}}],"collection":[{"href":"https:\/\/torebunia.pl\/sklep\/wp-json\/wp\/v2\/product"}],"about":[{"href":"https:\/\/torebunia.pl\/sklep\/wp-json\/wp\/v2\/types\/product"}],"replies":[{"embeddable":true,"href":"https:\/\/torebunia.pl\/sklep\/wp-json\/wp\/v2\/comments?post=9617"}],"wp:featuredmedia":[{"embeddable":true,"href":"https:\/\/torebunia.pl\/sklep\/wp-json\/wp\/v2\/media\/9618"}],"wp:attachment":[{"href":"https:\/\/torebunia.pl\/sklep\/wp-json\/wp\/v2\/media?parent=9617"}],"curies":[{"name":"wp","href":"https:\/\/api.w.org\/{rel}","templated":true}]}}