{"id":9575,"date":"2020-08-15T15:02:06","date_gmt":"2020-08-15T15:02:06","guid":{"rendered":"https:\/\/torebunia.pl\/sklep\/produkt\/mango-kardigan-merlo-2\/"},"modified":"2021-01-27T12:56:33","modified_gmt":"2021-01-27T12:56:33","slug":"mango-kardigan-merlo-2","status":"publish","type":"product","link":"https:\/\/torebunia.pl\/sklep\/produkt\/mango-kardigan-merlo-2\/","title":{"rendered":"Mango &#8211; Kardigan Merlo"},"content":{"rendered":"<p>Parametry produktu:<\/p>\n<ul>\n<li>cena: <strong>139.99 PLN<\/strong><\/li>\n<li>marka: <strong>Mango<\/strong><\/li>\n<li>p\u0142e\u0107: <strong>Female<\/strong><\/li>\n<li>kategoria: <strong>ONA \/ Odzie\u017c \/ Swetry \/ Rozpinane<\/strong><\/li>\n<li>kolor: <strong>zielony<\/strong><\/li>\n<\/ul>\n<p>Opis:<br \/>\nKardigan z kolekcji Mango. Model wykonany z grubej dzianiny. &#8211; Ten produkt zosta\u0142 cz\u0119\u015bciowo uszyty z poliestru pochodz\u0105cego z recyklingu. &#8211; Prosty fason. &#8211; D\u0142ugi r\u0119kaw. &#8211; Zapi\u0119cie na guziki. &#8211; Gruba, elastyczna dzianina. Wz\u00f3r: g\u0142adkie Dekolt: zapinany Dzianina: gruba Sk\u0142ad: 65 % Akryl, 35 % Poliester z recyklingu ID produktu: -100-SWD02G Kod producenta: 77055919<\/p>\n","protected":false},"excerpt":{"rendered":"<p>Parametry produktu: cena: 139.99 PLN marka: Mango p\u0142e\u0107: Female kategoria: ONA \/ Odzie\u017c \/ Swetry \/ Rozpinane kolor: zielony Opis: Kardigan z kolekcji Mango. Model wykonany z grubej dzianiny. &#8211;<\/p>\n","protected":false},"featured_media":9576,"comment_status":"closed","ping_status":"open","template":"","meta":[],"class_list":{"0":"post-9575","1":"product","2":"type-product","3":"status-publish","5":"hentry","6":"product_cat-odziez","7":"product_cat-ona","8":"product_cat-rozpinane","9":"product_cat-swetry","10":"product_tag-mango","11":"product_tag-mango-kardigan-merlo"},"yoast_head":"<!-- This site is optimized with the Yoast SEO plugin v15.6.2 - https:\/\/yoast.com\/wordpress\/plugins\/seo\/ -->\n<title>Mango - Kardigan Merlo<\/title>\n<meta name=\"robots\" content=\"index, follow, max-snippet:-1, max-image-preview:large, max-video-preview:-1\" \/>\n<link rel=\"canonical\" href=\"https:\/\/torebunia.pl\/sklep\/produkt\/mango-kardigan-merlo-2\/\" \/>\n<meta property=\"og:locale\" content=\"pl_PL\" \/>\n<meta property=\"og:type\" content=\"article\" \/>\n<meta property=\"og:title\" content=\"Mango - Kardigan Merlo\" \/>\n<meta property=\"og:description\" content=\"Parametry produktu: cena: 139.99 PLN marka: Mango p\u0142e\u0107: Female kategoria: ONA \/ Odzie\u017c \/ Swetry \/ Rozpinane kolor: zielony Opis: Kardigan z kolekcji Mango. Model wykonany z grubej dzianiny. &#8211;\" \/>\n<meta property=\"og:url\" content=\"https:\/\/torebunia.pl\/sklep\/produkt\/mango-kardigan-merlo-2\/\" \/>\n<meta property=\"og:site_name\" content=\"Moje Blog\" \/>\n<meta property=\"article:modified_time\" content=\"2021-01-27T12:56:33+00:00\" \/>\n<meta property=\"og:image\" content=\"https:\/\/torebunia.pl\/sklep\/wp-content\/uploads\/2021\/01\/ce67f22adaac9aaf35fb790de0fd82f48ab695bc.jpg\" \/>\n\t<meta property=\"og:image:width\" content=\"855\" \/>\n\t<meta property=\"og:image:height\" content=\"1290\" \/>\n<meta name=\"twitter:card\" content=\"summary_large_image\" \/>\n<script type=\"application\/ld+json\" class=\"yoast-schema-graph\">{\"@context\":\"https:\/\/schema.org\",\"@graph\":[{\"@type\":\"WebSite\",\"@id\":\"https:\/\/torebunia.pl\/sklep\/#website\",\"url\":\"https:\/\/torebunia.pl\/sklep\/\",\"name\":\"Moje Blog\",\"description\":\"Kolejna witryna WordPress\",\"potentialAction\":[{\"@type\":\"SearchAction\",\"target\":\"https:\/\/torebunia.pl\/sklep\/?s={search_term_string}\",\"query-input\":\"required name=search_term_string\"}],\"inLanguage\":\"pl-PL\"},{\"@type\":\"ImageObject\",\"@id\":\"https:\/\/torebunia.pl\/sklep\/produkt\/mango-kardigan-merlo-2\/#primaryimage\",\"inLanguage\":\"pl-PL\",\"url\":\"https:\/\/torebunia.pl\/sklep\/wp-content\/uploads\/2021\/01\/ce67f22adaac9aaf35fb790de0fd82f48ab695bc.jpg\",\"width\":855,\"height\":1290,\"caption\":\"Mango - Kardigan Merlo\"},{\"@type\":\"WebPage\",\"@id\":\"https:\/\/torebunia.pl\/sklep\/produkt\/mango-kardigan-merlo-2\/#webpage\",\"url\":\"https:\/\/torebunia.pl\/sklep\/produkt\/mango-kardigan-merlo-2\/\",\"name\":\"Mango - Kardigan Merlo\",\"isPartOf\":{\"@id\":\"https:\/\/torebunia.pl\/sklep\/#website\"},\"primaryImageOfPage\":{\"@id\":\"https:\/\/torebunia.pl\/sklep\/produkt\/mango-kardigan-merlo-2\/#primaryimage\"},\"datePublished\":\"2020-08-15T15:02:06+00:00\",\"dateModified\":\"2021-01-27T12:56:33+00:00\",\"inLanguage\":\"pl-PL\",\"potentialAction\":[{\"@type\":\"ReadAction\",\"target\":[\"https:\/\/torebunia.pl\/sklep\/produkt\/mango-kardigan-merlo-2\/\"]}]}]}<\/script>\n<!-- \/ Yoast SEO plugin. -->","_links":{"self":[{"href":"https:\/\/torebunia.pl\/sklep\/wp-json\/wp\/v2\/product\/9575","targetHints":{"allow":["GET"]}}],"collection":[{"href":"https:\/\/torebunia.pl\/sklep\/wp-json\/wp\/v2\/product"}],"about":[{"href":"https:\/\/torebunia.pl\/sklep\/wp-json\/wp\/v2\/types\/product"}],"replies":[{"embeddable":true,"href":"https:\/\/torebunia.pl\/sklep\/wp-json\/wp\/v2\/comments?post=9575"}],"wp:featuredmedia":[{"embeddable":true,"href":"https:\/\/torebunia.pl\/sklep\/wp-json\/wp\/v2\/media\/9576"}],"wp:attachment":[{"href":"https:\/\/torebunia.pl\/sklep\/wp-json\/wp\/v2\/media?parent=9575"}],"curies":[{"name":"wp","href":"https:\/\/api.w.org\/{rel}","templated":true}]}}