{"id":9553,"date":"2020-05-11T14:47:43","date_gmt":"2020-05-11T14:47:43","guid":{"rendered":"https:\/\/torebunia.pl\/sklep\/produkt\/dr-martens-kozaki-skorzane-11820008\/"},"modified":"2021-01-27T12:53:25","modified_gmt":"2021-01-27T12:53:25","slug":"dr-martens-kozaki-skorzane-11820008","status":"publish","type":"product","link":"https:\/\/torebunia.pl\/sklep\/produkt\/dr-martens-kozaki-skorzane-11820008\/","title":{"rendered":"Dr. Martens &#8211; Kozaki sk\u00f3rzane 11820008"},"content":{"rendered":"<p>Parametry produktu:<\/p>\n<ul>\n<li>cena: <strong>939.9 PLN<\/strong><\/li>\n<li>marka: <strong>Dr. Martens<\/strong><\/li>\n<li>p\u0142e\u0107: <strong>Female<\/strong><\/li>\n<li>kategoria: <strong>ONA \/ Obuwie \/ Kozaki i botki \/ Kozaki<\/strong><\/li>\n<li>kolor: <strong>czarny<\/strong><\/li>\n<\/ul>\n<p>Opis:<br \/>\nKozaki z kolekcji Dr. Martens. Model wykonany ze sk\u00f3ry naturalnej. &#8211; Zapi\u0119cie na suwak. &#8211; Gumowa podeszwa. &#8211; Okr\u0105g\u0142y, usztywniony nosek. &#8211; Sk\u00f3rzana wk\u0142adka. &#8211; Obw\u00f3d cholewki: 32 cm. &#8211; Wysoko\u015b\u0107 cholewki: 25 cm. &#8211; D\u0142ugo\u015b\u0107 wk\u0142adki wynosi: 23,5 cm. &#8211; Wymiary podane dla rozmiaru: 37. Obcas: p\u0142aski Ocieplenie: nieocieplane Materia\u0142: sk\u00f3ra licowa Zapi\u0119cie: sznurowanie Zapi\u0119cie: na zamek Wysoko\u015b\u0107 obcasa: bez obcasa Sk\u0142ad: Cholewka: Sk\u00f3ra naturalna, Wn\u0119trze: Materia\u0142 tekstylny, Sk\u00f3ra naturalna, Podeszwa: Materia\u0142 syntetyczny ID produktu: 4900-OBD2TD Kod producenta: 11820008<\/p>\n","protected":false},"excerpt":{"rendered":"<p>Parametry produktu: cena: 939.9 PLN marka: Dr. Martens p\u0142e\u0107: Female kategoria: ONA \/ Obuwie \/ Kozaki i botki \/ Kozaki kolor: czarny Opis: Kozaki z kolekcji Dr. Martens. Model wykonany<\/p>\n","protected":false},"featured_media":9554,"comment_status":"closed","ping_status":"open","template":"","meta":[],"class_list":{"0":"post-9553","1":"product","2":"type-product","3":"status-publish","5":"hentry","6":"product_cat-kozaki","7":"product_cat-kozaki-i-botki","8":"product_cat-obuwie","9":"product_cat-ona","10":"product_tag-dr-martens","11":"product_tag-dr-martens-kozaki-skorzane-11820008"},"yoast_head":"<!-- This site is optimized with the Yoast SEO plugin v15.6.2 - https:\/\/yoast.com\/wordpress\/plugins\/seo\/ -->\n<title>Dr. Martens - Kozaki sk\u00f3rzane 11820008<\/title>\n<meta name=\"robots\" content=\"index, follow, max-snippet:-1, max-image-preview:large, max-video-preview:-1\" \/>\n<link rel=\"canonical\" href=\"https:\/\/torebunia.pl\/sklep\/produkt\/dr-martens-kozaki-skorzane-11820008\/\" \/>\n<meta property=\"og:locale\" content=\"pl_PL\" \/>\n<meta property=\"og:type\" content=\"article\" \/>\n<meta property=\"og:title\" content=\"Dr. Martens - Kozaki sk\u00f3rzane 11820008\" \/>\n<meta property=\"og:description\" content=\"Parametry produktu: cena: 939.9 PLN marka: Dr. Martens p\u0142e\u0107: Female kategoria: ONA \/ Obuwie \/ Kozaki i botki \/ Kozaki kolor: czarny Opis: Kozaki z kolekcji Dr. Martens. Model wykonany\" \/>\n<meta property=\"og:url\" content=\"https:\/\/torebunia.pl\/sklep\/produkt\/dr-martens-kozaki-skorzane-11820008\/\" \/>\n<meta property=\"og:site_name\" content=\"Moje Blog\" \/>\n<meta property=\"article:modified_time\" content=\"2021-01-27T12:53:25+00:00\" \/>\n<meta property=\"og:image\" content=\"https:\/\/torebunia.pl\/sklep\/wp-content\/uploads\/2021\/01\/28e16690ff0dbe3503554fe4ff0240228ceb4de6.jpg\" \/>\n\t<meta property=\"og:image:width\" content=\"855\" \/>\n\t<meta property=\"og:image:height\" content=\"1290\" \/>\n<meta name=\"twitter:card\" content=\"summary_large_image\" \/>\n<meta name=\"twitter:label1\" content=\"Est. reading time\">\n\t<meta name=\"twitter:data1\" content=\"1 minuta\">\n<script type=\"application\/ld+json\" class=\"yoast-schema-graph\">{\"@context\":\"https:\/\/schema.org\",\"@graph\":[{\"@type\":\"WebSite\",\"@id\":\"https:\/\/torebunia.pl\/sklep\/#website\",\"url\":\"https:\/\/torebunia.pl\/sklep\/\",\"name\":\"Moje Blog\",\"description\":\"Kolejna witryna WordPress\",\"potentialAction\":[{\"@type\":\"SearchAction\",\"target\":\"https:\/\/torebunia.pl\/sklep\/?s={search_term_string}\",\"query-input\":\"required name=search_term_string\"}],\"inLanguage\":\"pl-PL\"},{\"@type\":\"ImageObject\",\"@id\":\"https:\/\/torebunia.pl\/sklep\/produkt\/dr-martens-kozaki-skorzane-11820008\/#primaryimage\",\"inLanguage\":\"pl-PL\",\"url\":\"https:\/\/torebunia.pl\/sklep\/wp-content\/uploads\/2021\/01\/28e16690ff0dbe3503554fe4ff0240228ceb4de6.jpg\",\"width\":855,\"height\":1290,\"caption\":\"Dr. Martens - Kozaki sk\\u00f3rzane 11820008\"},{\"@type\":\"WebPage\",\"@id\":\"https:\/\/torebunia.pl\/sklep\/produkt\/dr-martens-kozaki-skorzane-11820008\/#webpage\",\"url\":\"https:\/\/torebunia.pl\/sklep\/produkt\/dr-martens-kozaki-skorzane-11820008\/\",\"name\":\"Dr. Martens - Kozaki sk\\u00f3rzane 11820008\",\"isPartOf\":{\"@id\":\"https:\/\/torebunia.pl\/sklep\/#website\"},\"primaryImageOfPage\":{\"@id\":\"https:\/\/torebunia.pl\/sklep\/produkt\/dr-martens-kozaki-skorzane-11820008\/#primaryimage\"},\"datePublished\":\"2020-05-11T14:47:43+00:00\",\"dateModified\":\"2021-01-27T12:53:25+00:00\",\"inLanguage\":\"pl-PL\",\"potentialAction\":[{\"@type\":\"ReadAction\",\"target\":[\"https:\/\/torebunia.pl\/sklep\/produkt\/dr-martens-kozaki-skorzane-11820008\/\"]}]}]}<\/script>\n<!-- \/ Yoast SEO plugin. -->","_links":{"self":[{"href":"https:\/\/torebunia.pl\/sklep\/wp-json\/wp\/v2\/product\/9553","targetHints":{"allow":["GET"]}}],"collection":[{"href":"https:\/\/torebunia.pl\/sklep\/wp-json\/wp\/v2\/product"}],"about":[{"href":"https:\/\/torebunia.pl\/sklep\/wp-json\/wp\/v2\/types\/product"}],"replies":[{"embeddable":true,"href":"https:\/\/torebunia.pl\/sklep\/wp-json\/wp\/v2\/comments?post=9553"}],"wp:featuredmedia":[{"embeddable":true,"href":"https:\/\/torebunia.pl\/sklep\/wp-json\/wp\/v2\/media\/9554"}],"wp:attachment":[{"href":"https:\/\/torebunia.pl\/sklep\/wp-json\/wp\/v2\/media?parent=9553"}],"curies":[{"name":"wp","href":"https:\/\/api.w.org\/{rel}","templated":true}]}}