{"id":9507,"date":"2020-04-10T07:23:55","date_gmt":"2020-04-10T07:23:55","guid":{"rendered":"https:\/\/torebunia.pl\/sklep\/produkt\/skagen-zegarek-skw2699\/"},"modified":"2021-01-27T12:51:20","modified_gmt":"2021-01-27T12:51:20","slug":"skagen-zegarek-skw2699","status":"publish","type":"product","link":"https:\/\/torebunia.pl\/sklep\/produkt\/skagen-zegarek-skw2699\/","title":{"rendered":"Skagen &#8211; Zegarek SKW2699"},"content":{"rendered":"<p>Parametry produktu:<\/p>\n<ul>\n<li>cena: <strong>499.9 PLN<\/strong><\/li>\n<li>marka: <strong>Skagen<\/strong><\/li>\n<li>p\u0142e\u0107: <strong>Female<\/strong><\/li>\n<li>kategoria: <strong>ONA \/ Akcesoria \/ Zegarki<\/strong><\/li>\n<li>kolor: <strong>srebrny<\/strong><\/li>\n<\/ul>\n<p>Opis:<br \/>\nZegarek z kolekcji Skagen. Model z okr\u0105g\u0142\u0105 tarcz\u0105 i bi\u017cuteryjn\u0105 bransolet\u0105. &#8211; Wodoszczelno\u015b\u0107: WR. 50M (5ATM) &#8211; odporny na zachlapania, p\u0142ywanie powierzchniowe. &#8211; Mechanizm: kwarcowy, zasilany bateri\u0105. &#8211; Szk\u0142o: mineralne (utwardzane, bardzo odporne na st\u0142uczenia, ci\u0119\u017cko je zarysowa\u0107). &#8211; Materia\u0142 koperty: stal. &#8211; Grubo\u015b\u0107 koperty: 7 mm. &#8211; Szeroko\u015b\u0107 koperty: 26 mm. &#8211; Szeroko\u015b\u0107 paska: 14 mm. Sk\u0142ad: Stal szlachetna, Szk\u0142o mineralne ID produktu: 100-AKD14N Kod producenta: SKW2699<\/p>\n","protected":false},"excerpt":{"rendered":"<p>Parametry produktu: cena: 499.9 PLN marka: Skagen p\u0142e\u0107: Female kategoria: ONA \/ Akcesoria \/ Zegarki kolor: srebrny Opis: Zegarek z kolekcji Skagen. Model z okr\u0105g\u0142\u0105 tarcz\u0105 i bi\u017cuteryjn\u0105 bransolet\u0105. &#8211;<\/p>\n","protected":false},"featured_media":9508,"comment_status":"closed","ping_status":"open","template":"","meta":[],"class_list":{"0":"post-9507","1":"product","2":"type-product","3":"status-publish","5":"hentry","6":"product_cat-akcesoria","7":"product_cat-ona","8":"product_cat-zegarki","9":"product_tag-skagen","10":"product_tag-skagen-zegarek-skw2699"},"yoast_head":"<!-- This site is optimized with the Yoast SEO plugin v15.6.2 - https:\/\/yoast.com\/wordpress\/plugins\/seo\/ -->\n<title>Skagen - Zegarek SKW2699<\/title>\n<meta name=\"robots\" content=\"index, follow, max-snippet:-1, max-image-preview:large, max-video-preview:-1\" \/>\n<link rel=\"canonical\" href=\"https:\/\/torebunia.pl\/sklep\/produkt\/skagen-zegarek-skw2699\/\" \/>\n<meta property=\"og:locale\" content=\"pl_PL\" \/>\n<meta property=\"og:type\" content=\"article\" \/>\n<meta property=\"og:title\" content=\"Skagen - Zegarek SKW2699\" \/>\n<meta property=\"og:description\" content=\"Parametry produktu: cena: 499.9 PLN marka: Skagen p\u0142e\u0107: Female kategoria: ONA \/ Akcesoria \/ Zegarki kolor: srebrny Opis: Zegarek z kolekcji Skagen. Model z okr\u0105g\u0142\u0105 tarcz\u0105 i bi\u017cuteryjn\u0105 bransolet\u0105. &#8211;\" \/>\n<meta property=\"og:url\" content=\"https:\/\/torebunia.pl\/sklep\/produkt\/skagen-zegarek-skw2699\/\" \/>\n<meta property=\"og:site_name\" content=\"Moje Blog\" \/>\n<meta property=\"article:modified_time\" content=\"2021-01-27T12:51:20+00:00\" \/>\n<meta property=\"og:image\" content=\"https:\/\/torebunia.pl\/sklep\/wp-content\/uploads\/2021\/01\/605a52e77d74ebf698be8e202f24b54b25cdfc4f.jpg\" \/>\n\t<meta property=\"og:image:width\" content=\"855\" \/>\n\t<meta property=\"og:image:height\" content=\"1290\" \/>\n<meta name=\"twitter:card\" content=\"summary_large_image\" \/>\n<script type=\"application\/ld+json\" class=\"yoast-schema-graph\">{\"@context\":\"https:\/\/schema.org\",\"@graph\":[{\"@type\":\"WebSite\",\"@id\":\"https:\/\/torebunia.pl\/sklep\/#website\",\"url\":\"https:\/\/torebunia.pl\/sklep\/\",\"name\":\"Moje Blog\",\"description\":\"Kolejna witryna WordPress\",\"potentialAction\":[{\"@type\":\"SearchAction\",\"target\":\"https:\/\/torebunia.pl\/sklep\/?s={search_term_string}\",\"query-input\":\"required name=search_term_string\"}],\"inLanguage\":\"pl-PL\"},{\"@type\":\"ImageObject\",\"@id\":\"https:\/\/torebunia.pl\/sklep\/produkt\/skagen-zegarek-skw2699\/#primaryimage\",\"inLanguage\":\"pl-PL\",\"url\":\"https:\/\/torebunia.pl\/sklep\/wp-content\/uploads\/2021\/01\/605a52e77d74ebf698be8e202f24b54b25cdfc4f.jpg\",\"width\":855,\"height\":1290,\"caption\":\"Skagen - Zegarek SKW2699\"},{\"@type\":\"WebPage\",\"@id\":\"https:\/\/torebunia.pl\/sklep\/produkt\/skagen-zegarek-skw2699\/#webpage\",\"url\":\"https:\/\/torebunia.pl\/sklep\/produkt\/skagen-zegarek-skw2699\/\",\"name\":\"Skagen - Zegarek SKW2699\",\"isPartOf\":{\"@id\":\"https:\/\/torebunia.pl\/sklep\/#website\"},\"primaryImageOfPage\":{\"@id\":\"https:\/\/torebunia.pl\/sklep\/produkt\/skagen-zegarek-skw2699\/#primaryimage\"},\"datePublished\":\"2020-04-10T07:23:55+00:00\",\"dateModified\":\"2021-01-27T12:51:20+00:00\",\"inLanguage\":\"pl-PL\",\"potentialAction\":[{\"@type\":\"ReadAction\",\"target\":[\"https:\/\/torebunia.pl\/sklep\/produkt\/skagen-zegarek-skw2699\/\"]}]}]}<\/script>\n<!-- \/ Yoast SEO plugin. -->","_links":{"self":[{"href":"https:\/\/torebunia.pl\/sklep\/wp-json\/wp\/v2\/product\/9507","targetHints":{"allow":["GET"]}}],"collection":[{"href":"https:\/\/torebunia.pl\/sklep\/wp-json\/wp\/v2\/product"}],"about":[{"href":"https:\/\/torebunia.pl\/sklep\/wp-json\/wp\/v2\/types\/product"}],"replies":[{"embeddable":true,"href":"https:\/\/torebunia.pl\/sklep\/wp-json\/wp\/v2\/comments?post=9507"}],"wp:featuredmedia":[{"embeddable":true,"href":"https:\/\/torebunia.pl\/sklep\/wp-json\/wp\/v2\/media\/9508"}],"wp:attachment":[{"href":"https:\/\/torebunia.pl\/sklep\/wp-json\/wp\/v2\/media?parent=9507"}],"curies":[{"name":"wp","href":"https:\/\/api.w.org\/{rel}","templated":true}]}}