{"id":950,"date":"2020-05-02T01:05:34","date_gmt":"2020-05-02T01:05:34","guid":{"rendered":"https:\/\/torebunia.pl\/sklep\/produkt\/pepe-jeans-jeansy-pixie\/"},"modified":"2021-01-25T13:44:45","modified_gmt":"2021-01-25T13:44:45","slug":"pepe-jeans-jeansy-pixie","status":"publish","type":"product","link":"https:\/\/torebunia.pl\/sklep\/produkt\/pepe-jeans-jeansy-pixie\/","title":{"rendered":"Pepe Jeans &#8211; Jeansy Pixie"},"content":{"rendered":"<p>Parametry produktu:<\/p>\n<ul>\n<li>cena: <strong>379.9 PLN<\/strong><\/li>\n<li>marka: <strong>Pepe Jeans<\/strong><\/li>\n<li>p\u0142e\u0107: <strong>Female<\/strong><\/li>\n<li>kategoria: <strong>ONA \/ Odzie\u017c \/ Jeansy<\/strong><\/li>\n<li>kolor: <strong>grafitowy<\/strong><\/li>\n<\/ul>\n<p>Opis:<br \/>\nJeansy z kolekcji Pepe Jeans w fasonie skinny z regularn\u0105 tali\u0105. Model wykonany z elastycznego denimu. &#8211; Fason skinny. &#8211; Wsuwane kieszenie. &#8211; Regularna talia. &#8211; Zapi\u0119cie na guzik i suwak. &#8211; Cienka, elastyczna tkanina. &#8211; Szeroko\u015b\u0107 w pasie: 36,5 cm. &#8211; Szeroko\u015b\u0107 w biodrach: 42 cm. &#8211; Wysoko\u015b\u0107 stanu: 20 cm. &#8211; Szeroko\u015b\u0107 nogawki na dole: 11,5 cm. &#8211; Szeroko\u015b\u0107 nogawki: 23 cm. &#8211; D\u0142ugo\u015b\u0107 nogawki: 100 cm. &#8211; Wymiary podane dla rozmiaru: 27\/32. Sk\u0142ad: Podszewka: 35 % Bawe\u0142na, 65 % Poliester, Materia\u0142 zasadniczy: 99 % Bawe\u0142na, 1 % Elastan ID produktu: 4900-SJD05E Kod producenta: PL200025XB2<\/p>\n","protected":false},"excerpt":{"rendered":"<p>Parametry produktu: cena: 379.9 PLN marka: Pepe Jeans p\u0142e\u0107: Female kategoria: ONA \/ Odzie\u017c \/ Jeansy kolor: grafitowy Opis: Jeansy z kolekcji Pepe Jeans w fasonie skinny z regularn\u0105 tali\u0105.<\/p>\n","protected":false},"featured_media":951,"comment_status":"closed","ping_status":"open","template":"","meta":[],"class_list":{"0":"post-950","1":"product","2":"type-product","3":"status-publish","5":"hentry","6":"product_cat-jeansy","7":"product_cat-odziez","8":"product_cat-ona","9":"product_tag-pepe-jeans","10":"product_tag-pepe-jeans-jeansy-pixie"},"yoast_head":"<!-- This site is optimized with the Yoast SEO plugin v15.6.2 - https:\/\/yoast.com\/wordpress\/plugins\/seo\/ -->\n<title>Pepe Jeans - Jeansy Pixie<\/title>\n<meta name=\"robots\" content=\"index, follow, max-snippet:-1, max-image-preview:large, max-video-preview:-1\" \/>\n<link rel=\"canonical\" href=\"https:\/\/torebunia.pl\/sklep\/produkt\/pepe-jeans-jeansy-pixie\/\" \/>\n<meta property=\"og:locale\" content=\"pl_PL\" \/>\n<meta property=\"og:type\" content=\"article\" \/>\n<meta property=\"og:title\" content=\"Pepe Jeans - Jeansy Pixie\" \/>\n<meta property=\"og:description\" content=\"Parametry produktu: cena: 379.9 PLN marka: Pepe Jeans p\u0142e\u0107: Female kategoria: ONA \/ Odzie\u017c \/ Jeansy kolor: grafitowy Opis: Jeansy z kolekcji Pepe Jeans w fasonie skinny z regularn\u0105 tali\u0105.\" \/>\n<meta property=\"og:url\" content=\"https:\/\/torebunia.pl\/sklep\/produkt\/pepe-jeans-jeansy-pixie\/\" \/>\n<meta property=\"og:site_name\" content=\"Moje Blog\" \/>\n<meta property=\"article:modified_time\" content=\"2021-01-25T13:44:45+00:00\" \/>\n<meta property=\"og:image\" content=\"https:\/\/torebunia.pl\/sklep\/wp-content\/uploads\/2021\/01\/0284e26a74574f797ed857fb14524888984563fc.jpg\" \/>\n\t<meta property=\"og:image:width\" content=\"855\" \/>\n\t<meta property=\"og:image:height\" content=\"1290\" \/>\n<meta name=\"twitter:card\" content=\"summary_large_image\" \/>\n<meta name=\"twitter:label1\" content=\"Est. reading time\">\n\t<meta name=\"twitter:data1\" content=\"1 minuta\">\n<script type=\"application\/ld+json\" class=\"yoast-schema-graph\">{\"@context\":\"https:\/\/schema.org\",\"@graph\":[{\"@type\":\"WebSite\",\"@id\":\"https:\/\/torebunia.pl\/sklep\/#website\",\"url\":\"https:\/\/torebunia.pl\/sklep\/\",\"name\":\"Moje Blog\",\"description\":\"Kolejna witryna WordPress\",\"potentialAction\":[{\"@type\":\"SearchAction\",\"target\":\"https:\/\/torebunia.pl\/sklep\/?s={search_term_string}\",\"query-input\":\"required name=search_term_string\"}],\"inLanguage\":\"pl-PL\"},{\"@type\":\"ImageObject\",\"@id\":\"https:\/\/torebunia.pl\/sklep\/produkt\/pepe-jeans-jeansy-pixie\/#primaryimage\",\"inLanguage\":\"pl-PL\",\"url\":\"https:\/\/torebunia.pl\/sklep\/wp-content\/uploads\/2021\/01\/0284e26a74574f797ed857fb14524888984563fc.jpg\",\"width\":855,\"height\":1290,\"caption\":\"Pepe Jeans - Jeansy Pixie\"},{\"@type\":\"WebPage\",\"@id\":\"https:\/\/torebunia.pl\/sklep\/produkt\/pepe-jeans-jeansy-pixie\/#webpage\",\"url\":\"https:\/\/torebunia.pl\/sklep\/produkt\/pepe-jeans-jeansy-pixie\/\",\"name\":\"Pepe Jeans - Jeansy Pixie\",\"isPartOf\":{\"@id\":\"https:\/\/torebunia.pl\/sklep\/#website\"},\"primaryImageOfPage\":{\"@id\":\"https:\/\/torebunia.pl\/sklep\/produkt\/pepe-jeans-jeansy-pixie\/#primaryimage\"},\"datePublished\":\"2020-05-02T01:05:34+00:00\",\"dateModified\":\"2021-01-25T13:44:45+00:00\",\"inLanguage\":\"pl-PL\",\"potentialAction\":[{\"@type\":\"ReadAction\",\"target\":[\"https:\/\/torebunia.pl\/sklep\/produkt\/pepe-jeans-jeansy-pixie\/\"]}]}]}<\/script>\n<!-- \/ Yoast SEO plugin. -->","_links":{"self":[{"href":"https:\/\/torebunia.pl\/sklep\/wp-json\/wp\/v2\/product\/950","targetHints":{"allow":["GET"]}}],"collection":[{"href":"https:\/\/torebunia.pl\/sklep\/wp-json\/wp\/v2\/product"}],"about":[{"href":"https:\/\/torebunia.pl\/sklep\/wp-json\/wp\/v2\/types\/product"}],"replies":[{"embeddable":true,"href":"https:\/\/torebunia.pl\/sklep\/wp-json\/wp\/v2\/comments?post=950"}],"wp:featuredmedia":[{"embeddable":true,"href":"https:\/\/torebunia.pl\/sklep\/wp-json\/wp\/v2\/media\/951"}],"wp:attachment":[{"href":"https:\/\/torebunia.pl\/sklep\/wp-json\/wp\/v2\/media?parent=950"}],"curies":[{"name":"wp","href":"https:\/\/api.w.org\/{rel}","templated":true}]}}