{"id":9455,"date":"2020-08-13T18:55:58","date_gmt":"2020-08-13T18:55:58","guid":{"rendered":"https:\/\/torebunia.pl\/sklep\/produkt\/big-star-botki-7\/"},"modified":"2021-01-27T13:27:17","modified_gmt":"2021-01-27T13:27:17","slug":"big-star-botki-7","status":"publish","type":"product","link":"https:\/\/torebunia.pl\/sklep\/produkt\/big-star-botki-7\/","title":{"rendered":"Big Star &#8211; Botki"},"content":{"rendered":"<p>Parametry produktu:<\/p>\n<ul>\n<li>cena: <strong>189.9 PLN<\/strong><\/li>\n<li>marka: <strong>Big Star<\/strong><\/li>\n<li>p\u0142e\u0107: <strong>Female<\/strong><\/li>\n<li>kategoria: <strong>ONA \/ Obuwie \/ Kozaki i botki \/ Botki<\/strong><\/li>\n<li>kolor: <strong>szary<\/strong><\/li>\n<\/ul>\n<p>Opis:<br \/>\nBotki z kolekcji Big Star. Model wykonany z materia\u0142u syntetycznego. &#8211; Usztywniony nosek. &#8211; Antypo\u015blizgowa, stabilna podeszwa. &#8211; Usztywniony zapi\u0119tek. &#8211; Model na stabilnym obcasie. &#8211; Wysoko\u015b\u0107 obcasa: 8,5 cm. &#8211; D\u0142ugo\u015b\u0107 wk\u0142adki wynosi: 23 cm. &#8211; Wymiary podane dla rozmiaru: 37. Materia\u0142: syntetyczny Obcas: s\u0142upek Ocieplenie: nieocieplane Ocieplenie: ocieplane Materia\u0142: imitacja zamszu Wysoko\u015b\u0107 obcasa: 5-8 cm Fason: sztyblety Zapi\u0119cie: na zamek Sk\u0142ad: Cholewka: Materia\u0142 syntetyczny, Wn\u0119trze: Materia\u0142 syntetyczny, Materia\u0142 tekstylny, Podeszwa: Materia\u0142 syntetyczny, ID produktu: 4920-OBD12O Kod producenta: BB274554<\/p>\n","protected":false},"excerpt":{"rendered":"<p>Parametry produktu: cena: 189.9 PLN marka: Big Star p\u0142e\u0107: Female kategoria: ONA \/ Obuwie \/ Kozaki i botki \/ Botki kolor: szary Opis: Botki z kolekcji Big Star. Model wykonany<\/p>\n","protected":false},"featured_media":9456,"comment_status":"closed","ping_status":"open","template":"","meta":[],"class_list":{"0":"post-9455","1":"product","2":"type-product","3":"status-publish","5":"hentry","6":"product_cat-botki","7":"product_cat-kozaki-i-botki","8":"product_cat-obuwie","9":"product_cat-ona","10":"product_tag-big-star","11":"product_tag-big-star-botki"},"yoast_head":"<!-- This site is optimized with the Yoast SEO plugin v15.6.2 - https:\/\/yoast.com\/wordpress\/plugins\/seo\/ -->\n<title>Big Star - Botki<\/title>\n<meta name=\"robots\" content=\"index, follow, max-snippet:-1, max-image-preview:large, max-video-preview:-1\" \/>\n<link rel=\"canonical\" href=\"https:\/\/torebunia.pl\/sklep\/produkt\/big-star-botki-7\/\" \/>\n<meta property=\"og:locale\" content=\"pl_PL\" \/>\n<meta property=\"og:type\" content=\"article\" \/>\n<meta property=\"og:title\" content=\"Big Star - Botki\" \/>\n<meta property=\"og:description\" content=\"Parametry produktu: cena: 189.9 PLN marka: Big Star p\u0142e\u0107: Female kategoria: ONA \/ Obuwie \/ Kozaki i botki \/ Botki kolor: szary Opis: Botki z kolekcji Big Star. Model wykonany\" \/>\n<meta property=\"og:url\" content=\"https:\/\/torebunia.pl\/sklep\/produkt\/big-star-botki-7\/\" \/>\n<meta property=\"og:site_name\" content=\"Moje Blog\" \/>\n<meta property=\"article:modified_time\" content=\"2021-01-27T13:27:17+00:00\" \/>\n<meta property=\"og:image\" content=\"https:\/\/torebunia.pl\/sklep\/wp-content\/uploads\/2021\/01\/449ed19e85ed5066eb934b7869f196bf8ec26527-1.jpg\" \/>\n\t<meta property=\"og:image:width\" content=\"855\" \/>\n\t<meta property=\"og:image:height\" content=\"1290\" \/>\n<meta name=\"twitter:card\" content=\"summary_large_image\" \/>\n<meta name=\"twitter:label1\" content=\"Est. reading time\">\n\t<meta name=\"twitter:data1\" content=\"1 minuta\">\n<script type=\"application\/ld+json\" class=\"yoast-schema-graph\">{\"@context\":\"https:\/\/schema.org\",\"@graph\":[{\"@type\":\"WebSite\",\"@id\":\"https:\/\/torebunia.pl\/sklep\/#website\",\"url\":\"https:\/\/torebunia.pl\/sklep\/\",\"name\":\"Moje Blog\",\"description\":\"Kolejna witryna WordPress\",\"potentialAction\":[{\"@type\":\"SearchAction\",\"target\":\"https:\/\/torebunia.pl\/sklep\/?s={search_term_string}\",\"query-input\":\"required name=search_term_string\"}],\"inLanguage\":\"pl-PL\"},{\"@type\":\"ImageObject\",\"@id\":\"https:\/\/torebunia.pl\/sklep\/produkt\/big-star-botki-7\/#primaryimage\",\"inLanguage\":\"pl-PL\",\"url\":\"https:\/\/torebunia.pl\/sklep\/wp-content\/uploads\/2021\/01\/449ed19e85ed5066eb934b7869f196bf8ec26527-1.jpg\",\"width\":855,\"height\":1290,\"caption\":\"Big Star - Botki\"},{\"@type\":\"WebPage\",\"@id\":\"https:\/\/torebunia.pl\/sklep\/produkt\/big-star-botki-7\/#webpage\",\"url\":\"https:\/\/torebunia.pl\/sklep\/produkt\/big-star-botki-7\/\",\"name\":\"Big Star - Botki\",\"isPartOf\":{\"@id\":\"https:\/\/torebunia.pl\/sklep\/#website\"},\"primaryImageOfPage\":{\"@id\":\"https:\/\/torebunia.pl\/sklep\/produkt\/big-star-botki-7\/#primaryimage\"},\"datePublished\":\"2020-08-13T18:55:58+00:00\",\"dateModified\":\"2021-01-27T13:27:17+00:00\",\"inLanguage\":\"pl-PL\",\"potentialAction\":[{\"@type\":\"ReadAction\",\"target\":[\"https:\/\/torebunia.pl\/sklep\/produkt\/big-star-botki-7\/\"]}]}]}<\/script>\n<!-- \/ Yoast SEO plugin. -->","_links":{"self":[{"href":"https:\/\/torebunia.pl\/sklep\/wp-json\/wp\/v2\/product\/9455","targetHints":{"allow":["GET"]}}],"collection":[{"href":"https:\/\/torebunia.pl\/sklep\/wp-json\/wp\/v2\/product"}],"about":[{"href":"https:\/\/torebunia.pl\/sklep\/wp-json\/wp\/v2\/types\/product"}],"replies":[{"embeddable":true,"href":"https:\/\/torebunia.pl\/sklep\/wp-json\/wp\/v2\/comments?post=9455"}],"wp:featuredmedia":[{"embeddable":true,"href":"https:\/\/torebunia.pl\/sklep\/wp-json\/wp\/v2\/media\/9456"}],"wp:attachment":[{"href":"https:\/\/torebunia.pl\/sklep\/wp-json\/wp\/v2\/media?parent=9455"}],"curies":[{"name":"wp","href":"https:\/\/api.w.org\/{rel}","templated":true}]}}