{"id":944,"date":"2020-07-03T00:05:55","date_gmt":"2020-07-03T00:05:55","guid":{"rendered":"https:\/\/torebunia.pl\/sklep\/produkt\/hailys-sukienka-2\/"},"modified":"2021-01-25T13:44:35","modified_gmt":"2021-01-25T13:44:35","slug":"hailys-sukienka-2","status":"publish","type":"product","link":"https:\/\/torebunia.pl\/sklep\/produkt\/hailys-sukienka-2\/","title":{"rendered":"Haily&#8217;s &#8211; Sukienka"},"content":{"rendered":"<p>Parametry produktu:<\/p>\n<ul>\n<li>cena: <strong>99.9 PLN<\/strong><\/li>\n<li>marka: <strong>Haily&#8217;s<\/strong><\/li>\n<li>p\u0142e\u0107: <strong>Female<\/strong><\/li>\n<li>kategoria: <strong>ONA \/ Odzie\u017c \/ Sukienki<\/strong><\/li>\n<li>kolor: <strong>czarny<\/strong><\/li>\n<\/ul>\n<p>Opis:<br \/>\nSukienka z kolekcji Haily&#8217;s. Rozkloszowany model wykonany z g\u0142adkiej tkaniny. &#8211; Model z elastyczn\u0105 wstawk\u0105. &#8211; Model na podszewce. &#8211; Dopasowana g\u00f3ra i rozkloszowany d\u00f3\u0142. &#8211; Okr\u0105g\u0142y dekolt. &#8211; Raglanowy r\u0119kaw. &#8211; D\u0142ugo\u015b\u0107: 93 cm. &#8211; Szeroko\u015b\u0107 pod pachami: 48 cm. &#8211; Wymiary podane dla rozmiaru: S. Wz\u00f3r: g\u0142adkie Materia\u0142: tkanina D\u0142ugo\u015b\u0107: mini R\u0119kaw: d\u0142ugi Dekolt: okr\u0105g\u0142y Okazje: casual Fason: rozkloszowany Sk\u0142ad: Podszewka: 100 % Wiskoza, Materia\u0142 zasadniczy: 100 % Poliester ID produktu: 4901-SUD19N Kod producenta: LC.01183<\/p>\n","protected":false},"excerpt":{"rendered":"<p>Parametry produktu: cena: 99.9 PLN marka: Haily&#8217;s p\u0142e\u0107: Female kategoria: ONA \/ Odzie\u017c \/ Sukienki kolor: czarny Opis: Sukienka z kolekcji Haily&#8217;s. Rozkloszowany model wykonany z g\u0142adkiej tkaniny. &#8211; Model<\/p>\n","protected":false},"featured_media":945,"comment_status":"closed","ping_status":"open","template":"","meta":[],"class_list":{"0":"post-944","1":"product","2":"type-product","3":"status-publish","5":"hentry","6":"product_cat-odziez","7":"product_cat-ona","8":"product_cat-sukienki","9":"product_tag-hailys","10":"product_tag-hailys-sukienka"},"yoast_head":"<!-- This site is optimized with the Yoast SEO plugin v15.6.2 - https:\/\/yoast.com\/wordpress\/plugins\/seo\/ -->\n<title>Haily&#039;s - Sukienka<\/title>\n<meta name=\"robots\" content=\"index, follow, max-snippet:-1, max-image-preview:large, max-video-preview:-1\" \/>\n<link rel=\"canonical\" href=\"https:\/\/torebunia.pl\/sklep\/produkt\/hailys-sukienka-2\/\" \/>\n<meta property=\"og:locale\" content=\"pl_PL\" \/>\n<meta property=\"og:type\" content=\"article\" \/>\n<meta property=\"og:title\" content=\"Haily&#039;s - Sukienka\" \/>\n<meta property=\"og:description\" content=\"Parametry produktu: cena: 99.9 PLN marka: Haily&#8217;s p\u0142e\u0107: Female kategoria: ONA \/ Odzie\u017c \/ Sukienki kolor: czarny Opis: Sukienka z kolekcji Haily&#8217;s. Rozkloszowany model wykonany z g\u0142adkiej tkaniny. &#8211; Model\" \/>\n<meta property=\"og:url\" content=\"https:\/\/torebunia.pl\/sklep\/produkt\/hailys-sukienka-2\/\" \/>\n<meta property=\"og:site_name\" content=\"Moje Blog\" \/>\n<meta property=\"article:modified_time\" content=\"2021-01-25T13:44:35+00:00\" \/>\n<meta property=\"og:image\" content=\"https:\/\/torebunia.pl\/sklep\/wp-content\/uploads\/2021\/01\/c5e45d3880cce04059ae77e322394bc33cc29072.jpg\" \/>\n\t<meta property=\"og:image:width\" content=\"855\" \/>\n\t<meta property=\"og:image:height\" content=\"1290\" \/>\n<meta name=\"twitter:card\" content=\"summary_large_image\" \/>\n<meta name=\"twitter:label1\" content=\"Est. reading time\">\n\t<meta name=\"twitter:data1\" content=\"1 minuta\">\n<script type=\"application\/ld+json\" class=\"yoast-schema-graph\">{\"@context\":\"https:\/\/schema.org\",\"@graph\":[{\"@type\":\"WebSite\",\"@id\":\"https:\/\/torebunia.pl\/sklep\/#website\",\"url\":\"https:\/\/torebunia.pl\/sklep\/\",\"name\":\"Moje Blog\",\"description\":\"Kolejna witryna WordPress\",\"potentialAction\":[{\"@type\":\"SearchAction\",\"target\":\"https:\/\/torebunia.pl\/sklep\/?s={search_term_string}\",\"query-input\":\"required name=search_term_string\"}],\"inLanguage\":\"pl-PL\"},{\"@type\":\"ImageObject\",\"@id\":\"https:\/\/torebunia.pl\/sklep\/produkt\/hailys-sukienka-2\/#primaryimage\",\"inLanguage\":\"pl-PL\",\"url\":\"https:\/\/torebunia.pl\/sklep\/wp-content\/uploads\/2021\/01\/c5e45d3880cce04059ae77e322394bc33cc29072.jpg\",\"width\":855,\"height\":1290,\"caption\":\"Haily's - Sukienka\"},{\"@type\":\"WebPage\",\"@id\":\"https:\/\/torebunia.pl\/sklep\/produkt\/hailys-sukienka-2\/#webpage\",\"url\":\"https:\/\/torebunia.pl\/sklep\/produkt\/hailys-sukienka-2\/\",\"name\":\"Haily's - Sukienka\",\"isPartOf\":{\"@id\":\"https:\/\/torebunia.pl\/sklep\/#website\"},\"primaryImageOfPage\":{\"@id\":\"https:\/\/torebunia.pl\/sklep\/produkt\/hailys-sukienka-2\/#primaryimage\"},\"datePublished\":\"2020-07-03T00:05:55+00:00\",\"dateModified\":\"2021-01-25T13:44:35+00:00\",\"inLanguage\":\"pl-PL\",\"potentialAction\":[{\"@type\":\"ReadAction\",\"target\":[\"https:\/\/torebunia.pl\/sklep\/produkt\/hailys-sukienka-2\/\"]}]}]}<\/script>\n<!-- \/ Yoast SEO plugin. -->","_links":{"self":[{"href":"https:\/\/torebunia.pl\/sklep\/wp-json\/wp\/v2\/product\/944","targetHints":{"allow":["GET"]}}],"collection":[{"href":"https:\/\/torebunia.pl\/sklep\/wp-json\/wp\/v2\/product"}],"about":[{"href":"https:\/\/torebunia.pl\/sklep\/wp-json\/wp\/v2\/types\/product"}],"replies":[{"embeddable":true,"href":"https:\/\/torebunia.pl\/sklep\/wp-json\/wp\/v2\/comments?post=944"}],"wp:featuredmedia":[{"embeddable":true,"href":"https:\/\/torebunia.pl\/sklep\/wp-json\/wp\/v2\/media\/945"}],"wp:attachment":[{"href":"https:\/\/torebunia.pl\/sklep\/wp-json\/wp\/v2\/media?parent=944"}],"curies":[{"name":"wp","href":"https:\/\/api.w.org\/{rel}","templated":true}]}}