{"id":9395,"date":"2020-12-21T05:00:14","date_gmt":"2020-12-21T05:00:14","guid":{"rendered":"https:\/\/torebunia.pl\/sklep\/produkt\/answear-kombinezon-5\/"},"modified":"2021-01-27T12:46:38","modified_gmt":"2021-01-27T12:46:38","slug":"answear-kombinezon-5","status":"publish","type":"product","link":"https:\/\/torebunia.pl\/sklep\/produkt\/answear-kombinezon-5\/","title":{"rendered":"Answear &#8211; Kombinezon"},"content":{"rendered":"<p>Parametry produktu:<\/p>\n<ul>\n<li>cena: <strong>149.9 PLN<\/strong><\/li>\n<li>marka: <strong>ANSWEAR<\/strong><\/li>\n<li>p\u0142e\u0107: <strong>Female<\/strong><\/li>\n<li>kategoria: <strong>ONA \/ Odzie\u017c \/ Kombinezony<\/strong><\/li>\n<li>kolor: <strong>bia\u0142y<\/strong><\/li>\n<\/ul>\n<p>Opis:<br \/>\nKombinezon z kolekcji Answear. Model na w\u0105skich rami\u0105czkach, wykonany z g\u0142adkiego materia\u0142u. &#8211; Wsuwane kieszenie. &#8211; Spiczasty dekolt. &#8211; Elastyczna listwa w pasie. &#8211; Koronkowe wstawki. &#8211; Szeroko\u015b\u0107 w pasie: 31 cm. &#8211; Szeroko\u015b\u0107 w biodrach: 41 cm. &#8211; Wysoko\u015b\u0107 stanu: 32 cm. &#8211; Szeroko\u015b\u0107 nogawki: 33 cm. &#8211; D\u0142ugo\u015b\u0107: 80 cm. &#8211; Szeroko\u015b\u0107 pod pachami: 40 cm. &#8211; Wymiary podane dla rozmiaru: S. Wz\u00f3r: g\u0142adkie Materia\u0142: tkanina R\u0119kaw: na rami\u0105czkach Dekolt: szpic Materia\u0142: wiskoza Dekolt: odkryte plecy Okazje: casual Nogawka: kr\u00f3tka Sk\u0142ad: Materia\u0142 zasadniczy: 100 % Wiskoza ID produktu: -80-SKD01S Kod producenta: ME1336A<\/p>\n","protected":false},"excerpt":{"rendered":"<p>Parametry produktu: cena: 149.9 PLN marka: ANSWEAR p\u0142e\u0107: Female kategoria: ONA \/ Odzie\u017c \/ Kombinezony kolor: bia\u0142y Opis: Kombinezon z kolekcji Answear. Model na w\u0105skich rami\u0105czkach, wykonany z g\u0142adkiego materia\u0142u.<\/p>\n","protected":false},"featured_media":9396,"comment_status":"closed","ping_status":"open","template":"","meta":[],"class_list":{"0":"post-9395","1":"product","2":"type-product","3":"status-publish","5":"hentry","6":"product_cat-kombinezony","7":"product_cat-odziez","8":"product_cat-ona","9":"product_tag-answear","10":"product_tag-answear-kombinezon"},"yoast_head":"<!-- This site is optimized with the Yoast SEO plugin v15.6.2 - https:\/\/yoast.com\/wordpress\/plugins\/seo\/ -->\n<title>Answear - Kombinezon<\/title>\n<meta name=\"robots\" content=\"index, follow, max-snippet:-1, max-image-preview:large, max-video-preview:-1\" \/>\n<link rel=\"canonical\" href=\"https:\/\/torebunia.pl\/sklep\/produkt\/answear-kombinezon-5\/\" \/>\n<meta property=\"og:locale\" content=\"pl_PL\" \/>\n<meta property=\"og:type\" content=\"article\" \/>\n<meta property=\"og:title\" content=\"Answear - Kombinezon\" \/>\n<meta property=\"og:description\" content=\"Parametry produktu: cena: 149.9 PLN marka: ANSWEAR p\u0142e\u0107: Female kategoria: ONA \/ Odzie\u017c \/ Kombinezony kolor: bia\u0142y Opis: Kombinezon z kolekcji Answear. Model na w\u0105skich rami\u0105czkach, wykonany z g\u0142adkiego materia\u0142u.\" \/>\n<meta property=\"og:url\" content=\"https:\/\/torebunia.pl\/sklep\/produkt\/answear-kombinezon-5\/\" \/>\n<meta property=\"og:site_name\" content=\"Moje Blog\" \/>\n<meta property=\"article:modified_time\" content=\"2021-01-27T12:46:38+00:00\" \/>\n<meta property=\"og:image\" content=\"https:\/\/torebunia.pl\/sklep\/wp-content\/uploads\/2021\/01\/fa5acb286e7d5c5e2d423f0b126621699a0b0f38.jpg\" \/>\n\t<meta property=\"og:image:width\" content=\"855\" \/>\n\t<meta property=\"og:image:height\" content=\"1290\" \/>\n<meta name=\"twitter:card\" content=\"summary_large_image\" \/>\n<meta name=\"twitter:label1\" content=\"Est. reading time\">\n\t<meta name=\"twitter:data1\" content=\"1 minuta\">\n<script type=\"application\/ld+json\" class=\"yoast-schema-graph\">{\"@context\":\"https:\/\/schema.org\",\"@graph\":[{\"@type\":\"WebSite\",\"@id\":\"https:\/\/torebunia.pl\/sklep\/#website\",\"url\":\"https:\/\/torebunia.pl\/sklep\/\",\"name\":\"Moje Blog\",\"description\":\"Kolejna witryna WordPress\",\"potentialAction\":[{\"@type\":\"SearchAction\",\"target\":\"https:\/\/torebunia.pl\/sklep\/?s={search_term_string}\",\"query-input\":\"required name=search_term_string\"}],\"inLanguage\":\"pl-PL\"},{\"@type\":\"ImageObject\",\"@id\":\"https:\/\/torebunia.pl\/sklep\/produkt\/answear-kombinezon-5\/#primaryimage\",\"inLanguage\":\"pl-PL\",\"url\":\"https:\/\/torebunia.pl\/sklep\/wp-content\/uploads\/2021\/01\/fa5acb286e7d5c5e2d423f0b126621699a0b0f38.jpg\",\"width\":855,\"height\":1290,\"caption\":\"Answear - Kombinezon\"},{\"@type\":\"WebPage\",\"@id\":\"https:\/\/torebunia.pl\/sklep\/produkt\/answear-kombinezon-5\/#webpage\",\"url\":\"https:\/\/torebunia.pl\/sklep\/produkt\/answear-kombinezon-5\/\",\"name\":\"Answear - Kombinezon\",\"isPartOf\":{\"@id\":\"https:\/\/torebunia.pl\/sklep\/#website\"},\"primaryImageOfPage\":{\"@id\":\"https:\/\/torebunia.pl\/sklep\/produkt\/answear-kombinezon-5\/#primaryimage\"},\"datePublished\":\"2020-12-21T05:00:14+00:00\",\"dateModified\":\"2021-01-27T12:46:38+00:00\",\"inLanguage\":\"pl-PL\",\"potentialAction\":[{\"@type\":\"ReadAction\",\"target\":[\"https:\/\/torebunia.pl\/sklep\/produkt\/answear-kombinezon-5\/\"]}]}]}<\/script>\n<!-- \/ Yoast SEO plugin. -->","_links":{"self":[{"href":"https:\/\/torebunia.pl\/sklep\/wp-json\/wp\/v2\/product\/9395","targetHints":{"allow":["GET"]}}],"collection":[{"href":"https:\/\/torebunia.pl\/sklep\/wp-json\/wp\/v2\/product"}],"about":[{"href":"https:\/\/torebunia.pl\/sklep\/wp-json\/wp\/v2\/types\/product"}],"replies":[{"embeddable":true,"href":"https:\/\/torebunia.pl\/sklep\/wp-json\/wp\/v2\/comments?post=9395"}],"wp:featuredmedia":[{"embeddable":true,"href":"https:\/\/torebunia.pl\/sklep\/wp-json\/wp\/v2\/media\/9396"}],"wp:attachment":[{"href":"https:\/\/torebunia.pl\/sklep\/wp-json\/wp\/v2\/media?parent=9395"}],"curies":[{"name":"wp","href":"https:\/\/api.w.org\/{rel}","templated":true}]}}