{"id":9369,"date":"2020-07-06T19:08:18","date_gmt":"2020-07-06T19:08:18","guid":{"rendered":"https:\/\/torebunia.pl\/sklep\/produkt\/dakine-plecak-piornik\/"},"modified":"2021-01-27T12:41:43","modified_gmt":"2021-01-27T12:41:43","slug":"dakine-plecak-piornik","status":"publish","type":"product","link":"https:\/\/torebunia.pl\/sklep\/produkt\/dakine-plecak-piornik\/","title":{"rendered":"Dakine &#8211; Plecak + pi\u00f3rnik"},"content":{"rendered":"<p>Parametry produktu:<\/p>\n<ul>\n<li>cena: <strong>179.9 PLN<\/strong><\/li>\n<li>marka: <strong>Dakine<\/strong><\/li>\n<li>p\u0142e\u0107: <strong>Female<\/strong><\/li>\n<li>kategoria: <strong>ONA \/ Akcesoria \/ Plecaki<\/strong><\/li>\n<li>kolor: <strong>multikolor<\/strong><\/li>\n<\/ul>\n<p>Opis:<br \/>\nPlecak z kolekcji Dakine. Model wykonany z wzorzystego materia\u0142u. &#8211; Do\u0142\u0105czony pi\u00f3rnik. &#8211; Jednokomorowy model. &#8211; Kiesze\u0144 z przodu. &#8211; Wewn\u0105trz dodatkowe kieszenie. &#8211; Zapi\u0119cie na suwak. &#8211; Uchwyt do r\u0119ki. &#8211; Regulowana d\u0142ugo\u015b\u0107 pask\u00f3w. &#8211; Termoizolacyjna wy\u015bci\u00f3\u0142ka kieszeni. &#8211; Mie\u015bci format A4. &#8211; G\u0142\u0119boko\u015b\u0107: 20 cm. &#8211; Wysoko\u015b\u0107: 46 cm. &#8211; Szeroko\u015b\u0107 u podstawy: 30 cm. Sk\u0142ad: 100 % Poliester ID produktu: 4920-PKD09J Kod producenta: 8130085.w.zest.piornik<\/p>\n","protected":false},"excerpt":{"rendered":"<p>Parametry produktu: cena: 179.9 PLN marka: Dakine p\u0142e\u0107: Female kategoria: ONA \/ Akcesoria \/ Plecaki kolor: multikolor Opis: Plecak z kolekcji Dakine. Model wykonany z wzorzystego materia\u0142u. &#8211; Do\u0142\u0105czony pi\u00f3rnik.<\/p>\n","protected":false},"featured_media":9370,"comment_status":"closed","ping_status":"open","template":"","meta":[],"class_list":{"0":"post-9369","1":"product","2":"type-product","3":"status-publish","5":"hentry","6":"product_cat-akcesoria","7":"product_cat-ona","8":"product_cat-plecaki","9":"product_tag-dakine","10":"product_tag-dakine-plecak-piornik"},"yoast_head":"<!-- This site is optimized with the Yoast SEO plugin v15.6.2 - https:\/\/yoast.com\/wordpress\/plugins\/seo\/ -->\n<title>Dakine - Plecak + pi\u00f3rnik<\/title>\n<meta name=\"robots\" content=\"index, follow, max-snippet:-1, max-image-preview:large, max-video-preview:-1\" \/>\n<link rel=\"canonical\" href=\"https:\/\/torebunia.pl\/sklep\/produkt\/dakine-plecak-piornik\/\" \/>\n<meta property=\"og:locale\" content=\"pl_PL\" \/>\n<meta property=\"og:type\" content=\"article\" \/>\n<meta property=\"og:title\" content=\"Dakine - Plecak + pi\u00f3rnik\" \/>\n<meta property=\"og:description\" content=\"Parametry produktu: cena: 179.9 PLN marka: Dakine p\u0142e\u0107: Female kategoria: ONA \/ Akcesoria \/ Plecaki kolor: multikolor Opis: Plecak z kolekcji Dakine. Model wykonany z wzorzystego materia\u0142u. &#8211; Do\u0142\u0105czony pi\u00f3rnik.\" \/>\n<meta property=\"og:url\" content=\"https:\/\/torebunia.pl\/sklep\/produkt\/dakine-plecak-piornik\/\" \/>\n<meta property=\"og:site_name\" content=\"Moje Blog\" \/>\n<meta property=\"article:modified_time\" content=\"2021-01-27T12:41:43+00:00\" \/>\n<meta property=\"og:image\" content=\"https:\/\/torebunia.pl\/sklep\/wp-content\/uploads\/2021\/01\/af34da6b21777807827db2b2f3708a14e3a0d20d.jpg\" \/>\n\t<meta property=\"og:image:width\" content=\"855\" \/>\n\t<meta property=\"og:image:height\" content=\"1290\" \/>\n<meta name=\"twitter:card\" content=\"summary_large_image\" \/>\n<script type=\"application\/ld+json\" class=\"yoast-schema-graph\">{\"@context\":\"https:\/\/schema.org\",\"@graph\":[{\"@type\":\"WebSite\",\"@id\":\"https:\/\/torebunia.pl\/sklep\/#website\",\"url\":\"https:\/\/torebunia.pl\/sklep\/\",\"name\":\"Moje Blog\",\"description\":\"Kolejna witryna WordPress\",\"potentialAction\":[{\"@type\":\"SearchAction\",\"target\":\"https:\/\/torebunia.pl\/sklep\/?s={search_term_string}\",\"query-input\":\"required name=search_term_string\"}],\"inLanguage\":\"pl-PL\"},{\"@type\":\"ImageObject\",\"@id\":\"https:\/\/torebunia.pl\/sklep\/produkt\/dakine-plecak-piornik\/#primaryimage\",\"inLanguage\":\"pl-PL\",\"url\":\"https:\/\/torebunia.pl\/sklep\/wp-content\/uploads\/2021\/01\/af34da6b21777807827db2b2f3708a14e3a0d20d.jpg\",\"width\":855,\"height\":1290,\"caption\":\"Dakine - Plecak + pi\\u00f3rnik\"},{\"@type\":\"WebPage\",\"@id\":\"https:\/\/torebunia.pl\/sklep\/produkt\/dakine-plecak-piornik\/#webpage\",\"url\":\"https:\/\/torebunia.pl\/sklep\/produkt\/dakine-plecak-piornik\/\",\"name\":\"Dakine - Plecak + pi\\u00f3rnik\",\"isPartOf\":{\"@id\":\"https:\/\/torebunia.pl\/sklep\/#website\"},\"primaryImageOfPage\":{\"@id\":\"https:\/\/torebunia.pl\/sklep\/produkt\/dakine-plecak-piornik\/#primaryimage\"},\"datePublished\":\"2020-07-06T19:08:18+00:00\",\"dateModified\":\"2021-01-27T12:41:43+00:00\",\"inLanguage\":\"pl-PL\",\"potentialAction\":[{\"@type\":\"ReadAction\",\"target\":[\"https:\/\/torebunia.pl\/sklep\/produkt\/dakine-plecak-piornik\/\"]}]}]}<\/script>\n<!-- \/ Yoast SEO plugin. -->","_links":{"self":[{"href":"https:\/\/torebunia.pl\/sklep\/wp-json\/wp\/v2\/product\/9369","targetHints":{"allow":["GET"]}}],"collection":[{"href":"https:\/\/torebunia.pl\/sklep\/wp-json\/wp\/v2\/product"}],"about":[{"href":"https:\/\/torebunia.pl\/sklep\/wp-json\/wp\/v2\/types\/product"}],"replies":[{"embeddable":true,"href":"https:\/\/torebunia.pl\/sklep\/wp-json\/wp\/v2\/comments?post=9369"}],"wp:featuredmedia":[{"embeddable":true,"href":"https:\/\/torebunia.pl\/sklep\/wp-json\/wp\/v2\/media\/9370"}],"wp:attachment":[{"href":"https:\/\/torebunia.pl\/sklep\/wp-json\/wp\/v2\/media?parent=9369"}],"curies":[{"name":"wp","href":"https:\/\/api.w.org\/{rel}","templated":true}]}}