{"id":9203,"date":"2020-09-17T05:37:30","date_gmt":"2020-09-17T05:37:30","guid":{"rendered":"https:\/\/torebunia.pl\/sklep\/produkt\/wrangler-workery-skorzane\/"},"modified":"2021-01-27T12:44:21","modified_gmt":"2021-01-27T12:44:21","slug":"wrangler-workery-skorzane","status":"publish","type":"product","link":"https:\/\/torebunia.pl\/sklep\/produkt\/wrangler-workery-skorzane\/","title":{"rendered":"Wrangler &#8211; Workery sk\u00f3rzane"},"content":{"rendered":"<p>Parametry produktu:<\/p>\n<ul>\n<li>cena: <strong>339.9 PLN<\/strong><\/li>\n<li>marka: <strong>Wrangler<\/strong><\/li>\n<li>p\u0142e\u0107: <strong>Female<\/strong><\/li>\n<li>kategoria: <strong>ONA \/ Obuwie \/ Kozaki i botki \/ Botki<\/strong><\/li>\n<li>kolor: <strong>czarny<\/strong><\/li>\n<\/ul>\n<p>Opis:<br \/>\nWorkery z kolekcji Wrangler. Model wykonany ze sk\u00f3ry naturalnej. &#8211; Zapi\u0119cie na suwak. &#8211; Okr\u0105g\u0142y, usztywniony nosek. &#8211; \u017b\u0142obiona podeszwa. &#8211; Tekstylne wn\u0119trze. &#8211; Sznurowany model. &#8211; D\u0142ugo\u015b\u0107 wk\u0142adki wynosi: 23,5 cm. &#8211; Wymiary podane dla rozmiaru: 37. Obcas: p\u0142aski Ocieplenie: nieocieplane Materia\u0142: sk\u00f3ra licowa Fason: workery Zapi\u0119cie: sznurowanie Wysoko\u015b\u0107 obcasa: bez obcasa Sk\u0142ad: Cholewka: Sk\u00f3ra naturalna, Wn\u0119trze: Materia\u0142 tekstylny, Podeszwa: Materia\u0142 syntetyczny ID produktu: 4900-OBD1OT Kod producenta: WL02560A<\/p>\n","protected":false},"excerpt":{"rendered":"<p>Parametry produktu: cena: 339.9 PLN marka: Wrangler p\u0142e\u0107: Female kategoria: ONA \/ Obuwie \/ Kozaki i botki \/ Botki kolor: czarny Opis: Workery z kolekcji Wrangler. Model wykonany ze sk\u00f3ry<\/p>\n","protected":false},"featured_media":9204,"comment_status":"closed","ping_status":"open","template":"","meta":[],"class_list":{"0":"post-9203","1":"product","2":"type-product","3":"status-publish","5":"hentry","6":"product_cat-botki","7":"product_cat-kozaki-i-botki","8":"product_cat-obuwie","9":"product_cat-ona","10":"product_tag-wrangler","11":"product_tag-wrangler-workery-skorzane"},"yoast_head":"<!-- This site is optimized with the Yoast SEO plugin v15.6.2 - https:\/\/yoast.com\/wordpress\/plugins\/seo\/ -->\n<title>Wrangler - Workery sk\u00f3rzane<\/title>\n<meta name=\"robots\" content=\"index, follow, max-snippet:-1, max-image-preview:large, max-video-preview:-1\" \/>\n<link rel=\"canonical\" href=\"https:\/\/torebunia.pl\/sklep\/produkt\/wrangler-workery-skorzane\/\" \/>\n<meta property=\"og:locale\" content=\"pl_PL\" \/>\n<meta property=\"og:type\" content=\"article\" \/>\n<meta property=\"og:title\" content=\"Wrangler - Workery sk\u00f3rzane\" \/>\n<meta property=\"og:description\" content=\"Parametry produktu: cena: 339.9 PLN marka: Wrangler p\u0142e\u0107: Female kategoria: ONA \/ Obuwie \/ Kozaki i botki \/ Botki kolor: czarny Opis: Workery z kolekcji Wrangler. Model wykonany ze sk\u00f3ry\" \/>\n<meta property=\"og:url\" content=\"https:\/\/torebunia.pl\/sklep\/produkt\/wrangler-workery-skorzane\/\" \/>\n<meta property=\"og:site_name\" content=\"Moje Blog\" \/>\n<meta property=\"article:modified_time\" content=\"2021-01-27T12:44:21+00:00\" \/>\n<meta property=\"og:image\" content=\"https:\/\/torebunia.pl\/sklep\/wp-content\/uploads\/2021\/01\/8848471a1ba571fc724f4ee0b403044ea6f5277f.jpg\" \/>\n\t<meta property=\"og:image:width\" content=\"855\" \/>\n\t<meta property=\"og:image:height\" content=\"1290\" \/>\n<meta name=\"twitter:card\" content=\"summary_large_image\" \/>\n<meta name=\"twitter:label1\" content=\"Est. reading time\">\n\t<meta name=\"twitter:data1\" content=\"1 minuta\">\n<script type=\"application\/ld+json\" class=\"yoast-schema-graph\">{\"@context\":\"https:\/\/schema.org\",\"@graph\":[{\"@type\":\"WebSite\",\"@id\":\"https:\/\/torebunia.pl\/sklep\/#website\",\"url\":\"https:\/\/torebunia.pl\/sklep\/\",\"name\":\"Moje Blog\",\"description\":\"Kolejna witryna WordPress\",\"potentialAction\":[{\"@type\":\"SearchAction\",\"target\":\"https:\/\/torebunia.pl\/sklep\/?s={search_term_string}\",\"query-input\":\"required name=search_term_string\"}],\"inLanguage\":\"pl-PL\"},{\"@type\":\"ImageObject\",\"@id\":\"https:\/\/torebunia.pl\/sklep\/produkt\/wrangler-workery-skorzane\/#primaryimage\",\"inLanguage\":\"pl-PL\",\"url\":\"https:\/\/torebunia.pl\/sklep\/wp-content\/uploads\/2021\/01\/8848471a1ba571fc724f4ee0b403044ea6f5277f.jpg\",\"width\":855,\"height\":1290,\"caption\":\"Wrangler - Workery sk\\u00f3rzane\"},{\"@type\":\"WebPage\",\"@id\":\"https:\/\/torebunia.pl\/sklep\/produkt\/wrangler-workery-skorzane\/#webpage\",\"url\":\"https:\/\/torebunia.pl\/sklep\/produkt\/wrangler-workery-skorzane\/\",\"name\":\"Wrangler - Workery sk\\u00f3rzane\",\"isPartOf\":{\"@id\":\"https:\/\/torebunia.pl\/sklep\/#website\"},\"primaryImageOfPage\":{\"@id\":\"https:\/\/torebunia.pl\/sklep\/produkt\/wrangler-workery-skorzane\/#primaryimage\"},\"datePublished\":\"2020-09-17T05:37:30+00:00\",\"dateModified\":\"2021-01-27T12:44:21+00:00\",\"inLanguage\":\"pl-PL\",\"potentialAction\":[{\"@type\":\"ReadAction\",\"target\":[\"https:\/\/torebunia.pl\/sklep\/produkt\/wrangler-workery-skorzane\/\"]}]}]}<\/script>\n<!-- \/ Yoast SEO plugin. -->","_links":{"self":[{"href":"https:\/\/torebunia.pl\/sklep\/wp-json\/wp\/v2\/product\/9203","targetHints":{"allow":["GET"]}}],"collection":[{"href":"https:\/\/torebunia.pl\/sklep\/wp-json\/wp\/v2\/product"}],"about":[{"href":"https:\/\/torebunia.pl\/sklep\/wp-json\/wp\/v2\/types\/product"}],"replies":[{"embeddable":true,"href":"https:\/\/torebunia.pl\/sklep\/wp-json\/wp\/v2\/comments?post=9203"}],"wp:featuredmedia":[{"embeddable":true,"href":"https:\/\/torebunia.pl\/sklep\/wp-json\/wp\/v2\/media\/9204"}],"wp:attachment":[{"href":"https:\/\/torebunia.pl\/sklep\/wp-json\/wp\/v2\/media?parent=9203"}],"curies":[{"name":"wp","href":"https:\/\/api.w.org\/{rel}","templated":true}]}}