{"id":9119,"date":"2020-11-12T20:18:47","date_gmt":"2020-11-12T20:18:47","guid":{"rendered":"https:\/\/torebunia.pl\/sklep\/produkt\/morgan-bluzka-6\/"},"modified":"2021-01-27T13:26:21","modified_gmt":"2021-01-27T13:26:21","slug":"morgan-bluzka-6","status":"publish","type":"product","link":"https:\/\/torebunia.pl\/sklep\/produkt\/morgan-bluzka-6\/","title":{"rendered":"Morgan &#8211; Bluzka"},"content":{"rendered":"<p>Parametry produktu:<\/p>\n<ul>\n<li>cena: <strong>199.9 PLN<\/strong><\/li>\n<li>marka: <strong>Morgan<\/strong><\/li>\n<li>p\u0142e\u0107: <strong>Female<\/strong><\/li>\n<li>kategoria: <strong>ONA \/ Odzie\u017c \/ Bluzki i koszule \/ Bluzki<\/strong><\/li>\n<li>kolor: <strong>czarny<\/strong><\/li>\n<\/ul>\n<p>Opis:<br \/>\nBluzka z kolekcji Morgan. Model wykonany z cienkiej, elastycznej dzianiny. Posiada spiczasty dekolt. &#8211; Dopasowany fason. &#8211; D\u0142ugi r\u0119kaw. &#8211; Spiczasty dekolt. &#8211; D\u0142ugo\u015b\u0107 r\u0119kawa: 63 cm. &#8211; D\u0142ugo\u015b\u0107: 59 cm. &#8211; Szeroko\u015b\u0107 pod pachami: 40,5 cm. &#8211; Wymiary podane dla rozmiaru: S. Wz\u00f3r: g\u0142adkie Fason: slim Dekolt: szpic R\u0119kaw: d\u0142ugi Okazje: casual Sk\u0142ad: Materia\u0142 1: 50 % Poliamid, 50 % Wiskoza, Materia\u0142 2: 100 % Poliester ID produktu: 4900-BDD05A Kod producenta: 202.MALEX<\/p>\n","protected":false},"excerpt":{"rendered":"<p>Parametry produktu: cena: 199.9 PLN marka: Morgan p\u0142e\u0107: Female kategoria: ONA \/ Odzie\u017c \/ Bluzki i koszule \/ Bluzki kolor: czarny Opis: Bluzka z kolekcji Morgan. Model wykonany z cienkiej,<\/p>\n","protected":false},"featured_media":9120,"comment_status":"closed","ping_status":"open","template":"","meta":[],"class_list":{"0":"post-9119","1":"product","2":"type-product","3":"status-publish","5":"hentry","6":"product_cat-bluzki","7":"product_cat-bluzki-i-koszule","8":"product_cat-odziez","9":"product_cat-ona","10":"product_tag-morgan","11":"product_tag-morgan-bluzka"},"yoast_head":"<!-- This site is optimized with the Yoast SEO plugin v15.6.2 - https:\/\/yoast.com\/wordpress\/plugins\/seo\/ -->\n<title>Morgan - Bluzka<\/title>\n<meta name=\"robots\" content=\"index, follow, max-snippet:-1, max-image-preview:large, max-video-preview:-1\" \/>\n<link rel=\"canonical\" href=\"https:\/\/torebunia.pl\/sklep\/produkt\/morgan-bluzka-6\/\" \/>\n<meta property=\"og:locale\" content=\"pl_PL\" \/>\n<meta property=\"og:type\" content=\"article\" \/>\n<meta property=\"og:title\" content=\"Morgan - Bluzka\" \/>\n<meta property=\"og:description\" content=\"Parametry produktu: cena: 199.9 PLN marka: Morgan p\u0142e\u0107: Female kategoria: ONA \/ Odzie\u017c \/ Bluzki i koszule \/ Bluzki kolor: czarny Opis: Bluzka z kolekcji Morgan. Model wykonany z cienkiej,\" \/>\n<meta property=\"og:url\" content=\"https:\/\/torebunia.pl\/sklep\/produkt\/morgan-bluzka-6\/\" \/>\n<meta property=\"og:site_name\" content=\"Moje Blog\" \/>\n<meta property=\"article:modified_time\" content=\"2021-01-27T13:26:21+00:00\" \/>\n<meta property=\"og:image\" content=\"https:\/\/torebunia.pl\/sklep\/wp-content\/uploads\/2021\/01\/e59000f197722bc976f99f3ade4d957552156771.jpg\" \/>\n\t<meta property=\"og:image:width\" content=\"855\" \/>\n\t<meta property=\"og:image:height\" content=\"1290\" \/>\n<meta name=\"twitter:card\" content=\"summary_large_image\" \/>\n<script type=\"application\/ld+json\" class=\"yoast-schema-graph\">{\"@context\":\"https:\/\/schema.org\",\"@graph\":[{\"@type\":\"WebSite\",\"@id\":\"https:\/\/torebunia.pl\/sklep\/#website\",\"url\":\"https:\/\/torebunia.pl\/sklep\/\",\"name\":\"Moje Blog\",\"description\":\"Kolejna witryna WordPress\",\"potentialAction\":[{\"@type\":\"SearchAction\",\"target\":\"https:\/\/torebunia.pl\/sklep\/?s={search_term_string}\",\"query-input\":\"required name=search_term_string\"}],\"inLanguage\":\"pl-PL\"},{\"@type\":\"ImageObject\",\"@id\":\"https:\/\/torebunia.pl\/sklep\/produkt\/morgan-bluzka-6\/#primaryimage\",\"inLanguage\":\"pl-PL\",\"url\":\"https:\/\/torebunia.pl\/sklep\/wp-content\/uploads\/2021\/01\/e59000f197722bc976f99f3ade4d957552156771.jpg\",\"width\":855,\"height\":1290,\"caption\":\"Morgan - Bluzka\"},{\"@type\":\"WebPage\",\"@id\":\"https:\/\/torebunia.pl\/sklep\/produkt\/morgan-bluzka-6\/#webpage\",\"url\":\"https:\/\/torebunia.pl\/sklep\/produkt\/morgan-bluzka-6\/\",\"name\":\"Morgan - Bluzka\",\"isPartOf\":{\"@id\":\"https:\/\/torebunia.pl\/sklep\/#website\"},\"primaryImageOfPage\":{\"@id\":\"https:\/\/torebunia.pl\/sklep\/produkt\/morgan-bluzka-6\/#primaryimage\"},\"datePublished\":\"2020-11-12T20:18:47+00:00\",\"dateModified\":\"2021-01-27T13:26:21+00:00\",\"inLanguage\":\"pl-PL\",\"potentialAction\":[{\"@type\":\"ReadAction\",\"target\":[\"https:\/\/torebunia.pl\/sklep\/produkt\/morgan-bluzka-6\/\"]}]}]}<\/script>\n<!-- \/ Yoast SEO plugin. -->","_links":{"self":[{"href":"https:\/\/torebunia.pl\/sklep\/wp-json\/wp\/v2\/product\/9119","targetHints":{"allow":["GET"]}}],"collection":[{"href":"https:\/\/torebunia.pl\/sklep\/wp-json\/wp\/v2\/product"}],"about":[{"href":"https:\/\/torebunia.pl\/sklep\/wp-json\/wp\/v2\/types\/product"}],"replies":[{"embeddable":true,"href":"https:\/\/torebunia.pl\/sklep\/wp-json\/wp\/v2\/comments?post=9119"}],"wp:featuredmedia":[{"embeddable":true,"href":"https:\/\/torebunia.pl\/sklep\/wp-json\/wp\/v2\/media\/9120"}],"wp:attachment":[{"href":"https:\/\/torebunia.pl\/sklep\/wp-json\/wp\/v2\/media?parent=9119"}],"curies":[{"name":"wp","href":"https:\/\/api.w.org\/{rel}","templated":true}]}}