{"id":9095,"date":"2020-10-22T12:03:18","date_gmt":"2020-10-22T12:03:18","guid":{"rendered":"https:\/\/torebunia.pl\/sklep\/produkt\/puma-biustonosz-2\/"},"modified":"2021-01-27T13:26:01","modified_gmt":"2021-01-27T13:26:01","slug":"puma-biustonosz-2","status":"publish","type":"product","link":"https:\/\/torebunia.pl\/sklep\/produkt\/puma-biustonosz-2\/","title":{"rendered":"Puma &#8211; Biustonosz"},"content":{"rendered":"<p>Parametry produktu:<\/p>\n<ul>\n<li>cena: <strong>99.9 PLN<\/strong><\/li>\n<li>marka: <strong>Puma<\/strong><\/li>\n<li>p\u0142e\u0107: <strong>Female<\/strong><\/li>\n<li>kategoria: <strong>ONA \/ Odzie\u017c \/ Bielizna \/ Biustonosze<\/strong><\/li>\n<li>kolor: <strong>winogronowy<\/strong><\/li>\n<\/ul>\n<p>Opis:<br \/>\nBiustonosz w fasonie klasycznym z kolekcji Puma. Model wykonany z komfortowego materia\u0142u. &#8211; Lekko usztywniona miseczka. &#8211; Miseczki wzmocnione fiszbinami. &#8211; Zapi\u0119cie na podw\u00f3jne trzystopniowe haftki. &#8211; Regulowane rami\u0105czka. Miseczka: lekko usztywniana Miseczka: z fiszbinami Wz\u00f3r: aplikacja Materia\u0142: dzianina Sk\u0142ad: Materia\u0142 zasadniczy: 44 % Bawe\u0142na, 12 % Elastan, 44 % Modal, Aplikacja: 100 % Poliester ID produktu: 4901-BID19C Kod producenta: 907508<\/p>\n","protected":false},"excerpt":{"rendered":"<p>Parametry produktu: cena: 99.9 PLN marka: Puma p\u0142e\u0107: Female kategoria: ONA \/ Odzie\u017c \/ Bielizna \/ Biustonosze kolor: winogronowy Opis: Biustonosz w fasonie klasycznym z kolekcji Puma. Model wykonany z<\/p>\n","protected":false},"featured_media":9096,"comment_status":"closed","ping_status":"open","template":"","meta":[],"class_list":{"0":"post-9095","1":"product","2":"type-product","3":"status-publish","5":"hentry","6":"product_cat-bielizna","7":"product_cat-biustonosze","8":"product_cat-odziez","9":"product_cat-ona","10":"product_tag-puma","11":"product_tag-puma-biustonosz"},"yoast_head":"<!-- This site is optimized with the Yoast SEO plugin v15.6.2 - https:\/\/yoast.com\/wordpress\/plugins\/seo\/ -->\n<title>Puma - Biustonosz<\/title>\n<meta name=\"robots\" content=\"index, follow, max-snippet:-1, max-image-preview:large, max-video-preview:-1\" \/>\n<link rel=\"canonical\" href=\"https:\/\/torebunia.pl\/sklep\/produkt\/puma-biustonosz-2\/\" \/>\n<meta property=\"og:locale\" content=\"pl_PL\" \/>\n<meta property=\"og:type\" content=\"article\" \/>\n<meta property=\"og:title\" content=\"Puma - Biustonosz\" \/>\n<meta property=\"og:description\" content=\"Parametry produktu: cena: 99.9 PLN marka: Puma p\u0142e\u0107: Female kategoria: ONA \/ Odzie\u017c \/ Bielizna \/ Biustonosze kolor: winogronowy Opis: Biustonosz w fasonie klasycznym z kolekcji Puma. Model wykonany z\" \/>\n<meta property=\"og:url\" content=\"https:\/\/torebunia.pl\/sklep\/produkt\/puma-biustonosz-2\/\" \/>\n<meta property=\"og:site_name\" content=\"Moje Blog\" \/>\n<meta property=\"article:modified_time\" content=\"2021-01-27T13:26:01+00:00\" \/>\n<meta property=\"og:image\" content=\"https:\/\/torebunia.pl\/sklep\/wp-content\/uploads\/2021\/01\/9d36c0e65961f3a3ae80325017c829717dabe2ce.jpg\" \/>\n\t<meta property=\"og:image:width\" content=\"855\" \/>\n\t<meta property=\"og:image:height\" content=\"1290\" \/>\n<meta name=\"twitter:card\" content=\"summary_large_image\" \/>\n<script type=\"application\/ld+json\" class=\"yoast-schema-graph\">{\"@context\":\"https:\/\/schema.org\",\"@graph\":[{\"@type\":\"WebSite\",\"@id\":\"https:\/\/torebunia.pl\/sklep\/#website\",\"url\":\"https:\/\/torebunia.pl\/sklep\/\",\"name\":\"Moje Blog\",\"description\":\"Kolejna witryna WordPress\",\"potentialAction\":[{\"@type\":\"SearchAction\",\"target\":\"https:\/\/torebunia.pl\/sklep\/?s={search_term_string}\",\"query-input\":\"required name=search_term_string\"}],\"inLanguage\":\"pl-PL\"},{\"@type\":\"ImageObject\",\"@id\":\"https:\/\/torebunia.pl\/sklep\/produkt\/puma-biustonosz-2\/#primaryimage\",\"inLanguage\":\"pl-PL\",\"url\":\"https:\/\/torebunia.pl\/sklep\/wp-content\/uploads\/2021\/01\/9d36c0e65961f3a3ae80325017c829717dabe2ce.jpg\",\"width\":855,\"height\":1290,\"caption\":\"Puma - Biustonosz\"},{\"@type\":\"WebPage\",\"@id\":\"https:\/\/torebunia.pl\/sklep\/produkt\/puma-biustonosz-2\/#webpage\",\"url\":\"https:\/\/torebunia.pl\/sklep\/produkt\/puma-biustonosz-2\/\",\"name\":\"Puma - Biustonosz\",\"isPartOf\":{\"@id\":\"https:\/\/torebunia.pl\/sklep\/#website\"},\"primaryImageOfPage\":{\"@id\":\"https:\/\/torebunia.pl\/sklep\/produkt\/puma-biustonosz-2\/#primaryimage\"},\"datePublished\":\"2020-10-22T12:03:18+00:00\",\"dateModified\":\"2021-01-27T13:26:01+00:00\",\"inLanguage\":\"pl-PL\",\"potentialAction\":[{\"@type\":\"ReadAction\",\"target\":[\"https:\/\/torebunia.pl\/sklep\/produkt\/puma-biustonosz-2\/\"]}]}]}<\/script>\n<!-- \/ Yoast SEO plugin. -->","_links":{"self":[{"href":"https:\/\/torebunia.pl\/sklep\/wp-json\/wp\/v2\/product\/9095","targetHints":{"allow":["GET"]}}],"collection":[{"href":"https:\/\/torebunia.pl\/sklep\/wp-json\/wp\/v2\/product"}],"about":[{"href":"https:\/\/torebunia.pl\/sklep\/wp-json\/wp\/v2\/types\/product"}],"replies":[{"embeddable":true,"href":"https:\/\/torebunia.pl\/sklep\/wp-json\/wp\/v2\/comments?post=9095"}],"wp:featuredmedia":[{"embeddable":true,"href":"https:\/\/torebunia.pl\/sklep\/wp-json\/wp\/v2\/media\/9096"}],"wp:attachment":[{"href":"https:\/\/torebunia.pl\/sklep\/wp-json\/wp\/v2\/media?parent=9095"}],"curies":[{"name":"wp","href":"https:\/\/api.w.org\/{rel}","templated":true}]}}