{"id":9081,"date":"2020-11-18T20:26:42","date_gmt":"2020-11-18T20:26:42","guid":{"rendered":"https:\/\/torebunia.pl\/sklep\/produkt\/roxy-spodnie\/"},"modified":"2021-01-27T13:25:50","modified_gmt":"2021-01-27T13:25:50","slug":"roxy-spodnie","status":"publish","type":"product","link":"https:\/\/torebunia.pl\/sklep\/produkt\/roxy-spodnie\/","title":{"rendered":"Roxy &#8211; Spodnie"},"content":{"rendered":"<p>Parametry produktu:<\/p>\n<ul>\n<li>cena: <strong>549.9 PLN<\/strong><\/li>\n<li>marka: <strong>Roxy<\/strong><\/li>\n<li>p\u0142e\u0107: <strong>Female<\/strong><\/li>\n<li>kategoria: <strong>ONA \/ Odzie\u017c \/ Spodnie i legginsy \/ Techniczne<\/strong><\/li>\n<li>kolor: <strong>czarny<\/strong><\/li>\n<\/ul>\n<p>Opis:<br \/>\nSpodnie z kolekcji Roxy . Model wykonany z wytrzyma\u0142ego, g\u0142adkiego materia\u0142u. &#8211; Technologia DryFlight &#8211; zapewnia komfort i sucho\u015b\u0107 zar\u00f3wno w ekstremalnych warunkach, jak i podczas zmiennej aury. &#8211; WarmFlight Technology zapewnia utrzymanie odpowiedniej temperatury i ciep\u0142a. &#8211; Dolna cz\u0119\u015b\u0107 nogawki z podgumowanym \u015bci\u0105gaczem. &#8211; Zapi\u0119cie na suwak, zatrzaski, rzep oraz haftk\u0119. &#8211; Zapinane kieszenie. &#8211; Szeroko\u015b\u0107 w pasie: 36 cm. &#8211; Szeroko\u015b\u0107 w biodrach: 52 cm. &#8211; Wysoko\u015b\u0107 stanu: 22,5 cm. &#8211; Szeroko\u015b\u0107 nogawki na dole: 24,5 cm. &#8211; Szeroko\u015b\u0107 nogawki: 28 cm. &#8211; D\u0142ugo\u015b\u0107: 102 cm. &#8211; Wymiary podane dla rozmiaru: S. Sk\u0142ad: 100 % Poliester ID produktu: 4910-SPD0AB Kod producenta: ERJTP03091<\/p>\n","protected":false},"excerpt":{"rendered":"<p>Parametry produktu: cena: 549.9 PLN marka: Roxy p\u0142e\u0107: Female kategoria: ONA \/ Odzie\u017c \/ Spodnie i legginsy \/ Techniczne kolor: czarny Opis: Spodnie z kolekcji Roxy . Model wykonany z<\/p>\n","protected":false},"featured_media":9082,"comment_status":"closed","ping_status":"open","template":"","meta":[],"class_list":{"0":"post-9081","1":"product","2":"type-product","3":"status-publish","5":"hentry","6":"product_cat-odziez","7":"product_cat-ona","8":"product_cat-spodnie-i-legginsy","9":"product_cat-techniczne","10":"product_tag-roxy","11":"product_tag-roxy-spodnie"},"yoast_head":"<!-- This site is optimized with the Yoast SEO plugin v15.6.2 - https:\/\/yoast.com\/wordpress\/plugins\/seo\/ -->\n<title>Roxy - Spodnie<\/title>\n<meta name=\"robots\" content=\"index, follow, max-snippet:-1, max-image-preview:large, max-video-preview:-1\" \/>\n<link rel=\"canonical\" href=\"https:\/\/torebunia.pl\/sklep\/produkt\/roxy-spodnie\/\" \/>\n<meta property=\"og:locale\" content=\"pl_PL\" \/>\n<meta property=\"og:type\" content=\"article\" \/>\n<meta property=\"og:title\" content=\"Roxy - Spodnie\" \/>\n<meta property=\"og:description\" content=\"Parametry produktu: cena: 549.9 PLN marka: Roxy p\u0142e\u0107: Female kategoria: ONA \/ Odzie\u017c \/ Spodnie i legginsy \/ Techniczne kolor: czarny Opis: Spodnie z kolekcji Roxy . Model wykonany z\" \/>\n<meta property=\"og:url\" content=\"https:\/\/torebunia.pl\/sklep\/produkt\/roxy-spodnie\/\" \/>\n<meta property=\"og:site_name\" content=\"Moje Blog\" \/>\n<meta property=\"article:modified_time\" content=\"2021-01-27T13:25:50+00:00\" \/>\n<meta property=\"og:image\" content=\"https:\/\/torebunia.pl\/sklep\/wp-content\/uploads\/2021\/01\/d51c0f0fa2d1034335a8b2750d706f9959577590.jpg\" \/>\n\t<meta property=\"og:image:width\" content=\"855\" \/>\n\t<meta property=\"og:image:height\" content=\"1290\" \/>\n<meta name=\"twitter:card\" content=\"summary_large_image\" \/>\n<meta name=\"twitter:label1\" content=\"Est. reading time\">\n\t<meta name=\"twitter:data1\" content=\"1 minuta\">\n<script type=\"application\/ld+json\" class=\"yoast-schema-graph\">{\"@context\":\"https:\/\/schema.org\",\"@graph\":[{\"@type\":\"WebSite\",\"@id\":\"https:\/\/torebunia.pl\/sklep\/#website\",\"url\":\"https:\/\/torebunia.pl\/sklep\/\",\"name\":\"Moje Blog\",\"description\":\"Kolejna witryna WordPress\",\"potentialAction\":[{\"@type\":\"SearchAction\",\"target\":\"https:\/\/torebunia.pl\/sklep\/?s={search_term_string}\",\"query-input\":\"required name=search_term_string\"}],\"inLanguage\":\"pl-PL\"},{\"@type\":\"ImageObject\",\"@id\":\"https:\/\/torebunia.pl\/sklep\/produkt\/roxy-spodnie\/#primaryimage\",\"inLanguage\":\"pl-PL\",\"url\":\"https:\/\/torebunia.pl\/sklep\/wp-content\/uploads\/2021\/01\/d51c0f0fa2d1034335a8b2750d706f9959577590.jpg\",\"width\":855,\"height\":1290,\"caption\":\"Roxy - Spodnie\"},{\"@type\":\"WebPage\",\"@id\":\"https:\/\/torebunia.pl\/sklep\/produkt\/roxy-spodnie\/#webpage\",\"url\":\"https:\/\/torebunia.pl\/sklep\/produkt\/roxy-spodnie\/\",\"name\":\"Roxy - Spodnie\",\"isPartOf\":{\"@id\":\"https:\/\/torebunia.pl\/sklep\/#website\"},\"primaryImageOfPage\":{\"@id\":\"https:\/\/torebunia.pl\/sklep\/produkt\/roxy-spodnie\/#primaryimage\"},\"datePublished\":\"2020-11-18T20:26:42+00:00\",\"dateModified\":\"2021-01-27T13:25:50+00:00\",\"inLanguage\":\"pl-PL\",\"potentialAction\":[{\"@type\":\"ReadAction\",\"target\":[\"https:\/\/torebunia.pl\/sklep\/produkt\/roxy-spodnie\/\"]}]}]}<\/script>\n<!-- \/ Yoast SEO plugin. -->","_links":{"self":[{"href":"https:\/\/torebunia.pl\/sklep\/wp-json\/wp\/v2\/product\/9081","targetHints":{"allow":["GET"]}}],"collection":[{"href":"https:\/\/torebunia.pl\/sklep\/wp-json\/wp\/v2\/product"}],"about":[{"href":"https:\/\/torebunia.pl\/sklep\/wp-json\/wp\/v2\/types\/product"}],"replies":[{"embeddable":true,"href":"https:\/\/torebunia.pl\/sklep\/wp-json\/wp\/v2\/comments?post=9081"}],"wp:featuredmedia":[{"embeddable":true,"href":"https:\/\/torebunia.pl\/sklep\/wp-json\/wp\/v2\/media\/9082"}],"wp:attachment":[{"href":"https:\/\/torebunia.pl\/sklep\/wp-json\/wp\/v2\/media?parent=9081"}],"curies":[{"name":"wp","href":"https:\/\/api.w.org\/{rel}","templated":true}]}}