{"id":9063,"date":"2020-09-07T12:42:19","date_gmt":"2020-09-07T12:42:19","guid":{"rendered":"https:\/\/torebunia.pl\/sklep\/produkt\/karl-lagerfeld-czapka\/"},"modified":"2021-01-27T13:25:38","modified_gmt":"2021-01-27T13:25:38","slug":"karl-lagerfeld-czapka","status":"publish","type":"product","link":"https:\/\/torebunia.pl\/sklep\/produkt\/karl-lagerfeld-czapka\/","title":{"rendered":"Karl Lagerfeld &#8211; Czapka"},"content":{"rendered":"<p>Parametry produktu:<\/p>\n<ul>\n<li>cena: <strong>289.9 PLN<\/strong><\/li>\n<li>marka: <strong>Karl Lagerfeld<\/strong><\/li>\n<li>p\u0142e\u0107: <strong>Female<\/strong><\/li>\n<li>kategoria: <strong>ONA \/ Akcesoria \/ Czapki i kapelusze \/ Czapki z daszkiem<\/strong><\/li>\n<li>kolor: <strong>czarny<\/strong><\/li>\n<\/ul>\n<p>Opis:<br \/>\nCzapka z daszkiem typu baseball z kolekcji Karl Lagerfeld. Model wykonany z tkaniny z aplikacj\u0105. &#8211; Zakrzywiony daszek. &#8211; Regulowany obw\u00f3d. &#8211; Model z aplikacj\u0105. Wz\u00f3r: aplikacja Materia\u0142: bawe\u0142na Sk\u0142ad: 100 % Bawe\u0142na ID produktu: 4900-CAD06F Kod producenta: 205W3405<\/p>\n","protected":false},"excerpt":{"rendered":"<p>Parametry produktu: cena: 289.9 PLN marka: Karl Lagerfeld p\u0142e\u0107: Female kategoria: ONA \/ Akcesoria \/ Czapki i kapelusze \/ Czapki z daszkiem kolor: czarny Opis: Czapka z daszkiem typu baseball<\/p>\n","protected":false},"featured_media":9064,"comment_status":"closed","ping_status":"open","template":"","meta":[],"class_list":{"0":"post-9063","1":"product","2":"type-product","3":"status-publish","5":"hentry","6":"product_cat-akcesoria","7":"product_cat-czapki-i-kapelusze","8":"product_cat-czapki-z-daszkiem","9":"product_cat-ona","10":"product_tag-karl-lagerfeld","11":"product_tag-karl-lagerfeld-czapka"},"yoast_head":"<!-- This site is optimized with the Yoast SEO plugin v15.6.2 - https:\/\/yoast.com\/wordpress\/plugins\/seo\/ -->\n<title>Karl Lagerfeld - Czapka<\/title>\n<meta name=\"robots\" content=\"index, follow, max-snippet:-1, max-image-preview:large, max-video-preview:-1\" \/>\n<link rel=\"canonical\" href=\"https:\/\/torebunia.pl\/sklep\/produkt\/karl-lagerfeld-czapka\/\" \/>\n<meta property=\"og:locale\" content=\"pl_PL\" \/>\n<meta property=\"og:type\" content=\"article\" \/>\n<meta property=\"og:title\" content=\"Karl Lagerfeld - Czapka\" \/>\n<meta property=\"og:description\" content=\"Parametry produktu: cena: 289.9 PLN marka: Karl Lagerfeld p\u0142e\u0107: Female kategoria: ONA \/ Akcesoria \/ Czapki i kapelusze \/ Czapki z daszkiem kolor: czarny Opis: Czapka z daszkiem typu baseball\" \/>\n<meta property=\"og:url\" content=\"https:\/\/torebunia.pl\/sklep\/produkt\/karl-lagerfeld-czapka\/\" \/>\n<meta property=\"og:site_name\" content=\"Moje Blog\" \/>\n<meta property=\"article:modified_time\" content=\"2021-01-27T13:25:38+00:00\" \/>\n<meta property=\"og:image\" content=\"https:\/\/torebunia.pl\/sklep\/wp-content\/uploads\/2021\/01\/57286274f6948900e7426b38025ab20c63848fbc.jpg\" \/>\n\t<meta property=\"og:image:width\" content=\"855\" \/>\n\t<meta property=\"og:image:height\" content=\"1290\" \/>\n<meta name=\"twitter:card\" content=\"summary_large_image\" \/>\n<script type=\"application\/ld+json\" class=\"yoast-schema-graph\">{\"@context\":\"https:\/\/schema.org\",\"@graph\":[{\"@type\":\"WebSite\",\"@id\":\"https:\/\/torebunia.pl\/sklep\/#website\",\"url\":\"https:\/\/torebunia.pl\/sklep\/\",\"name\":\"Moje Blog\",\"description\":\"Kolejna witryna WordPress\",\"potentialAction\":[{\"@type\":\"SearchAction\",\"target\":\"https:\/\/torebunia.pl\/sklep\/?s={search_term_string}\",\"query-input\":\"required name=search_term_string\"}],\"inLanguage\":\"pl-PL\"},{\"@type\":\"ImageObject\",\"@id\":\"https:\/\/torebunia.pl\/sklep\/produkt\/karl-lagerfeld-czapka\/#primaryimage\",\"inLanguage\":\"pl-PL\",\"url\":\"https:\/\/torebunia.pl\/sklep\/wp-content\/uploads\/2021\/01\/57286274f6948900e7426b38025ab20c63848fbc.jpg\",\"width\":855,\"height\":1290,\"caption\":\"Karl Lagerfeld - Czapka\"},{\"@type\":\"WebPage\",\"@id\":\"https:\/\/torebunia.pl\/sklep\/produkt\/karl-lagerfeld-czapka\/#webpage\",\"url\":\"https:\/\/torebunia.pl\/sklep\/produkt\/karl-lagerfeld-czapka\/\",\"name\":\"Karl Lagerfeld - Czapka\",\"isPartOf\":{\"@id\":\"https:\/\/torebunia.pl\/sklep\/#website\"},\"primaryImageOfPage\":{\"@id\":\"https:\/\/torebunia.pl\/sklep\/produkt\/karl-lagerfeld-czapka\/#primaryimage\"},\"datePublished\":\"2020-09-07T12:42:19+00:00\",\"dateModified\":\"2021-01-27T13:25:38+00:00\",\"inLanguage\":\"pl-PL\",\"potentialAction\":[{\"@type\":\"ReadAction\",\"target\":[\"https:\/\/torebunia.pl\/sklep\/produkt\/karl-lagerfeld-czapka\/\"]}]}]}<\/script>\n<!-- \/ Yoast SEO plugin. -->","_links":{"self":[{"href":"https:\/\/torebunia.pl\/sklep\/wp-json\/wp\/v2\/product\/9063","targetHints":{"allow":["GET"]}}],"collection":[{"href":"https:\/\/torebunia.pl\/sklep\/wp-json\/wp\/v2\/product"}],"about":[{"href":"https:\/\/torebunia.pl\/sklep\/wp-json\/wp\/v2\/types\/product"}],"replies":[{"embeddable":true,"href":"https:\/\/torebunia.pl\/sklep\/wp-json\/wp\/v2\/comments?post=9063"}],"wp:featuredmedia":[{"embeddable":true,"href":"https:\/\/torebunia.pl\/sklep\/wp-json\/wp\/v2\/media\/9064"}],"wp:attachment":[{"href":"https:\/\/torebunia.pl\/sklep\/wp-json\/wp\/v2\/media?parent=9063"}],"curies":[{"name":"wp","href":"https:\/\/api.w.org\/{rel}","templated":true}]}}