{"id":9057,"date":"2021-01-13T09:08:14","date_gmt":"2021-01-13T09:08:14","guid":{"rendered":"https:\/\/torebunia.pl\/sklep\/produkt\/answear-lab-kardigan-7\/"},"modified":"2021-01-27T13:25:33","modified_gmt":"2021-01-27T13:25:33","slug":"answear-lab-kardigan-7","status":"publish","type":"product","link":"https:\/\/torebunia.pl\/sklep\/produkt\/answear-lab-kardigan-7\/","title":{"rendered":"Answear Lab &#8211; Kardigan"},"content":{"rendered":"<p>Parametry produktu:<\/p>\n<ul>\n<li>cena: <strong>159.9 PLN<\/strong><\/li>\n<li>marka: <strong>Answear Lab<\/strong><\/li>\n<li>p\u0142e\u0107: <strong>Female<\/strong><\/li>\n<li>kategoria: <strong>ONA \/ Odzie\u017c \/ Swetry \/ Rozpinane<\/strong><\/li>\n<li>kolor: <strong>bia\u0142y<\/strong><\/li>\n<\/ul>\n<p>Opis:<br \/>\nKardigan z kolekcji Answear Lab. Model wykonany z grubej dzianiny z we\u0142n\u0105. &#8211; Obni\u017cona linia ramion. &#8211; Niezapinany model. &#8211; Gruba, elastyczna dzianina. &#8211; Wzorzysta dzianina. &#8211; D\u0142ugo\u015b\u0107 r\u0119kawa(mierzona od ko\u0142nierza): 83 cm. &#8211; D\u0142ugo\u015b\u0107: 87 cm. &#8211; Szeroko\u015b\u0107 pod pachami: 52 cm. &#8211; Wymiary podane dla rozmiaru: One. Wz\u00f3r: wzorzyste Materia\u0142: z domieszk\u0105 we\u0142ny Dzianina: gruba Sk\u0142ad: 50 % Akryl, 50 % We\u0142na ID produktu: -100-SWD039 Kod producenta: 3013.STZ<\/p>\n","protected":false},"excerpt":{"rendered":"<p>Parametry produktu: cena: 159.9 PLN marka: Answear Lab p\u0142e\u0107: Female kategoria: ONA \/ Odzie\u017c \/ Swetry \/ Rozpinane kolor: bia\u0142y Opis: Kardigan z kolekcji Answear Lab. Model wykonany z grubej<\/p>\n","protected":false},"featured_media":9058,"comment_status":"closed","ping_status":"open","template":"","meta":[],"class_list":{"0":"post-9057","1":"product","2":"type-product","3":"status-publish","5":"hentry","6":"product_cat-odziez","7":"product_cat-ona","8":"product_cat-rozpinane","9":"product_cat-swetry","10":"product_tag-answear-lab","11":"product_tag-answear-lab-kardigan"},"yoast_head":"<!-- This site is optimized with the Yoast SEO plugin v15.6.2 - https:\/\/yoast.com\/wordpress\/plugins\/seo\/ -->\n<title>Answear Lab - Kardigan<\/title>\n<meta name=\"robots\" content=\"index, follow, max-snippet:-1, max-image-preview:large, max-video-preview:-1\" \/>\n<link rel=\"canonical\" href=\"https:\/\/torebunia.pl\/sklep\/produkt\/answear-lab-kardigan-7\/\" \/>\n<meta property=\"og:locale\" content=\"pl_PL\" \/>\n<meta property=\"og:type\" content=\"article\" \/>\n<meta property=\"og:title\" content=\"Answear Lab - Kardigan\" \/>\n<meta property=\"og:description\" content=\"Parametry produktu: cena: 159.9 PLN marka: Answear Lab p\u0142e\u0107: Female kategoria: ONA \/ Odzie\u017c \/ Swetry \/ Rozpinane kolor: bia\u0142y Opis: Kardigan z kolekcji Answear Lab. Model wykonany z grubej\" \/>\n<meta property=\"og:url\" content=\"https:\/\/torebunia.pl\/sklep\/produkt\/answear-lab-kardigan-7\/\" \/>\n<meta property=\"og:site_name\" content=\"Moje Blog\" \/>\n<meta property=\"article:modified_time\" content=\"2021-01-27T13:25:33+00:00\" \/>\n<meta property=\"og:image\" content=\"https:\/\/torebunia.pl\/sklep\/wp-content\/uploads\/2021\/01\/2e2bc990b6982c5523bd5257c9c86b3278a57a3a.jpg\" \/>\n\t<meta property=\"og:image:width\" content=\"855\" \/>\n\t<meta property=\"og:image:height\" content=\"1290\" \/>\n<meta name=\"twitter:card\" content=\"summary_large_image\" \/>\n<script type=\"application\/ld+json\" class=\"yoast-schema-graph\">{\"@context\":\"https:\/\/schema.org\",\"@graph\":[{\"@type\":\"WebSite\",\"@id\":\"https:\/\/torebunia.pl\/sklep\/#website\",\"url\":\"https:\/\/torebunia.pl\/sklep\/\",\"name\":\"Moje Blog\",\"description\":\"Kolejna witryna WordPress\",\"potentialAction\":[{\"@type\":\"SearchAction\",\"target\":\"https:\/\/torebunia.pl\/sklep\/?s={search_term_string}\",\"query-input\":\"required name=search_term_string\"}],\"inLanguage\":\"pl-PL\"},{\"@type\":\"ImageObject\",\"@id\":\"https:\/\/torebunia.pl\/sklep\/produkt\/answear-lab-kardigan-7\/#primaryimage\",\"inLanguage\":\"pl-PL\",\"url\":\"https:\/\/torebunia.pl\/sklep\/wp-content\/uploads\/2021\/01\/2e2bc990b6982c5523bd5257c9c86b3278a57a3a.jpg\",\"width\":855,\"height\":1290,\"caption\":\"Answear Lab - Kardigan\"},{\"@type\":\"WebPage\",\"@id\":\"https:\/\/torebunia.pl\/sklep\/produkt\/answear-lab-kardigan-7\/#webpage\",\"url\":\"https:\/\/torebunia.pl\/sklep\/produkt\/answear-lab-kardigan-7\/\",\"name\":\"Answear Lab - Kardigan\",\"isPartOf\":{\"@id\":\"https:\/\/torebunia.pl\/sklep\/#website\"},\"primaryImageOfPage\":{\"@id\":\"https:\/\/torebunia.pl\/sklep\/produkt\/answear-lab-kardigan-7\/#primaryimage\"},\"datePublished\":\"2021-01-13T09:08:14+00:00\",\"dateModified\":\"2021-01-27T13:25:33+00:00\",\"inLanguage\":\"pl-PL\",\"potentialAction\":[{\"@type\":\"ReadAction\",\"target\":[\"https:\/\/torebunia.pl\/sklep\/produkt\/answear-lab-kardigan-7\/\"]}]}]}<\/script>\n<!-- \/ Yoast SEO plugin. -->","_links":{"self":[{"href":"https:\/\/torebunia.pl\/sklep\/wp-json\/wp\/v2\/product\/9057","targetHints":{"allow":["GET"]}}],"collection":[{"href":"https:\/\/torebunia.pl\/sklep\/wp-json\/wp\/v2\/product"}],"about":[{"href":"https:\/\/torebunia.pl\/sklep\/wp-json\/wp\/v2\/types\/product"}],"replies":[{"embeddable":true,"href":"https:\/\/torebunia.pl\/sklep\/wp-json\/wp\/v2\/comments?post=9057"}],"wp:featuredmedia":[{"embeddable":true,"href":"https:\/\/torebunia.pl\/sklep\/wp-json\/wp\/v2\/media\/9058"}],"wp:attachment":[{"href":"https:\/\/torebunia.pl\/sklep\/wp-json\/wp\/v2\/media?parent=9057"}],"curies":[{"name":"wp","href":"https:\/\/api.w.org\/{rel}","templated":true}]}}