{"id":9005,"date":"2020-10-09T07:43:38","date_gmt":"2020-10-09T07:43:38","guid":{"rendered":"https:\/\/torebunia.pl\/sklep\/produkt\/guess-jeans-botki-skorzane-2\/"},"modified":"2021-01-27T13:24:47","modified_gmt":"2021-01-27T13:24:47","slug":"guess-jeans-botki-skorzane-2","status":"publish","type":"product","link":"https:\/\/torebunia.pl\/sklep\/produkt\/guess-jeans-botki-skorzane-2\/","title":{"rendered":"Guess Jeans &#8211; Botki sk\u00f3rzane"},"content":{"rendered":"<p>Parametry produktu:<\/p>\n<ul>\n<li>cena: <strong>779.9 PLN<\/strong><\/li>\n<li>marka: <strong>Guess Jeans<\/strong><\/li>\n<li>p\u0142e\u0107: <strong>Female<\/strong><\/li>\n<li>kategoria: <strong>ONA \/ Obuwie \/ Kozaki i botki \/ Botki<\/strong><\/li>\n<li>kolor: <strong>czarny<\/strong><\/li>\n<\/ul>\n<p>Opis:<br \/>\nBotki z kolekcji Guess Jeans. Model wykonany ze sk\u00f3ry naturalnej. &#8211; Zapi\u0119cie na suwak. &#8211; Zw\u0119\u017cany, usztywniony nosek. &#8211; Antypo\u015blizgowa podeszwa. &#8211; Gumowa podeszwa. &#8211; Usztywniony zapi\u0119tek. &#8211; Tekstylne wn\u0119trze. &#8211; Sk\u00f3rzane wn\u0119trze. &#8211; Komfortowe wn\u0119trze. &#8211; Model na obcasie typu s\u0142upek. &#8211; Ozdobne detale. &#8211; Wysoko\u015b\u0107 obcasa: 7 cm. &#8211; D\u0142ugo\u015b\u0107 wk\u0142adki wynosi: 24 cm. &#8211; Wymiary podane dla rozmiaru: 37. Obcas: s\u0142upek Ocieplenie: nieocieplane Materia\u0142: sk\u00f3ra licowa Wysoko\u015b\u0107 obcasa: 5-8 cm Zapi\u0119cie: na zamek Sk\u0142ad: Cholewka: Sk\u00f3ra naturalna, Wn\u0119trze: Materia\u0142 syntetyczny, Materia\u0142 tekstylny, Sk\u00f3ra naturalna, Podeszwa: Materia\u0142 syntetyczny ID produktu: 4910-OBD1ZA Kod producenta: FL8VAH.LEA10<\/p>\n","protected":false},"excerpt":{"rendered":"<p>Parametry produktu: cena: 779.9 PLN marka: Guess Jeans p\u0142e\u0107: Female kategoria: ONA \/ Obuwie \/ Kozaki i botki \/ Botki kolor: czarny Opis: Botki z kolekcji Guess Jeans. Model wykonany<\/p>\n","protected":false},"featured_media":9006,"comment_status":"closed","ping_status":"open","template":"","meta":[],"class_list":{"0":"post-9005","1":"product","2":"type-product","3":"status-publish","5":"hentry","6":"product_cat-botki","7":"product_cat-kozaki-i-botki","8":"product_cat-obuwie","9":"product_cat-ona","10":"product_tag-guess-jeans","11":"product_tag-guess-jeans-botki-skorzane"},"yoast_head":"<!-- This site is optimized with the Yoast SEO plugin v15.6.2 - https:\/\/yoast.com\/wordpress\/plugins\/seo\/ -->\n<title>Guess Jeans - Botki sk\u00f3rzane<\/title>\n<meta name=\"robots\" content=\"index, follow, max-snippet:-1, max-image-preview:large, max-video-preview:-1\" \/>\n<link rel=\"canonical\" href=\"https:\/\/torebunia.pl\/sklep\/produkt\/guess-jeans-botki-skorzane-2\/\" \/>\n<meta property=\"og:locale\" content=\"pl_PL\" \/>\n<meta property=\"og:type\" content=\"article\" \/>\n<meta property=\"og:title\" content=\"Guess Jeans - Botki sk\u00f3rzane\" \/>\n<meta property=\"og:description\" content=\"Parametry produktu: cena: 779.9 PLN marka: Guess Jeans p\u0142e\u0107: Female kategoria: ONA \/ Obuwie \/ Kozaki i botki \/ Botki kolor: czarny Opis: Botki z kolekcji Guess Jeans. Model wykonany\" \/>\n<meta property=\"og:url\" content=\"https:\/\/torebunia.pl\/sklep\/produkt\/guess-jeans-botki-skorzane-2\/\" \/>\n<meta property=\"og:site_name\" content=\"Moje Blog\" \/>\n<meta property=\"article:modified_time\" content=\"2021-01-27T13:24:47+00:00\" \/>\n<meta property=\"og:image\" content=\"https:\/\/torebunia.pl\/sklep\/wp-content\/uploads\/2021\/01\/69d2b6f004c3f6f118d71a0568b1e8a1d0580cc9.jpg\" \/>\n\t<meta property=\"og:image:width\" content=\"855\" \/>\n\t<meta property=\"og:image:height\" content=\"1290\" \/>\n<meta name=\"twitter:card\" content=\"summary_large_image\" \/>\n<meta name=\"twitter:label1\" content=\"Est. reading time\">\n\t<meta name=\"twitter:data1\" content=\"1 minuta\">\n<script type=\"application\/ld+json\" class=\"yoast-schema-graph\">{\"@context\":\"https:\/\/schema.org\",\"@graph\":[{\"@type\":\"WebSite\",\"@id\":\"https:\/\/torebunia.pl\/sklep\/#website\",\"url\":\"https:\/\/torebunia.pl\/sklep\/\",\"name\":\"Moje Blog\",\"description\":\"Kolejna witryna WordPress\",\"potentialAction\":[{\"@type\":\"SearchAction\",\"target\":\"https:\/\/torebunia.pl\/sklep\/?s={search_term_string}\",\"query-input\":\"required name=search_term_string\"}],\"inLanguage\":\"pl-PL\"},{\"@type\":\"ImageObject\",\"@id\":\"https:\/\/torebunia.pl\/sklep\/produkt\/guess-jeans-botki-skorzane-2\/#primaryimage\",\"inLanguage\":\"pl-PL\",\"url\":\"https:\/\/torebunia.pl\/sklep\/wp-content\/uploads\/2021\/01\/69d2b6f004c3f6f118d71a0568b1e8a1d0580cc9.jpg\",\"width\":855,\"height\":1290,\"caption\":\"Guess Jeans - Botki sk\\u00f3rzane\"},{\"@type\":\"WebPage\",\"@id\":\"https:\/\/torebunia.pl\/sklep\/produkt\/guess-jeans-botki-skorzane-2\/#webpage\",\"url\":\"https:\/\/torebunia.pl\/sklep\/produkt\/guess-jeans-botki-skorzane-2\/\",\"name\":\"Guess Jeans - Botki sk\\u00f3rzane\",\"isPartOf\":{\"@id\":\"https:\/\/torebunia.pl\/sklep\/#website\"},\"primaryImageOfPage\":{\"@id\":\"https:\/\/torebunia.pl\/sklep\/produkt\/guess-jeans-botki-skorzane-2\/#primaryimage\"},\"datePublished\":\"2020-10-09T07:43:38+00:00\",\"dateModified\":\"2021-01-27T13:24:47+00:00\",\"inLanguage\":\"pl-PL\",\"potentialAction\":[{\"@type\":\"ReadAction\",\"target\":[\"https:\/\/torebunia.pl\/sklep\/produkt\/guess-jeans-botki-skorzane-2\/\"]}]}]}<\/script>\n<!-- \/ Yoast SEO plugin. -->","_links":{"self":[{"href":"https:\/\/torebunia.pl\/sklep\/wp-json\/wp\/v2\/product\/9005","targetHints":{"allow":["GET"]}}],"collection":[{"href":"https:\/\/torebunia.pl\/sklep\/wp-json\/wp\/v2\/product"}],"about":[{"href":"https:\/\/torebunia.pl\/sklep\/wp-json\/wp\/v2\/types\/product"}],"replies":[{"embeddable":true,"href":"https:\/\/torebunia.pl\/sklep\/wp-json\/wp\/v2\/comments?post=9005"}],"wp:featuredmedia":[{"embeddable":true,"href":"https:\/\/torebunia.pl\/sklep\/wp-json\/wp\/v2\/media\/9006"}],"wp:attachment":[{"href":"https:\/\/torebunia.pl\/sklep\/wp-json\/wp\/v2\/media?parent=9005"}],"curies":[{"name":"wp","href":"https:\/\/api.w.org\/{rel}","templated":true}]}}