{"id":8987,"date":"2020-11-13T09:56:30","date_gmt":"2020-11-13T09:56:30","guid":{"rendered":"https:\/\/torebunia.pl\/sklep\/produkt\/calvin-klein-skarpetki-3\/"},"modified":"2021-01-27T12:43:37","modified_gmt":"2021-01-27T12:43:37","slug":"calvin-klein-skarpetki-3","status":"publish","type":"product","link":"https:\/\/torebunia.pl\/sklep\/produkt\/calvin-klein-skarpetki-3\/","title":{"rendered":"Calvin Klein &#8211; Skarpetki"},"content":{"rendered":"<p>Parametry produktu:<\/p>\n<ul>\n<li>cena: <strong>49.9 PLN<\/strong><\/li>\n<li>marka: <strong>Calvin Klein<\/strong><\/li>\n<li>p\u0142e\u0107: <strong>Female<\/strong><\/li>\n<li>kategoria: <strong>ONA \/ Odzie\u017c \/ Skarpetki<\/strong><\/li>\n<li>kolor: <strong>bia\u0142y<\/strong><\/li>\n<\/ul>\n<p>Opis:<br \/>\nKr\u00f3tkie skarpetki z kolekcji Calvin Klein. Model wykonany z elastycznego materia\u0142u. Wz\u00f3r: g\u0142adkie Rodzaj: skarpetki kr\u00f3tkie Sk\u0142ad: 49 % Bawe\u0142na, 2 % Elastan, 32 % Modal, 17 % Poliamid ID produktu: 100-LGD0EU Kod producenta: 100001886.NOS<\/p>\n","protected":false},"excerpt":{"rendered":"<p>Parametry produktu: cena: 49.9 PLN marka: Calvin Klein p\u0142e\u0107: Female kategoria: ONA \/ Odzie\u017c \/ Skarpetki kolor: bia\u0142y Opis: Kr\u00f3tkie skarpetki z kolekcji Calvin Klein. Model wykonany z elastycznego materia\u0142u.<\/p>\n","protected":false},"featured_media":8988,"comment_status":"closed","ping_status":"open","template":"","meta":[],"class_list":{"0":"post-8987","1":"product","2":"type-product","3":"status-publish","5":"hentry","6":"product_cat-odziez","7":"product_cat-ona","8":"product_cat-skarpetki","9":"product_tag-calvin-klein","10":"product_tag-calvin-klein-skarpetki"},"yoast_head":"<!-- This site is optimized with the Yoast SEO plugin v15.6.2 - https:\/\/yoast.com\/wordpress\/plugins\/seo\/ -->\n<title>Calvin Klein - Skarpetki<\/title>\n<meta name=\"robots\" content=\"index, follow, max-snippet:-1, max-image-preview:large, max-video-preview:-1\" \/>\n<link rel=\"canonical\" href=\"https:\/\/torebunia.pl\/sklep\/produkt\/calvin-klein-skarpetki-3\/\" \/>\n<meta property=\"og:locale\" content=\"pl_PL\" \/>\n<meta property=\"og:type\" content=\"article\" \/>\n<meta property=\"og:title\" content=\"Calvin Klein - Skarpetki\" \/>\n<meta property=\"og:description\" content=\"Parametry produktu: cena: 49.9 PLN marka: Calvin Klein p\u0142e\u0107: Female kategoria: ONA \/ Odzie\u017c \/ Skarpetki kolor: bia\u0142y Opis: Kr\u00f3tkie skarpetki z kolekcji Calvin Klein. Model wykonany z elastycznego materia\u0142u.\" \/>\n<meta property=\"og:url\" content=\"https:\/\/torebunia.pl\/sklep\/produkt\/calvin-klein-skarpetki-3\/\" \/>\n<meta property=\"og:site_name\" content=\"Moje Blog\" \/>\n<meta property=\"article:modified_time\" content=\"2021-01-27T12:43:37+00:00\" \/>\n<meta property=\"og:image\" content=\"https:\/\/torebunia.pl\/sklep\/wp-content\/uploads\/2021\/01\/9f746893c84f417267ba040417b72dbbbd5a1c9a.jpg\" \/>\n\t<meta property=\"og:image:width\" content=\"855\" \/>\n\t<meta property=\"og:image:height\" content=\"1290\" \/>\n<meta name=\"twitter:card\" content=\"summary_large_image\" \/>\n<script type=\"application\/ld+json\" class=\"yoast-schema-graph\">{\"@context\":\"https:\/\/schema.org\",\"@graph\":[{\"@type\":\"WebSite\",\"@id\":\"https:\/\/torebunia.pl\/sklep\/#website\",\"url\":\"https:\/\/torebunia.pl\/sklep\/\",\"name\":\"Moje Blog\",\"description\":\"Kolejna witryna WordPress\",\"potentialAction\":[{\"@type\":\"SearchAction\",\"target\":\"https:\/\/torebunia.pl\/sklep\/?s={search_term_string}\",\"query-input\":\"required name=search_term_string\"}],\"inLanguage\":\"pl-PL\"},{\"@type\":\"ImageObject\",\"@id\":\"https:\/\/torebunia.pl\/sklep\/produkt\/calvin-klein-skarpetki-3\/#primaryimage\",\"inLanguage\":\"pl-PL\",\"url\":\"https:\/\/torebunia.pl\/sklep\/wp-content\/uploads\/2021\/01\/9f746893c84f417267ba040417b72dbbbd5a1c9a.jpg\",\"width\":855,\"height\":1290,\"caption\":\"Calvin Klein - Skarpetki\"},{\"@type\":\"WebPage\",\"@id\":\"https:\/\/torebunia.pl\/sklep\/produkt\/calvin-klein-skarpetki-3\/#webpage\",\"url\":\"https:\/\/torebunia.pl\/sklep\/produkt\/calvin-klein-skarpetki-3\/\",\"name\":\"Calvin Klein - Skarpetki\",\"isPartOf\":{\"@id\":\"https:\/\/torebunia.pl\/sklep\/#website\"},\"primaryImageOfPage\":{\"@id\":\"https:\/\/torebunia.pl\/sklep\/produkt\/calvin-klein-skarpetki-3\/#primaryimage\"},\"datePublished\":\"2020-11-13T09:56:30+00:00\",\"dateModified\":\"2021-01-27T12:43:37+00:00\",\"inLanguage\":\"pl-PL\",\"potentialAction\":[{\"@type\":\"ReadAction\",\"target\":[\"https:\/\/torebunia.pl\/sklep\/produkt\/calvin-klein-skarpetki-3\/\"]}]}]}<\/script>\n<!-- \/ Yoast SEO plugin. -->","_links":{"self":[{"href":"https:\/\/torebunia.pl\/sklep\/wp-json\/wp\/v2\/product\/8987","targetHints":{"allow":["GET"]}}],"collection":[{"href":"https:\/\/torebunia.pl\/sklep\/wp-json\/wp\/v2\/product"}],"about":[{"href":"https:\/\/torebunia.pl\/sklep\/wp-json\/wp\/v2\/types\/product"}],"replies":[{"embeddable":true,"href":"https:\/\/torebunia.pl\/sklep\/wp-json\/wp\/v2\/comments?post=8987"}],"wp:featuredmedia":[{"embeddable":true,"href":"https:\/\/torebunia.pl\/sklep\/wp-json\/wp\/v2\/media\/8988"}],"wp:attachment":[{"href":"https:\/\/torebunia.pl\/sklep\/wp-json\/wp\/v2\/media?parent=8987"}],"curies":[{"name":"wp","href":"https:\/\/api.w.org\/{rel}","templated":true}]}}