{"id":8957,"date":"2020-06-08T09:00:53","date_gmt":"2020-06-08T09:00:53","guid":{"rendered":"https:\/\/torebunia.pl\/sklep\/produkt\/g-star-raw-bluzka\/"},"modified":"2021-01-27T12:41:17","modified_gmt":"2021-01-27T12:41:17","slug":"g-star-raw-bluzka","status":"publish","type":"product","link":"https:\/\/torebunia.pl\/sklep\/produkt\/g-star-raw-bluzka\/","title":{"rendered":"G-Star Raw &#8211; Bluzka"},"content":{"rendered":"<p>Parametry produktu:<\/p>\n<ul>\n<li>cena: <strong>599.9 PLN<\/strong><\/li>\n<li>marka: <strong>G-Star Raw<\/strong><\/li>\n<li>p\u0142e\u0107: <strong>Female<\/strong><\/li>\n<li>kategoria: <strong>ONA \/ Odzie\u017c \/ Bluzki i koszule \/ Bluzki<\/strong><\/li>\n<li>kolor: <strong>szary<\/strong><\/li>\n<\/ul>\n<p>Opis:<br \/>\nBluzka z kolekcji G-Star Raw. Model wykonany z g\u0142adkiej tkaniny. Posiada spiczasty dekolt. &#8211; Prosty fason. &#8211; Spiczasty dekolt. &#8211; R\u0119kawy z zapinanymi mankietami. &#8211; G\u0142adka tkanina. &#8211; Szeroko\u015b\u0107 pod pachami: 49 cm. &#8211; D\u0142ugo\u015b\u0107 r\u0119kawa: 62 cm. &#8211; D\u0142ugo\u015b\u0107: 62 cm. &#8211; Wymiary podane dla rozmiaru: S. Wz\u00f3r: g\u0142adkie Dekolt: szpic R\u0119kaw: d\u0142ugi Materia\u0142: z domieszk\u0105 jedwabiu Sk\u0142ad: 37 % Jedwab, 63 % Wiskoza ID produktu: 4910-KDD02F Kod producenta: D15259.B448.995<\/p>\n","protected":false},"excerpt":{"rendered":"<p>Parametry produktu: cena: 599.9 PLN marka: G-Star Raw p\u0142e\u0107: Female kategoria: ONA \/ Odzie\u017c \/ Bluzki i koszule \/ Bluzki kolor: szary Opis: Bluzka z kolekcji G-Star Raw. Model wykonany<\/p>\n","protected":false},"featured_media":8958,"comment_status":"closed","ping_status":"open","template":"","meta":[],"class_list":{"0":"post-8957","1":"product","2":"type-product","3":"status-publish","5":"hentry","6":"product_cat-bluzki","7":"product_cat-bluzki-i-koszule","8":"product_cat-odziez","9":"product_cat-ona","10":"product_tag-g-star-raw","11":"product_tag-g-star-raw-bluzka"},"yoast_head":"<!-- This site is optimized with the Yoast SEO plugin v15.6.2 - https:\/\/yoast.com\/wordpress\/plugins\/seo\/ -->\n<title>G-Star Raw - Bluzka<\/title>\n<meta name=\"robots\" content=\"index, follow, max-snippet:-1, max-image-preview:large, max-video-preview:-1\" \/>\n<link rel=\"canonical\" href=\"https:\/\/torebunia.pl\/sklep\/produkt\/g-star-raw-bluzka\/\" \/>\n<meta property=\"og:locale\" content=\"pl_PL\" \/>\n<meta property=\"og:type\" content=\"article\" \/>\n<meta property=\"og:title\" content=\"G-Star Raw - Bluzka\" \/>\n<meta property=\"og:description\" content=\"Parametry produktu: cena: 599.9 PLN marka: G-Star Raw p\u0142e\u0107: Female kategoria: ONA \/ Odzie\u017c \/ Bluzki i koszule \/ Bluzki kolor: szary Opis: Bluzka z kolekcji G-Star Raw. Model wykonany\" \/>\n<meta property=\"og:url\" content=\"https:\/\/torebunia.pl\/sklep\/produkt\/g-star-raw-bluzka\/\" \/>\n<meta property=\"og:site_name\" content=\"Moje Blog\" \/>\n<meta property=\"article:modified_time\" content=\"2021-01-27T12:41:17+00:00\" \/>\n<meta property=\"og:image\" content=\"https:\/\/torebunia.pl\/sklep\/wp-content\/uploads\/2021\/01\/cc20bd09eef35441c785080a93fa79a3ad80c8c7.jpg\" \/>\n\t<meta property=\"og:image:width\" content=\"855\" \/>\n\t<meta property=\"og:image:height\" content=\"1290\" \/>\n<meta name=\"twitter:card\" content=\"summary_large_image\" \/>\n<script type=\"application\/ld+json\" class=\"yoast-schema-graph\">{\"@context\":\"https:\/\/schema.org\",\"@graph\":[{\"@type\":\"WebSite\",\"@id\":\"https:\/\/torebunia.pl\/sklep\/#website\",\"url\":\"https:\/\/torebunia.pl\/sklep\/\",\"name\":\"Moje Blog\",\"description\":\"Kolejna witryna WordPress\",\"potentialAction\":[{\"@type\":\"SearchAction\",\"target\":\"https:\/\/torebunia.pl\/sklep\/?s={search_term_string}\",\"query-input\":\"required name=search_term_string\"}],\"inLanguage\":\"pl-PL\"},{\"@type\":\"ImageObject\",\"@id\":\"https:\/\/torebunia.pl\/sklep\/produkt\/g-star-raw-bluzka\/#primaryimage\",\"inLanguage\":\"pl-PL\",\"url\":\"https:\/\/torebunia.pl\/sklep\/wp-content\/uploads\/2021\/01\/cc20bd09eef35441c785080a93fa79a3ad80c8c7.jpg\",\"width\":855,\"height\":1290,\"caption\":\"G-Star Raw - Bluzka\"},{\"@type\":\"WebPage\",\"@id\":\"https:\/\/torebunia.pl\/sklep\/produkt\/g-star-raw-bluzka\/#webpage\",\"url\":\"https:\/\/torebunia.pl\/sklep\/produkt\/g-star-raw-bluzka\/\",\"name\":\"G-Star Raw - Bluzka\",\"isPartOf\":{\"@id\":\"https:\/\/torebunia.pl\/sklep\/#website\"},\"primaryImageOfPage\":{\"@id\":\"https:\/\/torebunia.pl\/sklep\/produkt\/g-star-raw-bluzka\/#primaryimage\"},\"datePublished\":\"2020-06-08T09:00:53+00:00\",\"dateModified\":\"2021-01-27T12:41:17+00:00\",\"inLanguage\":\"pl-PL\",\"potentialAction\":[{\"@type\":\"ReadAction\",\"target\":[\"https:\/\/torebunia.pl\/sklep\/produkt\/g-star-raw-bluzka\/\"]}]}]}<\/script>\n<!-- \/ Yoast SEO plugin. -->","_links":{"self":[{"href":"https:\/\/torebunia.pl\/sklep\/wp-json\/wp\/v2\/product\/8957","targetHints":{"allow":["GET"]}}],"collection":[{"href":"https:\/\/torebunia.pl\/sklep\/wp-json\/wp\/v2\/product"}],"about":[{"href":"https:\/\/torebunia.pl\/sklep\/wp-json\/wp\/v2\/types\/product"}],"replies":[{"embeddable":true,"href":"https:\/\/torebunia.pl\/sklep\/wp-json\/wp\/v2\/comments?post=8957"}],"wp:featuredmedia":[{"embeddable":true,"href":"https:\/\/torebunia.pl\/sklep\/wp-json\/wp\/v2\/media\/8958"}],"wp:attachment":[{"href":"https:\/\/torebunia.pl\/sklep\/wp-json\/wp\/v2\/media?parent=8957"}],"curies":[{"name":"wp","href":"https:\/\/api.w.org\/{rel}","templated":true}]}}