{"id":8953,"date":"2020-04-17T19:55:02","date_gmt":"2020-04-17T19:55:02","guid":{"rendered":"https:\/\/torebunia.pl\/sklep\/produkt\/emu-australia-botki-pinaroo\/"},"modified":"2021-01-27T12:41:14","modified_gmt":"2021-01-27T12:41:14","slug":"emu-australia-botki-pinaroo","status":"publish","type":"product","link":"https:\/\/torebunia.pl\/sklep\/produkt\/emu-australia-botki-pinaroo\/","title":{"rendered":"Emu Australia &#8211; Botki Pinaroo"},"content":{"rendered":"<p>Parametry produktu:<\/p>\n<ul>\n<li>cena: <strong>599.9 PLN<\/strong><\/li>\n<li>marka: <strong>Emu Australia<\/strong><\/li>\n<li>p\u0142e\u0107: <strong>Female<\/strong><\/li>\n<li>kategoria: <strong>ONA \/ Obuwie \/ Kozaki i botki \/ Botki<\/strong><\/li>\n<li>kolor: <strong>czarny<\/strong><\/li>\n<\/ul>\n<p>Opis:<br \/>\nBotki z kolekcji Emu Australia. Model wykonany ze sk\u00f3ry naturalnej. &#8211; Waterproof to membrana podnosz\u0105ca wodoodporno\u015b\u0107 buta i chroni\u0105ca przed czynnikami zewn\u0119trznymi zapewniaj\u0105c sucho\u015b\u0107 we wn\u0119trzu buta. &#8211; Opatentowana, elastyczna podeszwa EMU sk\u0142ada si\u0119 z trzech warstw, co wspomaga odpowiedni\u0105 amortyzacj\u0119. Specjalnie zaprojektowany wz\u00f3r naci\u0119\u0107 zapewnia idealn\u0105 przyczepno\u015b\u0107 do pod\u0142o\u017ca. &#8211; Okr\u0105g\u0142y, usztywniony nosek. &#8211; Antypo\u015blizgowa, stabilna podeszwa. &#8211; Mocno usztywniony zapi\u0119tek. &#8211; Komfortowe wn\u0119trze. &#8211; D\u0142ugo\u015b\u0107 wk\u0142adki wynosi: 23,5 cm. &#8211; Wymiary podane dla rozmiaru: 37. Materia\u0142: sk\u00f3ra zamszowa Obcas: p\u0142aski Ocieplenie: nieocieplane Fason: sztyblety Zapi\u0119cie: brak zapi\u0119cia Wysoko\u015b\u0107 obcasa: bez obcasa Sk\u0142ad: Cholewka: Sk\u00f3ra naturalna, Wn\u0119trze: Materia\u0142 tekstylny, Podeszwa: Materia\u0142 syntetyczny ID produktu: 4910-OBD16C Kod producenta: W11946.Pinaroo.BLK<\/p>\n","protected":false},"excerpt":{"rendered":"<p>Parametry produktu: cena: 599.9 PLN marka: Emu Australia p\u0142e\u0107: Female kategoria: ONA \/ Obuwie \/ Kozaki i botki \/ Botki kolor: czarny Opis: Botki z kolekcji Emu Australia. Model wykonany<\/p>\n","protected":false},"featured_media":8954,"comment_status":"closed","ping_status":"open","template":"","meta":[],"class_list":{"0":"post-8953","1":"product","2":"type-product","3":"status-publish","5":"hentry","6":"product_cat-botki","7":"product_cat-kozaki-i-botki","8":"product_cat-obuwie","9":"product_cat-ona","10":"product_tag-emu-australia","11":"product_tag-emu-australia-botki-pinaroo"},"yoast_head":"<!-- This site is optimized with the Yoast SEO plugin v15.6.2 - https:\/\/yoast.com\/wordpress\/plugins\/seo\/ -->\n<title>Emu Australia - Botki Pinaroo<\/title>\n<meta name=\"robots\" content=\"index, follow, max-snippet:-1, max-image-preview:large, max-video-preview:-1\" \/>\n<link rel=\"canonical\" href=\"https:\/\/torebunia.pl\/sklep\/produkt\/emu-australia-botki-pinaroo\/\" \/>\n<meta property=\"og:locale\" content=\"pl_PL\" \/>\n<meta property=\"og:type\" content=\"article\" \/>\n<meta property=\"og:title\" content=\"Emu Australia - Botki Pinaroo\" \/>\n<meta property=\"og:description\" content=\"Parametry produktu: cena: 599.9 PLN marka: Emu Australia p\u0142e\u0107: Female kategoria: ONA \/ Obuwie \/ Kozaki i botki \/ Botki kolor: czarny Opis: Botki z kolekcji Emu Australia. Model wykonany\" \/>\n<meta property=\"og:url\" content=\"https:\/\/torebunia.pl\/sklep\/produkt\/emu-australia-botki-pinaroo\/\" \/>\n<meta property=\"og:site_name\" content=\"Moje Blog\" \/>\n<meta property=\"article:modified_time\" content=\"2021-01-27T12:41:14+00:00\" \/>\n<meta property=\"og:image\" content=\"https:\/\/torebunia.pl\/sklep\/wp-content\/uploads\/2021\/01\/d82cc5a25704157e25145ff50a1667efff5b2c5c.jpg\" \/>\n\t<meta property=\"og:image:width\" content=\"855\" \/>\n\t<meta property=\"og:image:height\" content=\"1290\" \/>\n<meta name=\"twitter:card\" content=\"summary_large_image\" \/>\n<meta name=\"twitter:label1\" content=\"Est. reading time\">\n\t<meta name=\"twitter:data1\" content=\"1 minuta\">\n<script type=\"application\/ld+json\" class=\"yoast-schema-graph\">{\"@context\":\"https:\/\/schema.org\",\"@graph\":[{\"@type\":\"WebSite\",\"@id\":\"https:\/\/torebunia.pl\/sklep\/#website\",\"url\":\"https:\/\/torebunia.pl\/sklep\/\",\"name\":\"Moje Blog\",\"description\":\"Kolejna witryna WordPress\",\"potentialAction\":[{\"@type\":\"SearchAction\",\"target\":\"https:\/\/torebunia.pl\/sklep\/?s={search_term_string}\",\"query-input\":\"required name=search_term_string\"}],\"inLanguage\":\"pl-PL\"},{\"@type\":\"ImageObject\",\"@id\":\"https:\/\/torebunia.pl\/sklep\/produkt\/emu-australia-botki-pinaroo\/#primaryimage\",\"inLanguage\":\"pl-PL\",\"url\":\"https:\/\/torebunia.pl\/sklep\/wp-content\/uploads\/2021\/01\/d82cc5a25704157e25145ff50a1667efff5b2c5c.jpg\",\"width\":855,\"height\":1290,\"caption\":\"Emu Australia - Botki Pinaroo\"},{\"@type\":\"WebPage\",\"@id\":\"https:\/\/torebunia.pl\/sklep\/produkt\/emu-australia-botki-pinaroo\/#webpage\",\"url\":\"https:\/\/torebunia.pl\/sklep\/produkt\/emu-australia-botki-pinaroo\/\",\"name\":\"Emu Australia - Botki Pinaroo\",\"isPartOf\":{\"@id\":\"https:\/\/torebunia.pl\/sklep\/#website\"},\"primaryImageOfPage\":{\"@id\":\"https:\/\/torebunia.pl\/sklep\/produkt\/emu-australia-botki-pinaroo\/#primaryimage\"},\"datePublished\":\"2020-04-17T19:55:02+00:00\",\"dateModified\":\"2021-01-27T12:41:14+00:00\",\"inLanguage\":\"pl-PL\",\"potentialAction\":[{\"@type\":\"ReadAction\",\"target\":[\"https:\/\/torebunia.pl\/sklep\/produkt\/emu-australia-botki-pinaroo\/\"]}]}]}<\/script>\n<!-- \/ Yoast SEO plugin. -->","_links":{"self":[{"href":"https:\/\/torebunia.pl\/sklep\/wp-json\/wp\/v2\/product\/8953","targetHints":{"allow":["GET"]}}],"collection":[{"href":"https:\/\/torebunia.pl\/sklep\/wp-json\/wp\/v2\/product"}],"about":[{"href":"https:\/\/torebunia.pl\/sklep\/wp-json\/wp\/v2\/types\/product"}],"replies":[{"embeddable":true,"href":"https:\/\/torebunia.pl\/sklep\/wp-json\/wp\/v2\/comments?post=8953"}],"wp:featuredmedia":[{"embeddable":true,"href":"https:\/\/torebunia.pl\/sklep\/wp-json\/wp\/v2\/media\/8954"}],"wp:attachment":[{"href":"https:\/\/torebunia.pl\/sklep\/wp-json\/wp\/v2\/media?parent=8953"}],"curies":[{"name":"wp","href":"https:\/\/api.w.org\/{rel}","templated":true}]}}