{"id":890,"date":"2020-08-15T11:11:25","date_gmt":"2020-08-15T11:11:25","guid":{"rendered":"https:\/\/torebunia.pl\/sklep\/produkt\/tommy-hilfiger-stringi-3-pack\/"},"modified":"2021-01-25T13:42:57","modified_gmt":"2021-01-25T13:42:57","slug":"tommy-hilfiger-stringi-3-pack","status":"publish","type":"product","link":"https:\/\/torebunia.pl\/sklep\/produkt\/tommy-hilfiger-stringi-3-pack\/","title":{"rendered":"Tommy Hilfiger &#8211; Stringi (3-pack)"},"content":{"rendered":"<p>Parametry produktu:<\/p>\n<ul>\n<li>cena: <strong>179.9 PLN<\/strong><\/li>\n<li>marka: <strong>Tommy Hilfiger<\/strong><\/li>\n<li>p\u0142e\u0107: <strong>Female<\/strong><\/li>\n<li>kategoria: <strong>ONA \/ Odzie\u017c \/ Bielizna \/ Majtki<\/strong><\/li>\n<li>kolor: <strong>jasny niebieski<\/strong><\/li>\n<\/ul>\n<p>Opis:<br \/>\nStringi z kolekcji Tommy Hilfiger. Model wykonany z elastycznej dzianiny. W komplecie trzy pary. Rodzaj: stringi Wz\u00f3r: nadruk Materia\u0142: dzianina Wyr\u00f3\u017cnienie: wielopak Sk\u0142ad: Podszewka: 100 % Bawe\u0142na, Materia\u0142 zasadniczy: 95 % Bawe\u0142na, 5 % Elastan, Wyko\u0144czenie: 8 % Elastan, 55 % Poliamid, 37 % Poliester ID produktu: 4900-BID07Y Kod producenta: UW0UW02521<\/p>\n","protected":false},"excerpt":{"rendered":"<p>Parametry produktu: cena: 179.9 PLN marka: Tommy Hilfiger p\u0142e\u0107: Female kategoria: ONA \/ Odzie\u017c \/ Bielizna \/ Majtki kolor: jasny niebieski Opis: Stringi z kolekcji Tommy Hilfiger. Model wykonany z<\/p>\n","protected":false},"featured_media":685,"comment_status":"closed","ping_status":"open","template":"","meta":[],"class_list":{"0":"post-890","1":"product","2":"type-product","3":"status-publish","5":"hentry","6":"product_cat-bielizna","7":"product_cat-majtki","8":"product_cat-odziez","9":"product_cat-ona","10":"product_tag-tommy-hilfiger","11":"product_tag-tommy-hilfiger-stringi-3-pack"},"yoast_head":"<!-- This site is optimized with the Yoast SEO plugin v15.6.2 - https:\/\/yoast.com\/wordpress\/plugins\/seo\/ -->\n<title>Tommy Hilfiger - Stringi (3-pack)<\/title>\n<meta name=\"robots\" content=\"index, follow, max-snippet:-1, max-image-preview:large, max-video-preview:-1\" \/>\n<link rel=\"canonical\" href=\"https:\/\/torebunia.pl\/sklep\/produkt\/tommy-hilfiger-stringi-3-pack\/\" \/>\n<meta property=\"og:locale\" content=\"pl_PL\" \/>\n<meta property=\"og:type\" content=\"article\" \/>\n<meta property=\"og:title\" content=\"Tommy Hilfiger - Stringi (3-pack)\" \/>\n<meta property=\"og:description\" content=\"Parametry produktu: cena: 179.9 PLN marka: Tommy Hilfiger p\u0142e\u0107: Female kategoria: ONA \/ Odzie\u017c \/ Bielizna \/ Majtki kolor: jasny niebieski Opis: Stringi z kolekcji Tommy Hilfiger. Model wykonany z\" \/>\n<meta property=\"og:url\" content=\"https:\/\/torebunia.pl\/sklep\/produkt\/tommy-hilfiger-stringi-3-pack\/\" \/>\n<meta property=\"og:site_name\" content=\"Moje Blog\" \/>\n<meta property=\"article:modified_time\" content=\"2021-01-25T13:42:57+00:00\" \/>\n<meta property=\"og:image\" content=\"https:\/\/torebunia.pl\/sklep\/wp-content\/uploads\/2021\/01\/11fd237c78aaa5dac0d68a4f62547081a87f7498.jpg\" \/>\n\t<meta property=\"og:image:width\" content=\"855\" \/>\n\t<meta property=\"og:image:height\" content=\"1290\" \/>\n<meta name=\"twitter:card\" content=\"summary_large_image\" \/>\n<script type=\"application\/ld+json\" class=\"yoast-schema-graph\">{\"@context\":\"https:\/\/schema.org\",\"@graph\":[{\"@type\":\"WebSite\",\"@id\":\"https:\/\/torebunia.pl\/sklep\/#website\",\"url\":\"https:\/\/torebunia.pl\/sklep\/\",\"name\":\"Moje Blog\",\"description\":\"Kolejna witryna WordPress\",\"potentialAction\":[{\"@type\":\"SearchAction\",\"target\":\"https:\/\/torebunia.pl\/sklep\/?s={search_term_string}\",\"query-input\":\"required name=search_term_string\"}],\"inLanguage\":\"pl-PL\"},{\"@type\":\"ImageObject\",\"@id\":\"https:\/\/torebunia.pl\/sklep\/produkt\/tommy-hilfiger-stringi-3-pack\/#primaryimage\",\"inLanguage\":\"pl-PL\",\"url\":\"https:\/\/torebunia.pl\/sklep\/wp-content\/uploads\/2021\/01\/11fd237c78aaa5dac0d68a4f62547081a87f7498.jpg\",\"width\":855,\"height\":1290,\"caption\":\"Tommy Hilfiger - Stringi (3-pack)\"},{\"@type\":\"WebPage\",\"@id\":\"https:\/\/torebunia.pl\/sklep\/produkt\/tommy-hilfiger-stringi-3-pack\/#webpage\",\"url\":\"https:\/\/torebunia.pl\/sklep\/produkt\/tommy-hilfiger-stringi-3-pack\/\",\"name\":\"Tommy Hilfiger - Stringi (3-pack)\",\"isPartOf\":{\"@id\":\"https:\/\/torebunia.pl\/sklep\/#website\"},\"primaryImageOfPage\":{\"@id\":\"https:\/\/torebunia.pl\/sklep\/produkt\/tommy-hilfiger-stringi-3-pack\/#primaryimage\"},\"datePublished\":\"2020-08-15T11:11:25+00:00\",\"dateModified\":\"2021-01-25T13:42:57+00:00\",\"inLanguage\":\"pl-PL\",\"potentialAction\":[{\"@type\":\"ReadAction\",\"target\":[\"https:\/\/torebunia.pl\/sklep\/produkt\/tommy-hilfiger-stringi-3-pack\/\"]}]}]}<\/script>\n<!-- \/ Yoast SEO plugin. -->","_links":{"self":[{"href":"https:\/\/torebunia.pl\/sklep\/wp-json\/wp\/v2\/product\/890","targetHints":{"allow":["GET"]}}],"collection":[{"href":"https:\/\/torebunia.pl\/sklep\/wp-json\/wp\/v2\/product"}],"about":[{"href":"https:\/\/torebunia.pl\/sklep\/wp-json\/wp\/v2\/types\/product"}],"replies":[{"embeddable":true,"href":"https:\/\/torebunia.pl\/sklep\/wp-json\/wp\/v2\/comments?post=890"}],"wp:featuredmedia":[{"embeddable":true,"href":"https:\/\/torebunia.pl\/sklep\/wp-json\/wp\/v2\/media\/685"}],"wp:attachment":[{"href":"https:\/\/torebunia.pl\/sklep\/wp-json\/wp\/v2\/media?parent=890"}],"curies":[{"name":"wp","href":"https:\/\/api.w.org\/{rel}","templated":true}]}}