{"id":889,"date":"2020-07-18T04:07:26","date_gmt":"2020-07-18T04:07:26","guid":{"rendered":"https:\/\/torebunia.pl\/sklep\/produkt\/answear-lab-sniegowce\/"},"modified":"2021-01-25T13:42:56","modified_gmt":"2021-01-25T13:42:56","slug":"answear-lab-sniegowce","status":"publish","type":"product","link":"https:\/\/torebunia.pl\/sklep\/produkt\/answear-lab-sniegowce\/","title":{"rendered":"Answear Lab &#8211; \u015aniegowce"},"content":{"rendered":"<p>Parametry produktu:<\/p>\n<ul>\n<li>cena: <strong>119.9 PLN<\/strong><\/li>\n<li>marka: <strong>Answear Lab<\/strong><\/li>\n<li>p\u0142e\u0107: <strong>Female<\/strong><\/li>\n<li>kategoria: <strong>ONA \/ Obuwie \/ \u015aniegowce<\/strong><\/li>\n<li>kolor: <strong>be\u017cowy<\/strong><\/li>\n<\/ul>\n<p>Opis:<br \/>\n\u015aniegowce z kolekcji Answear Lab. Model wykonany z imitacji zamszu. &#8211; Okr\u0105g\u0142y, mi\u0119kki nosek. &#8211; Gumowa podeszwa. &#8211; Tekstylne wn\u0119trze. &#8211; Ocieplony model. &#8211; D\u0142ugo\u015b\u0107 wk\u0142adki wynosi: 23,5 cm. &#8211; Wymiary podane dla rozmiaru: 37. Obcas: p\u0142aski Ocieplenie: ocieplane Materia\u0142: imitacja zamszu Zapi\u0119cie: brak zapi\u0119cia Sk\u0142ad: Cholewka: Materia\u0142 tekstylny, Wn\u0119trze: Materia\u0142 tekstylny, Podeszwa: Materia\u0142 syntetyczny ID produktu: -100-OBD022 Kod producenta: WA20.OBD022<\/p>\n","protected":false},"excerpt":{"rendered":"<p>Parametry produktu: cena: 119.9 PLN marka: Answear Lab p\u0142e\u0107: Female kategoria: ONA \/ Obuwie \/ \u015aniegowce kolor: be\u017cowy Opis: \u015aniegowce z kolekcji Answear Lab. Model wykonany z imitacji zamszu. &#8211;<\/p>\n","protected":false},"featured_media":683,"comment_status":"closed","ping_status":"open","template":"","meta":[],"class_list":{"0":"post-889","1":"product","2":"type-product","3":"status-publish","5":"hentry","6":"product_cat-obuwie","7":"product_cat-ona","8":"product_cat-sniegowce","9":"product_tag-answear-lab","10":"product_tag-answear-lab-sniegowce"},"yoast_head":"<!-- This site is optimized with the Yoast SEO plugin v15.6.2 - https:\/\/yoast.com\/wordpress\/plugins\/seo\/ -->\n<title>Answear Lab - \u015aniegowce<\/title>\n<meta name=\"robots\" content=\"index, follow, max-snippet:-1, max-image-preview:large, max-video-preview:-1\" \/>\n<link rel=\"canonical\" href=\"https:\/\/torebunia.pl\/sklep\/produkt\/answear-lab-sniegowce\/\" \/>\n<meta property=\"og:locale\" content=\"pl_PL\" \/>\n<meta property=\"og:type\" content=\"article\" \/>\n<meta property=\"og:title\" content=\"Answear Lab - \u015aniegowce\" \/>\n<meta property=\"og:description\" content=\"Parametry produktu: cena: 119.9 PLN marka: Answear Lab p\u0142e\u0107: Female kategoria: ONA \/ Obuwie \/ \u015aniegowce kolor: be\u017cowy Opis: \u015aniegowce z kolekcji Answear Lab. Model wykonany z imitacji zamszu. &#8211;\" \/>\n<meta property=\"og:url\" content=\"https:\/\/torebunia.pl\/sklep\/produkt\/answear-lab-sniegowce\/\" \/>\n<meta property=\"og:site_name\" content=\"Moje Blog\" \/>\n<meta property=\"article:modified_time\" content=\"2021-01-25T13:42:56+00:00\" \/>\n<meta property=\"og:image\" content=\"https:\/\/torebunia.pl\/sklep\/wp-content\/uploads\/2021\/01\/a1c6839de2d9b172dd5b980d45c5101409bf0b9a.jpg\" \/>\n\t<meta property=\"og:image:width\" content=\"855\" \/>\n\t<meta property=\"og:image:height\" content=\"1290\" \/>\n<meta name=\"twitter:card\" content=\"summary_large_image\" \/>\n<script type=\"application\/ld+json\" class=\"yoast-schema-graph\">{\"@context\":\"https:\/\/schema.org\",\"@graph\":[{\"@type\":\"WebSite\",\"@id\":\"https:\/\/torebunia.pl\/sklep\/#website\",\"url\":\"https:\/\/torebunia.pl\/sklep\/\",\"name\":\"Moje Blog\",\"description\":\"Kolejna witryna WordPress\",\"potentialAction\":[{\"@type\":\"SearchAction\",\"target\":\"https:\/\/torebunia.pl\/sklep\/?s={search_term_string}\",\"query-input\":\"required name=search_term_string\"}],\"inLanguage\":\"pl-PL\"},{\"@type\":\"ImageObject\",\"@id\":\"https:\/\/torebunia.pl\/sklep\/produkt\/answear-lab-sniegowce\/#primaryimage\",\"inLanguage\":\"pl-PL\",\"url\":\"https:\/\/torebunia.pl\/sklep\/wp-content\/uploads\/2021\/01\/a1c6839de2d9b172dd5b980d45c5101409bf0b9a.jpg\",\"width\":855,\"height\":1290,\"caption\":\"Answear Lab - \\u015aniegowce\"},{\"@type\":\"WebPage\",\"@id\":\"https:\/\/torebunia.pl\/sklep\/produkt\/answear-lab-sniegowce\/#webpage\",\"url\":\"https:\/\/torebunia.pl\/sklep\/produkt\/answear-lab-sniegowce\/\",\"name\":\"Answear Lab - \\u015aniegowce\",\"isPartOf\":{\"@id\":\"https:\/\/torebunia.pl\/sklep\/#website\"},\"primaryImageOfPage\":{\"@id\":\"https:\/\/torebunia.pl\/sklep\/produkt\/answear-lab-sniegowce\/#primaryimage\"},\"datePublished\":\"2020-07-18T04:07:26+00:00\",\"dateModified\":\"2021-01-25T13:42:56+00:00\",\"inLanguage\":\"pl-PL\",\"potentialAction\":[{\"@type\":\"ReadAction\",\"target\":[\"https:\/\/torebunia.pl\/sklep\/produkt\/answear-lab-sniegowce\/\"]}]}]}<\/script>\n<!-- \/ Yoast SEO plugin. -->","_links":{"self":[{"href":"https:\/\/torebunia.pl\/sklep\/wp-json\/wp\/v2\/product\/889","targetHints":{"allow":["GET"]}}],"collection":[{"href":"https:\/\/torebunia.pl\/sklep\/wp-json\/wp\/v2\/product"}],"about":[{"href":"https:\/\/torebunia.pl\/sklep\/wp-json\/wp\/v2\/types\/product"}],"replies":[{"embeddable":true,"href":"https:\/\/torebunia.pl\/sklep\/wp-json\/wp\/v2\/comments?post=889"}],"wp:featuredmedia":[{"embeddable":true,"href":"https:\/\/torebunia.pl\/sklep\/wp-json\/wp\/v2\/media\/683"}],"wp:attachment":[{"href":"https:\/\/torebunia.pl\/sklep\/wp-json\/wp\/v2\/media?parent=889"}],"curies":[{"name":"wp","href":"https:\/\/api.w.org\/{rel}","templated":true}]}}