{"id":8791,"date":"2020-12-14T12:12:27","date_gmt":"2020-12-14T12:12:27","guid":{"rendered":"https:\/\/torebunia.pl\/sklep\/produkt\/medicine-bluzka-halloween-by-paulina-czak\/"},"modified":"2021-01-27T13:20:08","modified_gmt":"2021-01-27T13:20:08","slug":"medicine-bluzka-halloween-by-paulina-czak","status":"publish","type":"product","link":"https:\/\/torebunia.pl\/sklep\/produkt\/medicine-bluzka-halloween-by-paulina-czak\/","title":{"rendered":"Medicine &#8211; Bluzka Halloween by Paulina Czak"},"content":{"rendered":"<p>Parametry produktu:<\/p>\n<ul>\n<li>cena: <strong>69.9 PLN<\/strong><\/li>\n<li>marka: <strong>MEDICINE<\/strong><\/li>\n<li>p\u0142e\u0107: <strong>Female<\/strong><\/li>\n<li>kategoria: <strong>ONA \/ Odzie\u017c \/ Bluzki i koszule \/ Koszule<\/strong><\/li>\n<li>kolor: <strong>czarny<\/strong><\/li>\n<\/ul>\n<p>Opis:<br \/>\nKoszula z kolekcji Medicine. Model wykonany z wzorzystej tkaniny. &#8211; Mi\u0119kki ko\u0142nierzyk klasyczny, typu kent. &#8211; Zapi\u0119cie na guziki. &#8211; R\u0119kawy z zapinanymi mankietami. &#8211; Prosty fason. &#8211; Wzorzysta tkanina. &#8211; D\u0142ugo\u015b\u0107 r\u0119kawa: 60 cm. &#8211; D\u0142ugo\u015b\u0107: 72 cm. &#8211; Szeroko\u015b\u0107 pod pachami: 58 cm. &#8211; Szeroko\u015b\u0107 w ramionach: 43 cm. &#8211; Wymiary podane dla rozmiaru: S. Wz\u00f3r: wzorzyste R\u0119kaw: d\u0142ugi Okazje: casual Ko\u0142nierzyk: brak ko\u0142nierzyka Sk\u0142ad: Materia\u0142 zasadniczy: 100 % Wiskoza ID produktu: 6910-BDD750 Kod producenta: RW19.BDD750<\/p>\n","protected":false},"excerpt":{"rendered":"<p>Parametry produktu: cena: 69.9 PLN marka: MEDICINE p\u0142e\u0107: Female kategoria: ONA \/ Odzie\u017c \/ Bluzki i koszule \/ Koszule kolor: czarny Opis: Koszula z kolekcji Medicine. Model wykonany z wzorzystej<\/p>\n","protected":false},"featured_media":8792,"comment_status":"closed","ping_status":"open","template":"","meta":[],"class_list":{"0":"post-8791","1":"product","2":"type-product","3":"status-publish","5":"hentry","6":"product_cat-bluzki-i-koszule","7":"product_cat-koszule","8":"product_cat-odziez","9":"product_cat-ona","10":"product_tag-medicine","11":"product_tag-medicine-bluzka-halloween-by-paulina-czak"},"yoast_head":"<!-- This site is optimized with the Yoast SEO plugin v15.6.2 - https:\/\/yoast.com\/wordpress\/plugins\/seo\/ -->\n<title>Medicine - Bluzka Halloween by Paulina Czak<\/title>\n<meta name=\"robots\" content=\"index, follow, max-snippet:-1, max-image-preview:large, max-video-preview:-1\" \/>\n<link rel=\"canonical\" href=\"https:\/\/torebunia.pl\/sklep\/produkt\/medicine-bluzka-halloween-by-paulina-czak\/\" \/>\n<meta property=\"og:locale\" content=\"pl_PL\" \/>\n<meta property=\"og:type\" content=\"article\" \/>\n<meta property=\"og:title\" content=\"Medicine - Bluzka Halloween by Paulina Czak\" \/>\n<meta property=\"og:description\" content=\"Parametry produktu: cena: 69.9 PLN marka: MEDICINE p\u0142e\u0107: Female kategoria: ONA \/ Odzie\u017c \/ Bluzki i koszule \/ Koszule kolor: czarny Opis: Koszula z kolekcji Medicine. Model wykonany z wzorzystej\" \/>\n<meta property=\"og:url\" content=\"https:\/\/torebunia.pl\/sklep\/produkt\/medicine-bluzka-halloween-by-paulina-czak\/\" \/>\n<meta property=\"og:site_name\" content=\"Moje Blog\" \/>\n<meta property=\"article:modified_time\" content=\"2021-01-27T13:20:08+00:00\" \/>\n<meta property=\"og:image\" content=\"https:\/\/torebunia.pl\/sklep\/wp-content\/uploads\/2021\/01\/e6a9be5b8ec9eb43953d0038da988ef08cbde410.jpg\" \/>\n\t<meta property=\"og:image:width\" content=\"855\" \/>\n\t<meta property=\"og:image:height\" content=\"1290\" \/>\n<meta name=\"twitter:card\" content=\"summary_large_image\" \/>\n<meta name=\"twitter:label1\" content=\"Est. reading time\">\n\t<meta name=\"twitter:data1\" content=\"1 minuta\">\n<script type=\"application\/ld+json\" class=\"yoast-schema-graph\">{\"@context\":\"https:\/\/schema.org\",\"@graph\":[{\"@type\":\"WebSite\",\"@id\":\"https:\/\/torebunia.pl\/sklep\/#website\",\"url\":\"https:\/\/torebunia.pl\/sklep\/\",\"name\":\"Moje Blog\",\"description\":\"Kolejna witryna WordPress\",\"potentialAction\":[{\"@type\":\"SearchAction\",\"target\":\"https:\/\/torebunia.pl\/sklep\/?s={search_term_string}\",\"query-input\":\"required name=search_term_string\"}],\"inLanguage\":\"pl-PL\"},{\"@type\":\"ImageObject\",\"@id\":\"https:\/\/torebunia.pl\/sklep\/produkt\/medicine-bluzka-halloween-by-paulina-czak\/#primaryimage\",\"inLanguage\":\"pl-PL\",\"url\":\"https:\/\/torebunia.pl\/sklep\/wp-content\/uploads\/2021\/01\/e6a9be5b8ec9eb43953d0038da988ef08cbde410.jpg\",\"width\":855,\"height\":1290,\"caption\":\"Medicine - Bluzka Halloween by Paulina Czak\"},{\"@type\":\"WebPage\",\"@id\":\"https:\/\/torebunia.pl\/sklep\/produkt\/medicine-bluzka-halloween-by-paulina-czak\/#webpage\",\"url\":\"https:\/\/torebunia.pl\/sklep\/produkt\/medicine-bluzka-halloween-by-paulina-czak\/\",\"name\":\"Medicine - Bluzka Halloween by Paulina Czak\",\"isPartOf\":{\"@id\":\"https:\/\/torebunia.pl\/sklep\/#website\"},\"primaryImageOfPage\":{\"@id\":\"https:\/\/torebunia.pl\/sklep\/produkt\/medicine-bluzka-halloween-by-paulina-czak\/#primaryimage\"},\"datePublished\":\"2020-12-14T12:12:27+00:00\",\"dateModified\":\"2021-01-27T13:20:08+00:00\",\"inLanguage\":\"pl-PL\",\"potentialAction\":[{\"@type\":\"ReadAction\",\"target\":[\"https:\/\/torebunia.pl\/sklep\/produkt\/medicine-bluzka-halloween-by-paulina-czak\/\"]}]}]}<\/script>\n<!-- \/ Yoast SEO plugin. -->","_links":{"self":[{"href":"https:\/\/torebunia.pl\/sklep\/wp-json\/wp\/v2\/product\/8791","targetHints":{"allow":["GET"]}}],"collection":[{"href":"https:\/\/torebunia.pl\/sklep\/wp-json\/wp\/v2\/product"}],"about":[{"href":"https:\/\/torebunia.pl\/sklep\/wp-json\/wp\/v2\/types\/product"}],"replies":[{"embeddable":true,"href":"https:\/\/torebunia.pl\/sklep\/wp-json\/wp\/v2\/comments?post=8791"}],"wp:featuredmedia":[{"embeddable":true,"href":"https:\/\/torebunia.pl\/sklep\/wp-json\/wp\/v2\/media\/8792"}],"wp:attachment":[{"href":"https:\/\/torebunia.pl\/sklep\/wp-json\/wp\/v2\/media?parent=8791"}],"curies":[{"name":"wp","href":"https:\/\/api.w.org\/{rel}","templated":true}]}}