{"id":8783,"date":"2020-04-27T04:01:14","date_gmt":"2020-04-27T04:01:14","guid":{"rendered":"https:\/\/torebunia.pl\/sklep\/produkt\/puma-bluza-3\/"},"modified":"2021-01-27T13:19:54","modified_gmt":"2021-01-27T13:19:54","slug":"puma-bluza-3","status":"publish","type":"product","link":"https:\/\/torebunia.pl\/sklep\/produkt\/puma-bluza-3\/","title":{"rendered":"Puma &#8211; Bluza"},"content":{"rendered":"<p>Parametry produktu:<\/p>\n<ul>\n<li>cena: <strong>219.9 PLN<\/strong><\/li>\n<li>marka: <strong>Puma<\/strong><\/li>\n<li>p\u0142e\u0107: <strong>Female<\/strong><\/li>\n<li>kategoria: <strong>ONA \/ Odzie\u017c \/ Bluzy \/ Przez g\u0142ow\u0119<\/strong><\/li>\n<li>kolor: <strong>czarny<\/strong><\/li>\n<\/ul>\n<p>Opis:<br \/>\nBluza z kolekcji Puma. Model wykonany z dzianiny z nadrukiem. &#8211; Materia\u0142 dryCell zapewnia komfort oraz uczucie sucho\u015bci. &#8211; Lu\u017any fason. &#8211; Okr\u0105g\u0142y dekolt. &#8211; Model z nadrukiem. &#8211; Szeroko\u015b\u0107 pod pachami: 64 cm. &#8211; Obni\u017cona linia ramion. &#8211; D\u0142ugo\u015b\u0107 r\u0119kawa(mierzona od dekoltu): 74 cm. &#8211; D\u0142ugo\u015b\u0107: 53 cm. &#8211; Wymiary podane dla rozmiaru: S. Wz\u00f3r: nadruk Kaptur: bez kaptura Sk\u0142ad: 7 % Elastan, 69 % Poliester, 24 % Wiskoza ID produktu: 4910-BLD0ET Kod producenta: 580078<\/p>\n","protected":false},"excerpt":{"rendered":"<p>Parametry produktu: cena: 219.9 PLN marka: Puma p\u0142e\u0107: Female kategoria: ONA \/ Odzie\u017c \/ Bluzy \/ Przez g\u0142ow\u0119 kolor: czarny Opis: Bluza z kolekcji Puma. Model wykonany z dzianiny z<\/p>\n","protected":false},"featured_media":8784,"comment_status":"closed","ping_status":"open","template":"","meta":[],"class_list":{"0":"post-8783","1":"product","2":"type-product","3":"status-publish","5":"hentry","6":"product_cat-bluzy","7":"product_cat-odziez","8":"product_cat-ona","9":"product_cat-przez-glowe","10":"product_tag-puma","11":"product_tag-puma-bluza"},"yoast_head":"<!-- This site is optimized with the Yoast SEO plugin v15.6.2 - https:\/\/yoast.com\/wordpress\/plugins\/seo\/ -->\n<title>Puma - Bluza<\/title>\n<meta name=\"robots\" content=\"index, follow, max-snippet:-1, max-image-preview:large, max-video-preview:-1\" \/>\n<link rel=\"canonical\" href=\"https:\/\/torebunia.pl\/sklep\/produkt\/puma-bluza-3\/\" \/>\n<meta property=\"og:locale\" content=\"pl_PL\" \/>\n<meta property=\"og:type\" content=\"article\" \/>\n<meta property=\"og:title\" content=\"Puma - Bluza\" \/>\n<meta property=\"og:description\" content=\"Parametry produktu: cena: 219.9 PLN marka: Puma p\u0142e\u0107: Female kategoria: ONA \/ Odzie\u017c \/ Bluzy \/ Przez g\u0142ow\u0119 kolor: czarny Opis: Bluza z kolekcji Puma. Model wykonany z dzianiny z\" \/>\n<meta property=\"og:url\" content=\"https:\/\/torebunia.pl\/sklep\/produkt\/puma-bluza-3\/\" \/>\n<meta property=\"og:site_name\" content=\"Moje Blog\" \/>\n<meta property=\"article:modified_time\" content=\"2021-01-27T13:19:54+00:00\" \/>\n<meta property=\"og:image\" content=\"https:\/\/torebunia.pl\/sklep\/wp-content\/uploads\/2021\/01\/030c50b05c3dc98e59d7756c2dd033ef407fbb0b.jpg\" \/>\n\t<meta property=\"og:image:width\" content=\"855\" \/>\n\t<meta property=\"og:image:height\" content=\"1290\" \/>\n<meta name=\"twitter:card\" content=\"summary_large_image\" \/>\n<script type=\"application\/ld+json\" class=\"yoast-schema-graph\">{\"@context\":\"https:\/\/schema.org\",\"@graph\":[{\"@type\":\"WebSite\",\"@id\":\"https:\/\/torebunia.pl\/sklep\/#website\",\"url\":\"https:\/\/torebunia.pl\/sklep\/\",\"name\":\"Moje Blog\",\"description\":\"Kolejna witryna WordPress\",\"potentialAction\":[{\"@type\":\"SearchAction\",\"target\":\"https:\/\/torebunia.pl\/sklep\/?s={search_term_string}\",\"query-input\":\"required name=search_term_string\"}],\"inLanguage\":\"pl-PL\"},{\"@type\":\"ImageObject\",\"@id\":\"https:\/\/torebunia.pl\/sklep\/produkt\/puma-bluza-3\/#primaryimage\",\"inLanguage\":\"pl-PL\",\"url\":\"https:\/\/torebunia.pl\/sklep\/wp-content\/uploads\/2021\/01\/030c50b05c3dc98e59d7756c2dd033ef407fbb0b.jpg\",\"width\":855,\"height\":1290,\"caption\":\"Puma - Bluza\"},{\"@type\":\"WebPage\",\"@id\":\"https:\/\/torebunia.pl\/sklep\/produkt\/puma-bluza-3\/#webpage\",\"url\":\"https:\/\/torebunia.pl\/sklep\/produkt\/puma-bluza-3\/\",\"name\":\"Puma - Bluza\",\"isPartOf\":{\"@id\":\"https:\/\/torebunia.pl\/sklep\/#website\"},\"primaryImageOfPage\":{\"@id\":\"https:\/\/torebunia.pl\/sklep\/produkt\/puma-bluza-3\/#primaryimage\"},\"datePublished\":\"2020-04-27T04:01:14+00:00\",\"dateModified\":\"2021-01-27T13:19:54+00:00\",\"inLanguage\":\"pl-PL\",\"potentialAction\":[{\"@type\":\"ReadAction\",\"target\":[\"https:\/\/torebunia.pl\/sklep\/produkt\/puma-bluza-3\/\"]}]}]}<\/script>\n<!-- \/ Yoast SEO plugin. -->","_links":{"self":[{"href":"https:\/\/torebunia.pl\/sklep\/wp-json\/wp\/v2\/product\/8783","targetHints":{"allow":["GET"]}}],"collection":[{"href":"https:\/\/torebunia.pl\/sklep\/wp-json\/wp\/v2\/product"}],"about":[{"href":"https:\/\/torebunia.pl\/sklep\/wp-json\/wp\/v2\/types\/product"}],"replies":[{"embeddable":true,"href":"https:\/\/torebunia.pl\/sklep\/wp-json\/wp\/v2\/comments?post=8783"}],"wp:featuredmedia":[{"embeddable":true,"href":"https:\/\/torebunia.pl\/sklep\/wp-json\/wp\/v2\/media\/8784"}],"wp:attachment":[{"href":"https:\/\/torebunia.pl\/sklep\/wp-json\/wp\/v2\/media?parent=8783"}],"curies":[{"name":"wp","href":"https:\/\/api.w.org\/{rel}","templated":true}]}}