{"id":8777,"date":"2020-05-19T16:11:03","date_gmt":"2020-05-19T16:11:03","guid":{"rendered":"https:\/\/torebunia.pl\/sklep\/produkt\/desigual-torebka-3\/"},"modified":"2021-01-27T13:19:49","modified_gmt":"2021-01-27T13:19:49","slug":"desigual-torebka-3","status":"publish","type":"product","link":"https:\/\/torebunia.pl\/sklep\/produkt\/desigual-torebka-3\/","title":{"rendered":"Desigual &#8211; Torebka"},"content":{"rendered":"<p>Parametry produktu:<\/p>\n<ul>\n<li>cena: <strong>399.9 PLN<\/strong><\/li>\n<li>marka: <strong>Desigual<\/strong><\/li>\n<li>p\u0142e\u0107: <strong>Female<\/strong><\/li>\n<li>kategoria: <strong>ONA \/ Akcesoria \/ Torebki \/ Shopper i tote<\/strong><\/li>\n<li>kolor: <strong>czarny<\/strong><\/li>\n<\/ul>\n<p>Opis:<br \/>\nDu\u017ca torebka z kolekcji Desigual. Zapinany model wykonany z po\u0142\u0105czenia materia\u0142u tekstylnego i sk\u00f3ry ekologicznej. &#8211; Model z ozdobnymi haftami. &#8211; Zapi\u0119cie na suwak. &#8211; Torebka do noszenia na ramieniu. &#8211; D\u0142ugie uchwyty. &#8211; Mie\u015bci format A4. &#8211; D\u0142ugo\u015b\u0107 uchwyt\u00f3w: 26 cm. &#8211; G\u0142\u0119boko\u015b\u0107: 12 cm. &#8211; Wysoko\u015b\u0107: 31 cm. &#8211; Szeroko\u015b\u0107 u podstawy: 33 cm. Materia\u0142: tekstylny Wz\u00f3r: aplikacja Wielko\u015b\u0107: mie\u015bci A4 Materia\u0142: imitacja sk\u00f3ry licowej Pasek: bez paska Sk\u0142ad: Podszewka: 100 % Bawe\u0142na, Materia\u0142 zasadniczy: 2 % Elastan, 28 % Poliester, 70 % Poliuretan, Inne materia\u0142y: 100 % Poliuretan, Wskaz\u00f3wki piel\u0119gnacyjne: nie pra\u0107 chemicznie, nie suszy\u0107 w suszarce b\u0119bnowej, nie wybiela\u0107, nie prasowa\u0107, Nie pra\u0107 ID produktu: 4910-TOD07B Kod producenta: 19WAXPD9<\/p>\n","protected":false},"excerpt":{"rendered":"<p>Parametry produktu: cena: 399.9 PLN marka: Desigual p\u0142e\u0107: Female kategoria: ONA \/ Akcesoria \/ Torebki \/ Shopper i tote kolor: czarny Opis: Du\u017ca torebka z kolekcji Desigual. Zapinany model wykonany<\/p>\n","protected":false},"featured_media":8778,"comment_status":"closed","ping_status":"open","template":"","meta":[],"class_list":{"0":"post-8777","1":"product","2":"type-product","3":"status-publish","5":"hentry","6":"product_cat-akcesoria","7":"product_cat-ona","8":"product_cat-shopper-i-tote","9":"product_cat-torebki","10":"product_tag-desigual","11":"product_tag-desigual-torebka"},"yoast_head":"<!-- This site is optimized with the Yoast SEO plugin v15.6.2 - https:\/\/yoast.com\/wordpress\/plugins\/seo\/ -->\n<title>Desigual - Torebka<\/title>\n<meta name=\"robots\" content=\"index, follow, max-snippet:-1, max-image-preview:large, max-video-preview:-1\" \/>\n<link rel=\"canonical\" href=\"https:\/\/torebunia.pl\/sklep\/produkt\/desigual-torebka-3\/\" \/>\n<meta property=\"og:locale\" content=\"pl_PL\" \/>\n<meta property=\"og:type\" content=\"article\" \/>\n<meta property=\"og:title\" content=\"Desigual - Torebka\" \/>\n<meta property=\"og:description\" content=\"Parametry produktu: cena: 399.9 PLN marka: Desigual p\u0142e\u0107: Female kategoria: ONA \/ Akcesoria \/ Torebki \/ Shopper i tote kolor: czarny Opis: Du\u017ca torebka z kolekcji Desigual. Zapinany model wykonany\" \/>\n<meta property=\"og:url\" content=\"https:\/\/torebunia.pl\/sklep\/produkt\/desigual-torebka-3\/\" \/>\n<meta property=\"og:site_name\" content=\"Moje Blog\" \/>\n<meta property=\"article:modified_time\" content=\"2021-01-27T13:19:49+00:00\" \/>\n<meta property=\"og:image\" content=\"https:\/\/torebunia.pl\/sklep\/wp-content\/uploads\/2021\/01\/bb07eb99d8f88fdd9d3869b7d1e7f6ad54180322.jpg\" \/>\n\t<meta property=\"og:image:width\" content=\"855\" \/>\n\t<meta property=\"og:image:height\" content=\"1290\" \/>\n<meta name=\"twitter:card\" content=\"summary_large_image\" \/>\n<meta name=\"twitter:label1\" content=\"Est. reading time\">\n\t<meta name=\"twitter:data1\" content=\"1 minuta\">\n<script type=\"application\/ld+json\" class=\"yoast-schema-graph\">{\"@context\":\"https:\/\/schema.org\",\"@graph\":[{\"@type\":\"WebSite\",\"@id\":\"https:\/\/torebunia.pl\/sklep\/#website\",\"url\":\"https:\/\/torebunia.pl\/sklep\/\",\"name\":\"Moje Blog\",\"description\":\"Kolejna witryna WordPress\",\"potentialAction\":[{\"@type\":\"SearchAction\",\"target\":\"https:\/\/torebunia.pl\/sklep\/?s={search_term_string}\",\"query-input\":\"required name=search_term_string\"}],\"inLanguage\":\"pl-PL\"},{\"@type\":\"ImageObject\",\"@id\":\"https:\/\/torebunia.pl\/sklep\/produkt\/desigual-torebka-3\/#primaryimage\",\"inLanguage\":\"pl-PL\",\"url\":\"https:\/\/torebunia.pl\/sklep\/wp-content\/uploads\/2021\/01\/bb07eb99d8f88fdd9d3869b7d1e7f6ad54180322.jpg\",\"width\":855,\"height\":1290,\"caption\":\"Desigual - Torebka\"},{\"@type\":\"WebPage\",\"@id\":\"https:\/\/torebunia.pl\/sklep\/produkt\/desigual-torebka-3\/#webpage\",\"url\":\"https:\/\/torebunia.pl\/sklep\/produkt\/desigual-torebka-3\/\",\"name\":\"Desigual - Torebka\",\"isPartOf\":{\"@id\":\"https:\/\/torebunia.pl\/sklep\/#website\"},\"primaryImageOfPage\":{\"@id\":\"https:\/\/torebunia.pl\/sklep\/produkt\/desigual-torebka-3\/#primaryimage\"},\"datePublished\":\"2020-05-19T16:11:03+00:00\",\"dateModified\":\"2021-01-27T13:19:49+00:00\",\"inLanguage\":\"pl-PL\",\"potentialAction\":[{\"@type\":\"ReadAction\",\"target\":[\"https:\/\/torebunia.pl\/sklep\/produkt\/desigual-torebka-3\/\"]}]}]}<\/script>\n<!-- \/ Yoast SEO plugin. -->","_links":{"self":[{"href":"https:\/\/torebunia.pl\/sklep\/wp-json\/wp\/v2\/product\/8777","targetHints":{"allow":["GET"]}}],"collection":[{"href":"https:\/\/torebunia.pl\/sklep\/wp-json\/wp\/v2\/product"}],"about":[{"href":"https:\/\/torebunia.pl\/sklep\/wp-json\/wp\/v2\/types\/product"}],"replies":[{"embeddable":true,"href":"https:\/\/torebunia.pl\/sklep\/wp-json\/wp\/v2\/comments?post=8777"}],"wp:featuredmedia":[{"embeddable":true,"href":"https:\/\/torebunia.pl\/sklep\/wp-json\/wp\/v2\/media\/8778"}],"wp:attachment":[{"href":"https:\/\/torebunia.pl\/sklep\/wp-json\/wp\/v2\/media?parent=8777"}],"curies":[{"name":"wp","href":"https:\/\/api.w.org\/{rel}","templated":true}]}}