{"id":8741,"date":"2020-04-16T05:29:04","date_gmt":"2020-04-16T05:29:04","guid":{"rendered":"https:\/\/torebunia.pl\/sklep\/produkt\/guess-jeans-kosmetyczka\/"},"modified":"2021-01-27T12:29:34","modified_gmt":"2021-01-27T12:29:34","slug":"guess-jeans-kosmetyczka","status":"publish","type":"product","link":"https:\/\/torebunia.pl\/sklep\/produkt\/guess-jeans-kosmetyczka\/","title":{"rendered":"Guess Jeans &#8211; Kosmetyczka"},"content":{"rendered":"<p>Parametry produktu:<\/p>\n<ul>\n<li>cena: <strong>139.9 PLN<\/strong><\/li>\n<li>marka: <strong>Guess Jeans<\/strong><\/li>\n<li>p\u0142e\u0107: <strong>Female<\/strong><\/li>\n<li>kategoria: <strong>ONA \/ Akcesoria \/ Kosmetyczki<\/strong><\/li>\n<li>kolor: <strong>mi\u0119towy<\/strong><\/li>\n<\/ul>\n<p>Opis:<br \/>\nKosmetyczka z kolekcji Guess Jeans. Model wykonany z sk\u00f3ry ekologicznej. Wz\u00f3r: g\u0142adkie Sk\u0142ad: 100 % Poliuretan ID produktu: 4901-PFD02T Kod producenta: PWBAHI.P0270<\/p>\n","protected":false},"excerpt":{"rendered":"<p>Parametry produktu: cena: 139.9 PLN marka: Guess Jeans p\u0142e\u0107: Female kategoria: ONA \/ Akcesoria \/ Kosmetyczki kolor: mi\u0119towy Opis: Kosmetyczka z kolekcji Guess Jeans. Model wykonany z sk\u00f3ry ekologicznej. Wz\u00f3r:<\/p>\n","protected":false},"featured_media":8742,"comment_status":"closed","ping_status":"open","template":"","meta":[],"class_list":{"0":"post-8741","1":"product","2":"type-product","3":"status-publish","5":"hentry","6":"product_cat-akcesoria","7":"product_cat-kosmetyczki","8":"product_cat-ona","9":"product_tag-guess-jeans","10":"product_tag-guess-jeans-kosmetyczka"},"yoast_head":"<!-- This site is optimized with the Yoast SEO plugin v15.6.2 - https:\/\/yoast.com\/wordpress\/plugins\/seo\/ -->\n<title>Guess Jeans - Kosmetyczka<\/title>\n<meta name=\"robots\" content=\"index, follow, max-snippet:-1, max-image-preview:large, max-video-preview:-1\" \/>\n<link rel=\"canonical\" href=\"https:\/\/torebunia.pl\/sklep\/produkt\/guess-jeans-kosmetyczka\/\" \/>\n<meta property=\"og:locale\" content=\"pl_PL\" \/>\n<meta property=\"og:type\" content=\"article\" \/>\n<meta property=\"og:title\" content=\"Guess Jeans - Kosmetyczka\" \/>\n<meta property=\"og:description\" content=\"Parametry produktu: cena: 139.9 PLN marka: Guess Jeans p\u0142e\u0107: Female kategoria: ONA \/ Akcesoria \/ Kosmetyczki kolor: mi\u0119towy Opis: Kosmetyczka z kolekcji Guess Jeans. Model wykonany z sk\u00f3ry ekologicznej. Wz\u00f3r:\" \/>\n<meta property=\"og:url\" content=\"https:\/\/torebunia.pl\/sklep\/produkt\/guess-jeans-kosmetyczka\/\" \/>\n<meta property=\"og:site_name\" content=\"Moje Blog\" \/>\n<meta property=\"article:modified_time\" content=\"2021-01-27T12:29:34+00:00\" \/>\n<meta property=\"og:image\" content=\"https:\/\/torebunia.pl\/sklep\/wp-content\/uploads\/2021\/01\/59584d681d8df9dabfef8387b9363365f9a6172b.jpg\" \/>\n\t<meta property=\"og:image:width\" content=\"855\" \/>\n\t<meta property=\"og:image:height\" content=\"1290\" \/>\n<meta name=\"twitter:card\" content=\"summary_large_image\" \/>\n<script type=\"application\/ld+json\" class=\"yoast-schema-graph\">{\"@context\":\"https:\/\/schema.org\",\"@graph\":[{\"@type\":\"WebSite\",\"@id\":\"https:\/\/torebunia.pl\/sklep\/#website\",\"url\":\"https:\/\/torebunia.pl\/sklep\/\",\"name\":\"Moje Blog\",\"description\":\"Kolejna witryna WordPress\",\"potentialAction\":[{\"@type\":\"SearchAction\",\"target\":\"https:\/\/torebunia.pl\/sklep\/?s={search_term_string}\",\"query-input\":\"required name=search_term_string\"}],\"inLanguage\":\"pl-PL\"},{\"@type\":\"ImageObject\",\"@id\":\"https:\/\/torebunia.pl\/sklep\/produkt\/guess-jeans-kosmetyczka\/#primaryimage\",\"inLanguage\":\"pl-PL\",\"url\":\"https:\/\/torebunia.pl\/sklep\/wp-content\/uploads\/2021\/01\/59584d681d8df9dabfef8387b9363365f9a6172b.jpg\",\"width\":855,\"height\":1290,\"caption\":\"Guess Jeans - Kosmetyczka\"},{\"@type\":\"WebPage\",\"@id\":\"https:\/\/torebunia.pl\/sklep\/produkt\/guess-jeans-kosmetyczka\/#webpage\",\"url\":\"https:\/\/torebunia.pl\/sklep\/produkt\/guess-jeans-kosmetyczka\/\",\"name\":\"Guess Jeans - Kosmetyczka\",\"isPartOf\":{\"@id\":\"https:\/\/torebunia.pl\/sklep\/#website\"},\"primaryImageOfPage\":{\"@id\":\"https:\/\/torebunia.pl\/sklep\/produkt\/guess-jeans-kosmetyczka\/#primaryimage\"},\"datePublished\":\"2020-04-16T05:29:04+00:00\",\"dateModified\":\"2021-01-27T12:29:34+00:00\",\"inLanguage\":\"pl-PL\",\"potentialAction\":[{\"@type\":\"ReadAction\",\"target\":[\"https:\/\/torebunia.pl\/sklep\/produkt\/guess-jeans-kosmetyczka\/\"]}]}]}<\/script>\n<!-- \/ Yoast SEO plugin. -->","_links":{"self":[{"href":"https:\/\/torebunia.pl\/sklep\/wp-json\/wp\/v2\/product\/8741","targetHints":{"allow":["GET"]}}],"collection":[{"href":"https:\/\/torebunia.pl\/sklep\/wp-json\/wp\/v2\/product"}],"about":[{"href":"https:\/\/torebunia.pl\/sklep\/wp-json\/wp\/v2\/types\/product"}],"replies":[{"embeddable":true,"href":"https:\/\/torebunia.pl\/sklep\/wp-json\/wp\/v2\/comments?post=8741"}],"wp:featuredmedia":[{"embeddable":true,"href":"https:\/\/torebunia.pl\/sklep\/wp-json\/wp\/v2\/media\/8742"}],"wp:attachment":[{"href":"https:\/\/torebunia.pl\/sklep\/wp-json\/wp\/v2\/media?parent=8741"}],"curies":[{"name":"wp","href":"https:\/\/api.w.org\/{rel}","templated":true}]}}