{"id":8711,"date":"2020-03-17T23:02:43","date_gmt":"2020-03-17T23:02:43","guid":{"rendered":"https:\/\/torebunia.pl\/sklep\/produkt\/mango-bluzka-romantic\/"},"modified":"2021-01-27T13:18:20","modified_gmt":"2021-01-27T13:18:20","slug":"mango-bluzka-romantic","status":"publish","type":"product","link":"https:\/\/torebunia.pl\/sklep\/produkt\/mango-bluzka-romantic\/","title":{"rendered":"Mango &#8211; Bluzka ROMANTIC"},"content":{"rendered":"<p>Parametry produktu:<\/p>\n<ul>\n<li>cena: <strong>199.99 PLN<\/strong><\/li>\n<li>marka: <strong>Mango<\/strong><\/li>\n<li>p\u0142e\u0107: <strong>Female<\/strong><\/li>\n<li>kategoria: <strong>ONA \/ Odzie\u017c \/ Bluzki i koszule \/ Bluzki<\/strong><\/li>\n<li>kolor: <strong>bia\u0142y<\/strong><\/li>\n<\/ul>\n<p>Opis:<br \/>\nBluzka z kolekcji Mango. Model wykonany z bawe\u0142nianego materia\u0142u. Posiada ozdobn\u0105 st\u00f3jk\u0119. &#8211; Prosty fason. &#8211; D\u0142ugi r\u0119kaw. &#8211; Zapi\u0119cie na guziki. &#8211; Model ze st\u00f3jk\u0105. &#8211; Cienki materia\u0142. &#8211; Model z ozdobn\u0105 falban\u0105. &#8211; Koronkowe wstawki. Wz\u00f3r: g\u0142adkie Fason: regular R\u0119kaw: d\u0142ugi Materia\u0142: bawe\u0142na Dekolt: st\u00f3jka Okazje: eleganckie Okazje: casual Sk\u0142ad: Materia\u0142 zasadniczy: 100 % Bawe\u0142na, Wstawki: 100 % Poliamid, Haft: 100 % Bawe\u0142na ID produktu: -100-BDD01G Kod producenta: 77047616<\/p>\n","protected":false},"excerpt":{"rendered":"<p>Parametry produktu: cena: 199.99 PLN marka: Mango p\u0142e\u0107: Female kategoria: ONA \/ Odzie\u017c \/ Bluzki i koszule \/ Bluzki kolor: bia\u0142y Opis: Bluzka z kolekcji Mango. Model wykonany z bawe\u0142nianego<\/p>\n","protected":false},"featured_media":8712,"comment_status":"closed","ping_status":"open","template":"","meta":[],"class_list":{"0":"post-8711","1":"product","2":"type-product","3":"status-publish","5":"hentry","6":"product_cat-bluzki","7":"product_cat-bluzki-i-koszule","8":"product_cat-odziez","9":"product_cat-ona","10":"product_tag-mango","11":"product_tag-mango-bluzka-romantic"},"yoast_head":"<!-- This site is optimized with the Yoast SEO plugin v15.6.2 - https:\/\/yoast.com\/wordpress\/plugins\/seo\/ -->\n<title>Mango - Bluzka ROMANTIC<\/title>\n<meta name=\"robots\" content=\"index, follow, max-snippet:-1, max-image-preview:large, max-video-preview:-1\" \/>\n<link rel=\"canonical\" href=\"https:\/\/torebunia.pl\/sklep\/produkt\/mango-bluzka-romantic\/\" \/>\n<meta property=\"og:locale\" content=\"pl_PL\" \/>\n<meta property=\"og:type\" content=\"article\" \/>\n<meta property=\"og:title\" content=\"Mango - Bluzka ROMANTIC\" \/>\n<meta property=\"og:description\" content=\"Parametry produktu: cena: 199.99 PLN marka: Mango p\u0142e\u0107: Female kategoria: ONA \/ Odzie\u017c \/ Bluzki i koszule \/ Bluzki kolor: bia\u0142y Opis: Bluzka z kolekcji Mango. Model wykonany z bawe\u0142nianego\" \/>\n<meta property=\"og:url\" content=\"https:\/\/torebunia.pl\/sklep\/produkt\/mango-bluzka-romantic\/\" \/>\n<meta property=\"og:site_name\" content=\"Moje Blog\" \/>\n<meta property=\"article:modified_time\" content=\"2021-01-27T13:18:20+00:00\" \/>\n<meta property=\"og:image\" content=\"https:\/\/torebunia.pl\/sklep\/wp-content\/uploads\/2021\/01\/ec4b3413db118ce81e3af3ec43047c604b5f7f43.jpg\" \/>\n\t<meta property=\"og:image:width\" content=\"855\" \/>\n\t<meta property=\"og:image:height\" content=\"1290\" \/>\n<meta name=\"twitter:card\" content=\"summary_large_image\" \/>\n<meta name=\"twitter:label1\" content=\"Est. reading time\">\n\t<meta name=\"twitter:data1\" content=\"1 minuta\">\n<script type=\"application\/ld+json\" class=\"yoast-schema-graph\">{\"@context\":\"https:\/\/schema.org\",\"@graph\":[{\"@type\":\"WebSite\",\"@id\":\"https:\/\/torebunia.pl\/sklep\/#website\",\"url\":\"https:\/\/torebunia.pl\/sklep\/\",\"name\":\"Moje Blog\",\"description\":\"Kolejna witryna WordPress\",\"potentialAction\":[{\"@type\":\"SearchAction\",\"target\":\"https:\/\/torebunia.pl\/sklep\/?s={search_term_string}\",\"query-input\":\"required name=search_term_string\"}],\"inLanguage\":\"pl-PL\"},{\"@type\":\"ImageObject\",\"@id\":\"https:\/\/torebunia.pl\/sklep\/produkt\/mango-bluzka-romantic\/#primaryimage\",\"inLanguage\":\"pl-PL\",\"url\":\"https:\/\/torebunia.pl\/sklep\/wp-content\/uploads\/2021\/01\/ec4b3413db118ce81e3af3ec43047c604b5f7f43.jpg\",\"width\":855,\"height\":1290,\"caption\":\"Mango - Bluzka ROMANTIC\"},{\"@type\":\"WebPage\",\"@id\":\"https:\/\/torebunia.pl\/sklep\/produkt\/mango-bluzka-romantic\/#webpage\",\"url\":\"https:\/\/torebunia.pl\/sklep\/produkt\/mango-bluzka-romantic\/\",\"name\":\"Mango - Bluzka ROMANTIC\",\"isPartOf\":{\"@id\":\"https:\/\/torebunia.pl\/sklep\/#website\"},\"primaryImageOfPage\":{\"@id\":\"https:\/\/torebunia.pl\/sklep\/produkt\/mango-bluzka-romantic\/#primaryimage\"},\"datePublished\":\"2020-03-17T23:02:43+00:00\",\"dateModified\":\"2021-01-27T13:18:20+00:00\",\"inLanguage\":\"pl-PL\",\"potentialAction\":[{\"@type\":\"ReadAction\",\"target\":[\"https:\/\/torebunia.pl\/sklep\/produkt\/mango-bluzka-romantic\/\"]}]}]}<\/script>\n<!-- \/ Yoast SEO plugin. -->","_links":{"self":[{"href":"https:\/\/torebunia.pl\/sklep\/wp-json\/wp\/v2\/product\/8711","targetHints":{"allow":["GET"]}}],"collection":[{"href":"https:\/\/torebunia.pl\/sklep\/wp-json\/wp\/v2\/product"}],"about":[{"href":"https:\/\/torebunia.pl\/sklep\/wp-json\/wp\/v2\/types\/product"}],"replies":[{"embeddable":true,"href":"https:\/\/torebunia.pl\/sklep\/wp-json\/wp\/v2\/comments?post=8711"}],"wp:featuredmedia":[{"embeddable":true,"href":"https:\/\/torebunia.pl\/sklep\/wp-json\/wp\/v2\/media\/8712"}],"wp:attachment":[{"href":"https:\/\/torebunia.pl\/sklep\/wp-json\/wp\/v2\/media?parent=8711"}],"curies":[{"name":"wp","href":"https:\/\/api.w.org\/{rel}","templated":true}]}}