{"id":8703,"date":"2021-01-18T10:26:21","date_gmt":"2021-01-18T10:26:21","guid":{"rendered":"https:\/\/torebunia.pl\/sklep\/produkt\/coach-buty\/"},"modified":"2021-01-27T12:29:32","modified_gmt":"2021-01-27T12:29:32","slug":"coach-buty","status":"publish","type":"product","link":"https:\/\/torebunia.pl\/sklep\/produkt\/coach-buty\/","title":{"rendered":"Coach &#8211; Buty"},"content":{"rendered":"<p>Parametry produktu:<\/p>\n<ul>\n<li>cena: <strong>539.9 PLN<\/strong><\/li>\n<li>marka: <strong>COACH<\/strong><\/li>\n<li>p\u0142e\u0107: <strong>Female<\/strong><\/li>\n<li>kategoria: <strong>ONA \/ Obuwie \/ Sneakersy i sportowe \/ Sneakersy<\/strong><\/li>\n<li>kolor: <strong>czarny<\/strong><\/li>\n<\/ul>\n<p>Opis:<br \/>\nButy z kolekcji Coach. Model wykonany z po\u0142\u0105czenia materia\u0142u tekstylnego i sk\u00f3ry naturalnej. &#8211; Okr\u0105g\u0142y, usztywniony nosek. &#8211; Gumowa podeszwa. &#8211; Usztywniony zapi\u0119tek. &#8211; Tekstylna wk\u0142adka. &#8211; D\u0142ugo\u015b\u0107 wk\u0142adki wynosi: 23,5 cm. &#8211; Wymiary podane dla rozmiaru: 37. Materia\u0142: tekstylny Obcas: p\u0142aski Materia\u0142: sk\u00f3ra licowa Sk\u0142ad: Cholewka: Materia\u0142 tekstylny, Sk\u00f3ra naturalna, Wn\u0119trze: Materia\u0142 syntetyczny, Materia\u0142 tekstylny, Podeszwa: Materia\u0142 syntetyczny ID produktu: 4901-OBD1CY Kod producenta: G5037<\/p>\n","protected":false},"excerpt":{"rendered":"<p>Parametry produktu: cena: 539.9 PLN marka: COACH p\u0142e\u0107: Female kategoria: ONA \/ Obuwie \/ Sneakersy i sportowe \/ Sneakersy kolor: czarny Opis: Buty z kolekcji Coach. Model wykonany z po\u0142\u0105czenia<\/p>\n","protected":false},"featured_media":8704,"comment_status":"closed","ping_status":"open","template":"","meta":[],"class_list":{"0":"post-8703","1":"product","2":"type-product","3":"status-publish","5":"hentry","6":"product_cat-obuwie","7":"product_cat-ona","8":"product_cat-sneakersy","9":"product_cat-sneakersy-i-sportowe","10":"product_tag-coach","11":"product_tag-coach-buty"},"yoast_head":"<!-- This site is optimized with the Yoast SEO plugin v15.6.2 - https:\/\/yoast.com\/wordpress\/plugins\/seo\/ -->\n<title>Coach - Buty<\/title>\n<meta name=\"robots\" content=\"index, follow, max-snippet:-1, max-image-preview:large, max-video-preview:-1\" \/>\n<link rel=\"canonical\" href=\"https:\/\/torebunia.pl\/sklep\/produkt\/coach-buty\/\" \/>\n<meta property=\"og:locale\" content=\"pl_PL\" \/>\n<meta property=\"og:type\" content=\"article\" \/>\n<meta property=\"og:title\" content=\"Coach - Buty\" \/>\n<meta property=\"og:description\" content=\"Parametry produktu: cena: 539.9 PLN marka: COACH p\u0142e\u0107: Female kategoria: ONA \/ Obuwie \/ Sneakersy i sportowe \/ Sneakersy kolor: czarny Opis: Buty z kolekcji Coach. Model wykonany z po\u0142\u0105czenia\" \/>\n<meta property=\"og:url\" content=\"https:\/\/torebunia.pl\/sklep\/produkt\/coach-buty\/\" \/>\n<meta property=\"og:site_name\" content=\"Moje Blog\" \/>\n<meta property=\"article:modified_time\" content=\"2021-01-27T12:29:32+00:00\" \/>\n<meta property=\"og:image\" content=\"https:\/\/torebunia.pl\/sklep\/wp-content\/uploads\/2021\/01\/77f9f710f80fba83fe816e7f96767d7f5b97aba7.jpg\" \/>\n\t<meta property=\"og:image:width\" content=\"855\" \/>\n\t<meta property=\"og:image:height\" content=\"1290\" \/>\n<meta name=\"twitter:card\" content=\"summary_large_image\" \/>\n<script type=\"application\/ld+json\" class=\"yoast-schema-graph\">{\"@context\":\"https:\/\/schema.org\",\"@graph\":[{\"@type\":\"WebSite\",\"@id\":\"https:\/\/torebunia.pl\/sklep\/#website\",\"url\":\"https:\/\/torebunia.pl\/sklep\/\",\"name\":\"Moje Blog\",\"description\":\"Kolejna witryna WordPress\",\"potentialAction\":[{\"@type\":\"SearchAction\",\"target\":\"https:\/\/torebunia.pl\/sklep\/?s={search_term_string}\",\"query-input\":\"required name=search_term_string\"}],\"inLanguage\":\"pl-PL\"},{\"@type\":\"ImageObject\",\"@id\":\"https:\/\/torebunia.pl\/sklep\/produkt\/coach-buty\/#primaryimage\",\"inLanguage\":\"pl-PL\",\"url\":\"https:\/\/torebunia.pl\/sklep\/wp-content\/uploads\/2021\/01\/77f9f710f80fba83fe816e7f96767d7f5b97aba7.jpg\",\"width\":855,\"height\":1290,\"caption\":\"Coach - Buty\"},{\"@type\":\"WebPage\",\"@id\":\"https:\/\/torebunia.pl\/sklep\/produkt\/coach-buty\/#webpage\",\"url\":\"https:\/\/torebunia.pl\/sklep\/produkt\/coach-buty\/\",\"name\":\"Coach - Buty\",\"isPartOf\":{\"@id\":\"https:\/\/torebunia.pl\/sklep\/#website\"},\"primaryImageOfPage\":{\"@id\":\"https:\/\/torebunia.pl\/sklep\/produkt\/coach-buty\/#primaryimage\"},\"datePublished\":\"2021-01-18T10:26:21+00:00\",\"dateModified\":\"2021-01-27T12:29:32+00:00\",\"inLanguage\":\"pl-PL\",\"potentialAction\":[{\"@type\":\"ReadAction\",\"target\":[\"https:\/\/torebunia.pl\/sklep\/produkt\/coach-buty\/\"]}]}]}<\/script>\n<!-- \/ Yoast SEO plugin. -->","_links":{"self":[{"href":"https:\/\/torebunia.pl\/sklep\/wp-json\/wp\/v2\/product\/8703","targetHints":{"allow":["GET"]}}],"collection":[{"href":"https:\/\/torebunia.pl\/sklep\/wp-json\/wp\/v2\/product"}],"about":[{"href":"https:\/\/torebunia.pl\/sklep\/wp-json\/wp\/v2\/types\/product"}],"replies":[{"embeddable":true,"href":"https:\/\/torebunia.pl\/sklep\/wp-json\/wp\/v2\/comments?post=8703"}],"wp:featuredmedia":[{"embeddable":true,"href":"https:\/\/torebunia.pl\/sklep\/wp-json\/wp\/v2\/media\/8704"}],"wp:attachment":[{"href":"https:\/\/torebunia.pl\/sklep\/wp-json\/wp\/v2\/media?parent=8703"}],"curies":[{"name":"wp","href":"https:\/\/api.w.org\/{rel}","templated":true}]}}