{"id":8691,"date":"2020-04-04T16:13:08","date_gmt":"2020-04-04T16:13:08","guid":{"rendered":"https:\/\/torebunia.pl\/sklep\/produkt\/guess-jeans-zegarek-gw0036l2\/"},"modified":"2021-01-27T13:18:11","modified_gmt":"2021-01-27T13:18:11","slug":"guess-jeans-zegarek-gw0036l2","status":"publish","type":"product","link":"https:\/\/torebunia.pl\/sklep\/produkt\/guess-jeans-zegarek-gw0036l2\/","title":{"rendered":"Guess Jeans &#8211; Zegarek GW0036L2"},"content":{"rendered":"<p>Parametry produktu:<\/p>\n<ul>\n<li>cena: <strong>599.9 PLN<\/strong><\/li>\n<li>marka: <strong>Guess Jeans<\/strong><\/li>\n<li>p\u0142e\u0107: <strong>Female<\/strong><\/li>\n<li>kategoria: <strong>ONA \/ Akcesoria \/ Zegarki<\/strong><\/li>\n<li>kolor: <strong>czarny<\/strong><\/li>\n<\/ul>\n<p>Opis:<br \/>\nZegarek z kolekcji Guess Jeans. Model z okr\u0105g\u0142\u0105 tarcz\u0105 i sk\u00f3rzanym paskiem. &#8211; Szk\u0142o: mineralne (utwardzane, bardzo odporne na st\u0142uczenia, ci\u0119\u017cko je zarysowa\u0107). &#8211; Mechanizm: kwarcowy, zasilany bateri\u0105. &#8211; Wodoszczelno\u015b\u0107: WR. 30M (3ATM) &#8211; odporny na zachlapania. &#8211; Materia\u0142 paska: sk\u00f3ra naturalna. &#8211; Materia\u0142 koperty: stal szlachetna. &#8211; Grubo\u015b\u0107 koperty: 12 mm. &#8211; \u015arednica koperty: 38 mm. Sk\u0142ad: Sk\u00f3ra naturalna, Stal szlachetna, Szk\u0142o mineralne ID produktu: 100-AKD1DA Kod producenta: GW0036L2<\/p>\n","protected":false},"excerpt":{"rendered":"<p>Parametry produktu: cena: 599.9 PLN marka: Guess Jeans p\u0142e\u0107: Female kategoria: ONA \/ Akcesoria \/ Zegarki kolor: czarny Opis: Zegarek z kolekcji Guess Jeans. Model z okr\u0105g\u0142\u0105 tarcz\u0105 i sk\u00f3rzanym<\/p>\n","protected":false},"featured_media":8692,"comment_status":"closed","ping_status":"open","template":"","meta":[],"class_list":{"0":"post-8691","1":"product","2":"type-product","3":"status-publish","5":"hentry","6":"product_cat-akcesoria","7":"product_cat-ona","8":"product_cat-zegarki","9":"product_tag-guess-jeans","10":"product_tag-guess-jeans-zegarek-gw0036l2"},"yoast_head":"<!-- This site is optimized with the Yoast SEO plugin v15.6.2 - https:\/\/yoast.com\/wordpress\/plugins\/seo\/ -->\n<title>Guess Jeans - Zegarek GW0036L2<\/title>\n<meta name=\"robots\" content=\"index, follow, max-snippet:-1, max-image-preview:large, max-video-preview:-1\" \/>\n<link rel=\"canonical\" href=\"https:\/\/torebunia.pl\/sklep\/produkt\/guess-jeans-zegarek-gw0036l2\/\" \/>\n<meta property=\"og:locale\" content=\"pl_PL\" \/>\n<meta property=\"og:type\" content=\"article\" \/>\n<meta property=\"og:title\" content=\"Guess Jeans - Zegarek GW0036L2\" \/>\n<meta property=\"og:description\" content=\"Parametry produktu: cena: 599.9 PLN marka: Guess Jeans p\u0142e\u0107: Female kategoria: ONA \/ Akcesoria \/ Zegarki kolor: czarny Opis: Zegarek z kolekcji Guess Jeans. Model z okr\u0105g\u0142\u0105 tarcz\u0105 i sk\u00f3rzanym\" \/>\n<meta property=\"og:url\" content=\"https:\/\/torebunia.pl\/sklep\/produkt\/guess-jeans-zegarek-gw0036l2\/\" \/>\n<meta property=\"og:site_name\" content=\"Moje Blog\" \/>\n<meta property=\"article:modified_time\" content=\"2021-01-27T13:18:11+00:00\" \/>\n<meta property=\"og:image\" content=\"https:\/\/torebunia.pl\/sklep\/wp-content\/uploads\/2021\/01\/14b42d597ebb6add4a26a903d17d1201fecf5d3d.jpg\" \/>\n\t<meta property=\"og:image:width\" content=\"855\" \/>\n\t<meta property=\"og:image:height\" content=\"1290\" \/>\n<meta name=\"twitter:card\" content=\"summary_large_image\" \/>\n<script type=\"application\/ld+json\" class=\"yoast-schema-graph\">{\"@context\":\"https:\/\/schema.org\",\"@graph\":[{\"@type\":\"WebSite\",\"@id\":\"https:\/\/torebunia.pl\/sklep\/#website\",\"url\":\"https:\/\/torebunia.pl\/sklep\/\",\"name\":\"Moje Blog\",\"description\":\"Kolejna witryna WordPress\",\"potentialAction\":[{\"@type\":\"SearchAction\",\"target\":\"https:\/\/torebunia.pl\/sklep\/?s={search_term_string}\",\"query-input\":\"required name=search_term_string\"}],\"inLanguage\":\"pl-PL\"},{\"@type\":\"ImageObject\",\"@id\":\"https:\/\/torebunia.pl\/sklep\/produkt\/guess-jeans-zegarek-gw0036l2\/#primaryimage\",\"inLanguage\":\"pl-PL\",\"url\":\"https:\/\/torebunia.pl\/sklep\/wp-content\/uploads\/2021\/01\/14b42d597ebb6add4a26a903d17d1201fecf5d3d.jpg\",\"width\":855,\"height\":1290,\"caption\":\"Guess Jeans - Zegarek GW0036L2\"},{\"@type\":\"WebPage\",\"@id\":\"https:\/\/torebunia.pl\/sklep\/produkt\/guess-jeans-zegarek-gw0036l2\/#webpage\",\"url\":\"https:\/\/torebunia.pl\/sklep\/produkt\/guess-jeans-zegarek-gw0036l2\/\",\"name\":\"Guess Jeans - Zegarek GW0036L2\",\"isPartOf\":{\"@id\":\"https:\/\/torebunia.pl\/sklep\/#website\"},\"primaryImageOfPage\":{\"@id\":\"https:\/\/torebunia.pl\/sklep\/produkt\/guess-jeans-zegarek-gw0036l2\/#primaryimage\"},\"datePublished\":\"2020-04-04T16:13:08+00:00\",\"dateModified\":\"2021-01-27T13:18:11+00:00\",\"inLanguage\":\"pl-PL\",\"potentialAction\":[{\"@type\":\"ReadAction\",\"target\":[\"https:\/\/torebunia.pl\/sklep\/produkt\/guess-jeans-zegarek-gw0036l2\/\"]}]}]}<\/script>\n<!-- \/ Yoast SEO plugin. -->","_links":{"self":[{"href":"https:\/\/torebunia.pl\/sklep\/wp-json\/wp\/v2\/product\/8691","targetHints":{"allow":["GET"]}}],"collection":[{"href":"https:\/\/torebunia.pl\/sklep\/wp-json\/wp\/v2\/product"}],"about":[{"href":"https:\/\/torebunia.pl\/sklep\/wp-json\/wp\/v2\/types\/product"}],"replies":[{"embeddable":true,"href":"https:\/\/torebunia.pl\/sklep\/wp-json\/wp\/v2\/comments?post=8691"}],"wp:featuredmedia":[{"embeddable":true,"href":"https:\/\/torebunia.pl\/sklep\/wp-json\/wp\/v2\/media\/8692"}],"wp:attachment":[{"href":"https:\/\/torebunia.pl\/sklep\/wp-json\/wp\/v2\/media?parent=8691"}],"curies":[{"name":"wp","href":"https:\/\/api.w.org\/{rel}","templated":true}]}}