{"id":868,"date":"2020-11-28T20:37:56","date_gmt":"2020-11-28T20:37:56","guid":{"rendered":"https:\/\/torebunia.pl\/sklep\/produkt\/calvin-klein-underwear-biustonosz\/"},"modified":"2021-01-25T13:42:28","modified_gmt":"2021-01-25T13:42:28","slug":"calvin-klein-underwear-biustonosz","status":"publish","type":"product","link":"https:\/\/torebunia.pl\/sklep\/produkt\/calvin-klein-underwear-biustonosz\/","title":{"rendered":"Calvin Klein Underwear &#8211; Biustonosz"},"content":{"rendered":"<p>Parametry produktu:<\/p>\n<ul>\n<li>cena: <strong>169.9 PLN<\/strong><\/li>\n<li>marka: <strong>Calvin Klein Underwear<\/strong><\/li>\n<li>p\u0142e\u0107: <strong>Female<\/strong><\/li>\n<li>kategoria: <strong>ONA \/ Odzie\u017c \/ Bielizna \/ Biustonosze<\/strong><\/li>\n<li>kolor: <strong>jasny szary<\/strong><\/li>\n<\/ul>\n<p>Opis:<br \/>\nBiustonosz w fasonie klasycznym z kolekcji Calvin Klein Underwear. Model wykonany z komfortowego materia\u0142u. &#8211; Model wyko\u0144czony elastyczn\u0105 listw\u0105. &#8211; Model z nadrukiem. &#8211; Lekko usztywniona miseczka. &#8211; Regulowane rami\u0105czka. Wz\u00f3r: nadruk Miseczka: lekko usztywniana Miseczka: bez fiszbin\u00f3w Materia\u0142: dzianina Sk\u0142ad: Materia\u0142 zasadniczy: 53 % Bawe\u0142na, 12 % Elastan, 35 % Modal, Materia\u0142 1: 53 % Bawe\u0142na, 12 % Elastan, 35 % Modal, Materia\u0142 2: 8 % Elastan, 69 % Nylon, 23 % Poliester, Materia\u0142 3: 100 % Poliester ID produktu: 4910-BID0RP Kod producenta: 000QF5650E<\/p>\n","protected":false},"excerpt":{"rendered":"<p>Parametry produktu: cena: 169.9 PLN marka: Calvin Klein Underwear p\u0142e\u0107: Female kategoria: ONA \/ Odzie\u017c \/ Bielizna \/ Biustonosze kolor: jasny szary Opis: Biustonosz w fasonie klasycznym z kolekcji Calvin<\/p>\n","protected":false},"featured_media":641,"comment_status":"closed","ping_status":"open","template":"","meta":[],"class_list":{"0":"post-868","1":"product","2":"type-product","3":"status-publish","5":"hentry","6":"product_cat-bielizna","7":"product_cat-biustonosze","8":"product_cat-odziez","9":"product_cat-ona","10":"product_tag-calvin-klein-underwear","11":"product_tag-calvin-klein-underwear-biustonosz"},"yoast_head":"<!-- This site is optimized with the Yoast SEO plugin v15.6.2 - https:\/\/yoast.com\/wordpress\/plugins\/seo\/ -->\n<title>Calvin Klein Underwear - Biustonosz<\/title>\n<meta name=\"robots\" content=\"index, follow, max-snippet:-1, max-image-preview:large, max-video-preview:-1\" \/>\n<link rel=\"canonical\" href=\"https:\/\/torebunia.pl\/sklep\/produkt\/calvin-klein-underwear-biustonosz\/\" \/>\n<meta property=\"og:locale\" content=\"pl_PL\" \/>\n<meta property=\"og:type\" content=\"article\" \/>\n<meta property=\"og:title\" content=\"Calvin Klein Underwear - Biustonosz\" \/>\n<meta property=\"og:description\" content=\"Parametry produktu: cena: 169.9 PLN marka: Calvin Klein Underwear p\u0142e\u0107: Female kategoria: ONA \/ Odzie\u017c \/ Bielizna \/ Biustonosze kolor: jasny szary Opis: Biustonosz w fasonie klasycznym z kolekcji Calvin\" \/>\n<meta property=\"og:url\" content=\"https:\/\/torebunia.pl\/sklep\/produkt\/calvin-klein-underwear-biustonosz\/\" \/>\n<meta property=\"og:site_name\" content=\"Moje Blog\" \/>\n<meta property=\"article:modified_time\" content=\"2021-01-25T13:42:28+00:00\" \/>\n<meta property=\"og:image\" content=\"https:\/\/torebunia.pl\/sklep\/wp-content\/uploads\/2021\/01\/96192fd187bbeb81b2faf000d2edd907c83f0cf6.jpg\" \/>\n\t<meta property=\"og:image:width\" content=\"855\" \/>\n\t<meta property=\"og:image:height\" content=\"1290\" \/>\n<meta name=\"twitter:card\" content=\"summary_large_image\" \/>\n<script type=\"application\/ld+json\" class=\"yoast-schema-graph\">{\"@context\":\"https:\/\/schema.org\",\"@graph\":[{\"@type\":\"WebSite\",\"@id\":\"https:\/\/torebunia.pl\/sklep\/#website\",\"url\":\"https:\/\/torebunia.pl\/sklep\/\",\"name\":\"Moje Blog\",\"description\":\"Kolejna witryna WordPress\",\"potentialAction\":[{\"@type\":\"SearchAction\",\"target\":\"https:\/\/torebunia.pl\/sklep\/?s={search_term_string}\",\"query-input\":\"required name=search_term_string\"}],\"inLanguage\":\"pl-PL\"},{\"@type\":\"ImageObject\",\"@id\":\"https:\/\/torebunia.pl\/sklep\/produkt\/calvin-klein-underwear-biustonosz\/#primaryimage\",\"inLanguage\":\"pl-PL\",\"url\":\"https:\/\/torebunia.pl\/sklep\/wp-content\/uploads\/2021\/01\/96192fd187bbeb81b2faf000d2edd907c83f0cf6.jpg\",\"width\":855,\"height\":1290,\"caption\":\"Calvin Klein Underwear - Biustonosz\"},{\"@type\":\"WebPage\",\"@id\":\"https:\/\/torebunia.pl\/sklep\/produkt\/calvin-klein-underwear-biustonosz\/#webpage\",\"url\":\"https:\/\/torebunia.pl\/sklep\/produkt\/calvin-klein-underwear-biustonosz\/\",\"name\":\"Calvin Klein Underwear - Biustonosz\",\"isPartOf\":{\"@id\":\"https:\/\/torebunia.pl\/sklep\/#website\"},\"primaryImageOfPage\":{\"@id\":\"https:\/\/torebunia.pl\/sklep\/produkt\/calvin-klein-underwear-biustonosz\/#primaryimage\"},\"datePublished\":\"2020-11-28T20:37:56+00:00\",\"dateModified\":\"2021-01-25T13:42:28+00:00\",\"inLanguage\":\"pl-PL\",\"potentialAction\":[{\"@type\":\"ReadAction\",\"target\":[\"https:\/\/torebunia.pl\/sklep\/produkt\/calvin-klein-underwear-biustonosz\/\"]}]}]}<\/script>\n<!-- \/ Yoast SEO plugin. -->","_links":{"self":[{"href":"https:\/\/torebunia.pl\/sklep\/wp-json\/wp\/v2\/product\/868","targetHints":{"allow":["GET"]}}],"collection":[{"href":"https:\/\/torebunia.pl\/sklep\/wp-json\/wp\/v2\/product"}],"about":[{"href":"https:\/\/torebunia.pl\/sklep\/wp-json\/wp\/v2\/types\/product"}],"replies":[{"embeddable":true,"href":"https:\/\/torebunia.pl\/sklep\/wp-json\/wp\/v2\/comments?post=868"}],"wp:featuredmedia":[{"embeddable":true,"href":"https:\/\/torebunia.pl\/sklep\/wp-json\/wp\/v2\/media\/641"}],"wp:attachment":[{"href":"https:\/\/torebunia.pl\/sklep\/wp-json\/wp\/v2\/media?parent=868"}],"curies":[{"name":"wp","href":"https:\/\/api.w.org\/{rel}","templated":true}]}}