{"id":8639,"date":"2020-04-25T17:17:54","date_gmt":"2020-04-25T17:17:54","guid":{"rendered":"https:\/\/torebunia.pl\/sklep\/produkt\/noisy-may-jeansy-nmkimmy\/"},"modified":"2021-01-27T12:28:37","modified_gmt":"2021-01-27T12:28:37","slug":"noisy-may-jeansy-nmkimmy","status":"publish","type":"product","link":"https:\/\/torebunia.pl\/sklep\/produkt\/noisy-may-jeansy-nmkimmy\/","title":{"rendered":"Noisy May &#8211; Jeansy NMKIMMY"},"content":{"rendered":"<p>Parametry produktu:<\/p>\n<ul>\n<li>cena: <strong>149.9 PLN<\/strong><\/li>\n<li>marka: <strong>Noisy may<\/strong><\/li>\n<li>p\u0142e\u0107: <strong>Female<\/strong><\/li>\n<li>kategoria: <strong>ONA \/ Odzie\u017c \/ Jeansy<\/strong><\/li>\n<li>kolor: <strong>czarny<\/strong><\/li>\n<\/ul>\n<p>Opis:<br \/>\nJeansy z kolekcji Noisy May w fasonie skinny z regularn\u0105 tali\u0105. Model wykonany z elastycznego denimu. &#8211; Fason skinny. &#8211; Suwaki u do\u0142u nogawek. &#8211; Zw\u0119\u017cana nogawka. &#8211; Elastyczny denim. &#8211; Wsuwane kieszenie. &#8211; Zapi\u0119cie na guzik i suwak. &#8211; Naszywka z logo marki. &#8211; Szeroko\u015b\u0107 w pasie: 33 cm. &#8211; Szeroko\u015b\u0107 w biodrach: 38 cm. &#8211; Wysoko\u015b\u0107 stanu: 23 cm. &#8211; Szeroko\u015b\u0107 nogawki: 23 cm. &#8211; D\u0142ugo\u015b\u0107 nogawki: 66 cm. &#8211; Szeroko\u015b\u0107 nogawki na dole: 13 cm. &#8211; Wymiary podane dla rozmiaru: 27\/30. Fason: rurki Kolor: czarny denim Sk\u0142ad: 28 % Bawe\u0142na, 1 % Elastan, 18 % Poliester, 53 % Wiskoza ID produktu: 100-SJD02J Kod producenta: 27002250<\/p>\n","protected":false},"excerpt":{"rendered":"<p>Parametry produktu: cena: 149.9 PLN marka: Noisy may p\u0142e\u0107: Female kategoria: ONA \/ Odzie\u017c \/ Jeansy kolor: czarny Opis: Jeansy z kolekcji Noisy May w fasonie skinny z regularn\u0105 tali\u0105.<\/p>\n","protected":false},"featured_media":8640,"comment_status":"closed","ping_status":"open","template":"","meta":[],"class_list":{"0":"post-8639","1":"product","2":"type-product","3":"status-publish","5":"hentry","6":"product_cat-jeansy","7":"product_cat-odziez","8":"product_cat-ona","9":"product_tag-noisy-may","10":"product_tag-noisy-may-jeansy-nmkimmy"},"yoast_head":"<!-- This site is optimized with the Yoast SEO plugin v15.6.2 - https:\/\/yoast.com\/wordpress\/plugins\/seo\/ -->\n<title>Noisy May - Jeansy NMKIMMY<\/title>\n<meta name=\"robots\" content=\"index, follow, max-snippet:-1, max-image-preview:large, max-video-preview:-1\" \/>\n<link rel=\"canonical\" href=\"https:\/\/torebunia.pl\/sklep\/produkt\/noisy-may-jeansy-nmkimmy\/\" \/>\n<meta property=\"og:locale\" content=\"pl_PL\" \/>\n<meta property=\"og:type\" content=\"article\" \/>\n<meta property=\"og:title\" content=\"Noisy May - Jeansy NMKIMMY\" \/>\n<meta property=\"og:description\" content=\"Parametry produktu: cena: 149.9 PLN marka: Noisy may p\u0142e\u0107: Female kategoria: ONA \/ Odzie\u017c \/ Jeansy kolor: czarny Opis: Jeansy z kolekcji Noisy May w fasonie skinny z regularn\u0105 tali\u0105.\" \/>\n<meta property=\"og:url\" content=\"https:\/\/torebunia.pl\/sklep\/produkt\/noisy-may-jeansy-nmkimmy\/\" \/>\n<meta property=\"og:site_name\" content=\"Moje Blog\" \/>\n<meta property=\"article:modified_time\" content=\"2021-01-27T12:28:37+00:00\" \/>\n<meta property=\"og:image\" content=\"https:\/\/torebunia.pl\/sklep\/wp-content\/uploads\/2021\/01\/a208b93fb5281e88bcc76f624cabb83be32d9d25.jpg\" \/>\n\t<meta property=\"og:image:width\" content=\"855\" \/>\n\t<meta property=\"og:image:height\" content=\"1290\" \/>\n<meta name=\"twitter:card\" content=\"summary_large_image\" \/>\n<meta name=\"twitter:label1\" content=\"Est. reading time\">\n\t<meta name=\"twitter:data1\" content=\"1 minuta\">\n<script type=\"application\/ld+json\" class=\"yoast-schema-graph\">{\"@context\":\"https:\/\/schema.org\",\"@graph\":[{\"@type\":\"WebSite\",\"@id\":\"https:\/\/torebunia.pl\/sklep\/#website\",\"url\":\"https:\/\/torebunia.pl\/sklep\/\",\"name\":\"Moje Blog\",\"description\":\"Kolejna witryna WordPress\",\"potentialAction\":[{\"@type\":\"SearchAction\",\"target\":\"https:\/\/torebunia.pl\/sklep\/?s={search_term_string}\",\"query-input\":\"required name=search_term_string\"}],\"inLanguage\":\"pl-PL\"},{\"@type\":\"ImageObject\",\"@id\":\"https:\/\/torebunia.pl\/sklep\/produkt\/noisy-may-jeansy-nmkimmy\/#primaryimage\",\"inLanguage\":\"pl-PL\",\"url\":\"https:\/\/torebunia.pl\/sklep\/wp-content\/uploads\/2021\/01\/a208b93fb5281e88bcc76f624cabb83be32d9d25.jpg\",\"width\":855,\"height\":1290,\"caption\":\"Noisy May - Jeansy NMKIMMY\"},{\"@type\":\"WebPage\",\"@id\":\"https:\/\/torebunia.pl\/sklep\/produkt\/noisy-may-jeansy-nmkimmy\/#webpage\",\"url\":\"https:\/\/torebunia.pl\/sklep\/produkt\/noisy-may-jeansy-nmkimmy\/\",\"name\":\"Noisy May - Jeansy NMKIMMY\",\"isPartOf\":{\"@id\":\"https:\/\/torebunia.pl\/sklep\/#website\"},\"primaryImageOfPage\":{\"@id\":\"https:\/\/torebunia.pl\/sklep\/produkt\/noisy-may-jeansy-nmkimmy\/#primaryimage\"},\"datePublished\":\"2020-04-25T17:17:54+00:00\",\"dateModified\":\"2021-01-27T12:28:37+00:00\",\"inLanguage\":\"pl-PL\",\"potentialAction\":[{\"@type\":\"ReadAction\",\"target\":[\"https:\/\/torebunia.pl\/sklep\/produkt\/noisy-may-jeansy-nmkimmy\/\"]}]}]}<\/script>\n<!-- \/ Yoast SEO plugin. -->","_links":{"self":[{"href":"https:\/\/torebunia.pl\/sklep\/wp-json\/wp\/v2\/product\/8639","targetHints":{"allow":["GET"]}}],"collection":[{"href":"https:\/\/torebunia.pl\/sklep\/wp-json\/wp\/v2\/product"}],"about":[{"href":"https:\/\/torebunia.pl\/sklep\/wp-json\/wp\/v2\/types\/product"}],"replies":[{"embeddable":true,"href":"https:\/\/torebunia.pl\/sklep\/wp-json\/wp\/v2\/comments?post=8639"}],"wp:featuredmedia":[{"embeddable":true,"href":"https:\/\/torebunia.pl\/sklep\/wp-json\/wp\/v2\/media\/8640"}],"wp:attachment":[{"href":"https:\/\/torebunia.pl\/sklep\/wp-json\/wp\/v2\/media?parent=8639"}],"curies":[{"name":"wp","href":"https:\/\/api.w.org\/{rel}","templated":true}]}}