{"id":859,"date":"2020-06-27T21:29:04","date_gmt":"2020-06-27T21:29:04","guid":{"rendered":"https:\/\/torebunia.pl\/sklep\/produkt\/dkny-sukienka\/"},"modified":"2021-01-25T13:42:16","modified_gmt":"2021-01-25T13:42:16","slug":"dkny-sukienka","status":"publish","type":"product","link":"https:\/\/torebunia.pl\/sklep\/produkt\/dkny-sukienka\/","title":{"rendered":"Dkny &#8211; Sukienka"},"content":{"rendered":"<p>Parametry produktu:<\/p>\n<ul>\n<li>cena: <strong>279.9 PLN<\/strong><\/li>\n<li>marka: <strong>DKNY<\/strong><\/li>\n<li>p\u0142e\u0107: <strong>Female<\/strong><\/li>\n<li>kategoria: <strong>ONA \/ Odzie\u017c \/ Sukienki<\/strong><\/li>\n<li>kolor: <strong>czarny<\/strong><\/li>\n<\/ul>\n<p>Opis:<br \/>\nLekka sukienka z kolekcji Dkny. Prosty model wykonany z cienkiej, elastycznej dzianiny. &#8211; Prosty fason. &#8211; Kr\u00f3tki r\u0119kaw. &#8211; Okr\u0105g\u0142y dekolt. &#8211; Cienka, elastyczna dzianina. &#8211; Model z nadrukiem. &#8211; D\u0142ugo\u015b\u0107: 86 cm. &#8211; Szeroko\u015b\u0107 pod pachami: 50 cm. &#8211; Wymiary podane dla rozmiaru: S. Wz\u00f3r: nadruk D\u0142ugo\u015b\u0107: mini Dekolt: okr\u0105g\u0142y R\u0119kaw: kr\u00f3tki Materia\u0142: bawe\u0142na Okazje: casual Fason: prosty Sk\u0142ad: 100 % Bawe\u0142na ID produktu: 4901-SUD1DH Kod producenta: DP0D4229<\/p>\n","protected":false},"excerpt":{"rendered":"<p>Parametry produktu: cena: 279.9 PLN marka: DKNY p\u0142e\u0107: Female kategoria: ONA \/ Odzie\u017c \/ Sukienki kolor: czarny Opis: Lekka sukienka z kolekcji Dkny. Prosty model wykonany z cienkiej, elastycznej dzianiny.<\/p>\n","protected":false},"featured_media":623,"comment_status":"closed","ping_status":"open","template":"","meta":[],"class_list":{"0":"post-859","1":"product","2":"type-product","3":"status-publish","5":"hentry","6":"product_cat-odziez","7":"product_cat-ona","8":"product_cat-sukienki","9":"product_tag-dkny","10":"product_tag-dkny-sukienka"},"yoast_head":"<!-- This site is optimized with the Yoast SEO plugin v15.6.2 - https:\/\/yoast.com\/wordpress\/plugins\/seo\/ -->\n<title>Dkny - Sukienka<\/title>\n<meta name=\"robots\" content=\"index, follow, max-snippet:-1, max-image-preview:large, max-video-preview:-1\" \/>\n<link rel=\"canonical\" href=\"https:\/\/torebunia.pl\/sklep\/produkt\/dkny-sukienka\/\" \/>\n<meta property=\"og:locale\" content=\"pl_PL\" \/>\n<meta property=\"og:type\" content=\"article\" \/>\n<meta property=\"og:title\" content=\"Dkny - Sukienka\" \/>\n<meta property=\"og:description\" content=\"Parametry produktu: cena: 279.9 PLN marka: DKNY p\u0142e\u0107: Female kategoria: ONA \/ Odzie\u017c \/ Sukienki kolor: czarny Opis: Lekka sukienka z kolekcji Dkny. Prosty model wykonany z cienkiej, elastycznej dzianiny.\" \/>\n<meta property=\"og:url\" content=\"https:\/\/torebunia.pl\/sklep\/produkt\/dkny-sukienka\/\" \/>\n<meta property=\"og:site_name\" content=\"Moje Blog\" \/>\n<meta property=\"article:modified_time\" content=\"2021-01-25T13:42:16+00:00\" \/>\n<meta property=\"og:image\" content=\"https:\/\/torebunia.pl\/sklep\/wp-content\/uploads\/2021\/01\/c3d782509a3f369c6ff4a4bfaaca53af0db79fae.jpg\" \/>\n\t<meta property=\"og:image:width\" content=\"855\" \/>\n\t<meta property=\"og:image:height\" content=\"1290\" \/>\n<meta name=\"twitter:card\" content=\"summary_large_image\" \/>\n<script type=\"application\/ld+json\" class=\"yoast-schema-graph\">{\"@context\":\"https:\/\/schema.org\",\"@graph\":[{\"@type\":\"WebSite\",\"@id\":\"https:\/\/torebunia.pl\/sklep\/#website\",\"url\":\"https:\/\/torebunia.pl\/sklep\/\",\"name\":\"Moje Blog\",\"description\":\"Kolejna witryna WordPress\",\"potentialAction\":[{\"@type\":\"SearchAction\",\"target\":\"https:\/\/torebunia.pl\/sklep\/?s={search_term_string}\",\"query-input\":\"required name=search_term_string\"}],\"inLanguage\":\"pl-PL\"},{\"@type\":\"ImageObject\",\"@id\":\"https:\/\/torebunia.pl\/sklep\/produkt\/dkny-sukienka\/#primaryimage\",\"inLanguage\":\"pl-PL\",\"url\":\"https:\/\/torebunia.pl\/sklep\/wp-content\/uploads\/2021\/01\/c3d782509a3f369c6ff4a4bfaaca53af0db79fae.jpg\",\"width\":855,\"height\":1290,\"caption\":\"Dkny - Sukienka\"},{\"@type\":\"WebPage\",\"@id\":\"https:\/\/torebunia.pl\/sklep\/produkt\/dkny-sukienka\/#webpage\",\"url\":\"https:\/\/torebunia.pl\/sklep\/produkt\/dkny-sukienka\/\",\"name\":\"Dkny - Sukienka\",\"isPartOf\":{\"@id\":\"https:\/\/torebunia.pl\/sklep\/#website\"},\"primaryImageOfPage\":{\"@id\":\"https:\/\/torebunia.pl\/sklep\/produkt\/dkny-sukienka\/#primaryimage\"},\"datePublished\":\"2020-06-27T21:29:04+00:00\",\"dateModified\":\"2021-01-25T13:42:16+00:00\",\"inLanguage\":\"pl-PL\",\"potentialAction\":[{\"@type\":\"ReadAction\",\"target\":[\"https:\/\/torebunia.pl\/sklep\/produkt\/dkny-sukienka\/\"]}]}]}<\/script>\n<!-- \/ Yoast SEO plugin. -->","_links":{"self":[{"href":"https:\/\/torebunia.pl\/sklep\/wp-json\/wp\/v2\/product\/859","targetHints":{"allow":["GET"]}}],"collection":[{"href":"https:\/\/torebunia.pl\/sklep\/wp-json\/wp\/v2\/product"}],"about":[{"href":"https:\/\/torebunia.pl\/sklep\/wp-json\/wp\/v2\/types\/product"}],"replies":[{"embeddable":true,"href":"https:\/\/torebunia.pl\/sklep\/wp-json\/wp\/v2\/comments?post=859"}],"wp:featuredmedia":[{"embeddable":true,"href":"https:\/\/torebunia.pl\/sklep\/wp-json\/wp\/v2\/media\/623"}],"wp:attachment":[{"href":"https:\/\/torebunia.pl\/sklep\/wp-json\/wp\/v2\/media?parent=859"}],"curies":[{"name":"wp","href":"https:\/\/api.w.org\/{rel}","templated":true}]}}