{"id":8587,"date":"2020-07-27T03:54:01","date_gmt":"2020-07-27T03:54:01","guid":{"rendered":"https:\/\/torebunia.pl\/sklep\/produkt\/lauren-ralph-lauren-apaszka\/"},"modified":"2021-01-27T13:17:20","modified_gmt":"2021-01-27T13:17:20","slug":"lauren-ralph-lauren-apaszka","status":"publish","type":"product","link":"https:\/\/torebunia.pl\/sklep\/produkt\/lauren-ralph-lauren-apaszka\/","title":{"rendered":"Lauren Ralph Lauren &#8211; Apaszka"},"content":{"rendered":"<p>Parametry produktu:<\/p>\n<ul>\n<li>cena: <strong>319.9 PLN<\/strong><\/li>\n<li>marka: <strong>Lauren Ralph Lauren<\/strong><\/li>\n<li>p\u0142e\u0107: <strong>Female<\/strong><\/li>\n<li>kategoria: <strong>ONA \/ Akcesoria \/ Szaliki i chusty \/ Chusty<\/strong><\/li>\n<li>kolor: <strong>zielony<\/strong><\/li>\n<\/ul>\n<p>Opis:<br \/>\nApaszka z kolekcji Lauren Ralph Lauren. Model wykonany z cienkiej, wzorzystej tkaniny. &#8211; Cienka, nieelastyczna tkanina. &#8211; Wymiary: 160 x 68 cm. Wz\u00f3r: wzorzyste Materia\u0142: tkanina Materia\u0142: jedwab Sk\u0142ad: 100 % Jedwab ID produktu: 4900-SAD07O Kod producenta: 454791416001<\/p>\n","protected":false},"excerpt":{"rendered":"<p>Parametry produktu: cena: 319.9 PLN marka: Lauren Ralph Lauren p\u0142e\u0107: Female kategoria: ONA \/ Akcesoria \/ Szaliki i chusty \/ Chusty kolor: zielony Opis: Apaszka z kolekcji Lauren Ralph Lauren.<\/p>\n","protected":false},"featured_media":8588,"comment_status":"closed","ping_status":"open","template":"","meta":[],"class_list":{"0":"post-8587","1":"product","2":"type-product","3":"status-publish","5":"hentry","6":"product_cat-akcesoria","7":"product_cat-chusty","8":"product_cat-ona","9":"product_cat-szaliki-i-chusty","10":"product_tag-lauren-ralph-lauren","11":"product_tag-lauren-ralph-lauren-apaszka"},"yoast_head":"<!-- This site is optimized with the Yoast SEO plugin v15.6.2 - https:\/\/yoast.com\/wordpress\/plugins\/seo\/ -->\n<title>Lauren Ralph Lauren - Apaszka<\/title>\n<meta name=\"robots\" content=\"index, follow, max-snippet:-1, max-image-preview:large, max-video-preview:-1\" \/>\n<link rel=\"canonical\" href=\"https:\/\/torebunia.pl\/sklep\/produkt\/lauren-ralph-lauren-apaszka\/\" \/>\n<meta property=\"og:locale\" content=\"pl_PL\" \/>\n<meta property=\"og:type\" content=\"article\" \/>\n<meta property=\"og:title\" content=\"Lauren Ralph Lauren - Apaszka\" \/>\n<meta property=\"og:description\" content=\"Parametry produktu: cena: 319.9 PLN marka: Lauren Ralph Lauren p\u0142e\u0107: Female kategoria: ONA \/ Akcesoria \/ Szaliki i chusty \/ Chusty kolor: zielony Opis: Apaszka z kolekcji Lauren Ralph Lauren.\" \/>\n<meta property=\"og:url\" content=\"https:\/\/torebunia.pl\/sklep\/produkt\/lauren-ralph-lauren-apaszka\/\" \/>\n<meta property=\"og:site_name\" content=\"Moje Blog\" \/>\n<meta property=\"article:modified_time\" content=\"2021-01-27T13:17:20+00:00\" \/>\n<meta property=\"og:image\" content=\"https:\/\/torebunia.pl\/sklep\/wp-content\/uploads\/2021\/01\/c4694fe8cf89f8d1c59702ccac2826f54b1e0e9b.jpg\" \/>\n\t<meta property=\"og:image:width\" content=\"855\" \/>\n\t<meta property=\"og:image:height\" content=\"1290\" \/>\n<meta name=\"twitter:card\" content=\"summary_large_image\" \/>\n<script type=\"application\/ld+json\" class=\"yoast-schema-graph\">{\"@context\":\"https:\/\/schema.org\",\"@graph\":[{\"@type\":\"WebSite\",\"@id\":\"https:\/\/torebunia.pl\/sklep\/#website\",\"url\":\"https:\/\/torebunia.pl\/sklep\/\",\"name\":\"Moje Blog\",\"description\":\"Kolejna witryna WordPress\",\"potentialAction\":[{\"@type\":\"SearchAction\",\"target\":\"https:\/\/torebunia.pl\/sklep\/?s={search_term_string}\",\"query-input\":\"required name=search_term_string\"}],\"inLanguage\":\"pl-PL\"},{\"@type\":\"ImageObject\",\"@id\":\"https:\/\/torebunia.pl\/sklep\/produkt\/lauren-ralph-lauren-apaszka\/#primaryimage\",\"inLanguage\":\"pl-PL\",\"url\":\"https:\/\/torebunia.pl\/sklep\/wp-content\/uploads\/2021\/01\/c4694fe8cf89f8d1c59702ccac2826f54b1e0e9b.jpg\",\"width\":855,\"height\":1290,\"caption\":\"Lauren Ralph Lauren - Apaszka\"},{\"@type\":\"WebPage\",\"@id\":\"https:\/\/torebunia.pl\/sklep\/produkt\/lauren-ralph-lauren-apaszka\/#webpage\",\"url\":\"https:\/\/torebunia.pl\/sklep\/produkt\/lauren-ralph-lauren-apaszka\/\",\"name\":\"Lauren Ralph Lauren - Apaszka\",\"isPartOf\":{\"@id\":\"https:\/\/torebunia.pl\/sklep\/#website\"},\"primaryImageOfPage\":{\"@id\":\"https:\/\/torebunia.pl\/sklep\/produkt\/lauren-ralph-lauren-apaszka\/#primaryimage\"},\"datePublished\":\"2020-07-27T03:54:01+00:00\",\"dateModified\":\"2021-01-27T13:17:20+00:00\",\"inLanguage\":\"pl-PL\",\"potentialAction\":[{\"@type\":\"ReadAction\",\"target\":[\"https:\/\/torebunia.pl\/sklep\/produkt\/lauren-ralph-lauren-apaszka\/\"]}]}]}<\/script>\n<!-- \/ Yoast SEO plugin. -->","_links":{"self":[{"href":"https:\/\/torebunia.pl\/sklep\/wp-json\/wp\/v2\/product\/8587","targetHints":{"allow":["GET"]}}],"collection":[{"href":"https:\/\/torebunia.pl\/sklep\/wp-json\/wp\/v2\/product"}],"about":[{"href":"https:\/\/torebunia.pl\/sklep\/wp-json\/wp\/v2\/types\/product"}],"replies":[{"embeddable":true,"href":"https:\/\/torebunia.pl\/sklep\/wp-json\/wp\/v2\/comments?post=8587"}],"wp:featuredmedia":[{"embeddable":true,"href":"https:\/\/torebunia.pl\/sklep\/wp-json\/wp\/v2\/media\/8588"}],"wp:attachment":[{"href":"https:\/\/torebunia.pl\/sklep\/wp-json\/wp\/v2\/media?parent=8587"}],"curies":[{"name":"wp","href":"https:\/\/api.w.org\/{rel}","templated":true}]}}