{"id":856,"date":"2020-03-12T15:11:10","date_gmt":"2020-03-12T15:11:10","guid":{"rendered":"https:\/\/torebunia.pl\/sklep\/produkt\/vila-koszula\/"},"modified":"2021-01-25T13:42:11","modified_gmt":"2021-01-25T13:42:11","slug":"vila-koszula","status":"publish","type":"product","link":"https:\/\/torebunia.pl\/sklep\/produkt\/vila-koszula\/","title":{"rendered":"Vila &#8211; Koszula"},"content":{"rendered":"<p>Parametry produktu:<\/p>\n<ul>\n<li>cena: <strong>149.9 PLN<\/strong><\/li>\n<li>marka: <strong>Vila<\/strong><\/li>\n<li>p\u0142e\u0107: <strong>Female<\/strong><\/li>\n<li>kategoria: <strong>ONA \/ Odzie\u017c \/ Bluzki i koszule \/ Koszule<\/strong><\/li>\n<li>kolor: <strong>bia\u0142y<\/strong><\/li>\n<\/ul>\n<p>Opis:<br \/>\nKoszula z kolekcji Vila. Model wykonany z g\u0142adkiej tkaniny. &#8211; Lu\u017any fason. &#8211; Zapi\u0119cie na guziki. &#8211; G\u0142adka tkanina. &#8211; R\u0119kawy z zapinanymi mankietami. &#8211; Mi\u0119kkie mankiety. &#8211; D\u0142ugo\u015b\u0107 r\u0119kawa: 60 cm. &#8211; Szeroko\u015b\u0107 pod pachami: 49 cm. &#8211; D\u0142ugo\u015b\u0107 z przodu: 68 cm. &#8211; D\u0142ugo\u015b\u0107 z ty\u0142u: 71 cm. &#8211; Wymiary podane dla rozmiaru: S. Wz\u00f3r: g\u0142adkie Fason: regular R\u0119kaw: d\u0142ugi Okazje: casual Ko\u0142nierzyk: brak ko\u0142nierzyka Sk\u0142ad: 100 % Poliester ID produktu: 4930-KDD00A Kod producenta: 14044253<\/p>\n","protected":false},"excerpt":{"rendered":"<p>Parametry produktu: cena: 149.9 PLN marka: Vila p\u0142e\u0107: Female kategoria: ONA \/ Odzie\u017c \/ Bluzki i koszule \/ Koszule kolor: bia\u0142y Opis: Koszula z kolekcji Vila. Model wykonany z g\u0142adkiej<\/p>\n","protected":false},"featured_media":617,"comment_status":"closed","ping_status":"open","template":"","meta":[],"class_list":{"0":"post-856","1":"product","2":"type-product","3":"status-publish","5":"hentry","6":"product_cat-bluzki-i-koszule","7":"product_cat-koszule","8":"product_cat-odziez","9":"product_cat-ona","10":"product_tag-vila","11":"product_tag-vila-koszula"},"yoast_head":"<!-- This site is optimized with the Yoast SEO plugin v15.6.2 - https:\/\/yoast.com\/wordpress\/plugins\/seo\/ -->\n<title>Vila - Koszula<\/title>\n<meta name=\"robots\" content=\"index, follow, max-snippet:-1, max-image-preview:large, max-video-preview:-1\" \/>\n<link rel=\"canonical\" href=\"https:\/\/torebunia.pl\/sklep\/produkt\/vila-koszula\/\" \/>\n<meta property=\"og:locale\" content=\"pl_PL\" \/>\n<meta property=\"og:type\" content=\"article\" \/>\n<meta property=\"og:title\" content=\"Vila - Koszula\" \/>\n<meta property=\"og:description\" content=\"Parametry produktu: cena: 149.9 PLN marka: Vila p\u0142e\u0107: Female kategoria: ONA \/ Odzie\u017c \/ Bluzki i koszule \/ Koszule kolor: bia\u0142y Opis: Koszula z kolekcji Vila. Model wykonany z g\u0142adkiej\" \/>\n<meta property=\"og:url\" content=\"https:\/\/torebunia.pl\/sklep\/produkt\/vila-koszula\/\" \/>\n<meta property=\"og:site_name\" content=\"Moje Blog\" \/>\n<meta property=\"article:modified_time\" content=\"2021-01-25T13:42:11+00:00\" \/>\n<meta property=\"og:image\" content=\"https:\/\/torebunia.pl\/sklep\/wp-content\/uploads\/2021\/01\/439b6a31bf7bc48c4db0f41eeeb931443418c58e.jpg\" \/>\n\t<meta property=\"og:image:width\" content=\"855\" \/>\n\t<meta property=\"og:image:height\" content=\"1290\" \/>\n<meta name=\"twitter:card\" content=\"summary_large_image\" \/>\n<meta name=\"twitter:label1\" content=\"Est. reading time\">\n\t<meta name=\"twitter:data1\" content=\"1 minuta\">\n<script type=\"application\/ld+json\" class=\"yoast-schema-graph\">{\"@context\":\"https:\/\/schema.org\",\"@graph\":[{\"@type\":\"WebSite\",\"@id\":\"https:\/\/torebunia.pl\/sklep\/#website\",\"url\":\"https:\/\/torebunia.pl\/sklep\/\",\"name\":\"Moje Blog\",\"description\":\"Kolejna witryna WordPress\",\"potentialAction\":[{\"@type\":\"SearchAction\",\"target\":\"https:\/\/torebunia.pl\/sklep\/?s={search_term_string}\",\"query-input\":\"required name=search_term_string\"}],\"inLanguage\":\"pl-PL\"},{\"@type\":\"ImageObject\",\"@id\":\"https:\/\/torebunia.pl\/sklep\/produkt\/vila-koszula\/#primaryimage\",\"inLanguage\":\"pl-PL\",\"url\":\"https:\/\/torebunia.pl\/sklep\/wp-content\/uploads\/2021\/01\/439b6a31bf7bc48c4db0f41eeeb931443418c58e.jpg\",\"width\":855,\"height\":1290,\"caption\":\"Vila - Koszula\"},{\"@type\":\"WebPage\",\"@id\":\"https:\/\/torebunia.pl\/sklep\/produkt\/vila-koszula\/#webpage\",\"url\":\"https:\/\/torebunia.pl\/sklep\/produkt\/vila-koszula\/\",\"name\":\"Vila - Koszula\",\"isPartOf\":{\"@id\":\"https:\/\/torebunia.pl\/sklep\/#website\"},\"primaryImageOfPage\":{\"@id\":\"https:\/\/torebunia.pl\/sklep\/produkt\/vila-koszula\/#primaryimage\"},\"datePublished\":\"2020-03-12T15:11:10+00:00\",\"dateModified\":\"2021-01-25T13:42:11+00:00\",\"inLanguage\":\"pl-PL\",\"potentialAction\":[{\"@type\":\"ReadAction\",\"target\":[\"https:\/\/torebunia.pl\/sklep\/produkt\/vila-koszula\/\"]}]}]}<\/script>\n<!-- \/ Yoast SEO plugin. -->","_links":{"self":[{"href":"https:\/\/torebunia.pl\/sklep\/wp-json\/wp\/v2\/product\/856","targetHints":{"allow":["GET"]}}],"collection":[{"href":"https:\/\/torebunia.pl\/sklep\/wp-json\/wp\/v2\/product"}],"about":[{"href":"https:\/\/torebunia.pl\/sklep\/wp-json\/wp\/v2\/types\/product"}],"replies":[{"embeddable":true,"href":"https:\/\/torebunia.pl\/sklep\/wp-json\/wp\/v2\/comments?post=856"}],"wp:featuredmedia":[{"embeddable":true,"href":"https:\/\/torebunia.pl\/sklep\/wp-json\/wp\/v2\/media\/617"}],"wp:attachment":[{"href":"https:\/\/torebunia.pl\/sklep\/wp-json\/wp\/v2\/media?parent=856"}],"curies":[{"name":"wp","href":"https:\/\/api.w.org\/{rel}","templated":true}]}}