{"id":8525,"date":"2020-08-03T10:02:03","date_gmt":"2020-08-03T10:02:03","guid":{"rendered":"https:\/\/torebunia.pl\/sklep\/produkt\/medicine-koszula-boho-breeze\/"},"modified":"2021-01-27T13:16:34","modified_gmt":"2021-01-27T13:16:34","slug":"medicine-koszula-boho-breeze","status":"publish","type":"product","link":"https:\/\/torebunia.pl\/sklep\/produkt\/medicine-koszula-boho-breeze\/","title":{"rendered":"Medicine &#8211; Koszula Boho Breeze"},"content":{"rendered":"<p>Parametry produktu:<\/p>\n<ul>\n<li>cena: <strong>119.9 PLN<\/strong><\/li>\n<li>marka: <strong>MEDICINE<\/strong><\/li>\n<li>p\u0142e\u0107: <strong>Female<\/strong><\/li>\n<li>kategoria: <strong>ONA \/ Odzie\u017c \/ Bluzki i koszule \/ Koszule<\/strong><\/li>\n<li>kolor: <strong>pastelowy r\u00f3\u017cowy<\/strong><\/li>\n<\/ul>\n<p>Opis:<br \/>\nKoszula z kolekcji Medicine. Model wykonany z wzorzystej tkaniny. &#8211; Prosty fason. &#8211; Zapi\u0119cie na guziki. &#8211; Wzorzysta tkanina. &#8211; Szeroko\u015b\u0107 pod pachami: 47,5 cm. &#8211; D\u0142ugo\u015b\u0107: 61,5 cm. &#8211; Wymiary podane dla rozmiaru: S. Wz\u00f3r: wzorzyste Fason: regular Wz\u00f3r: kwiaty R\u0119kaw: kr\u00f3tki Materia\u0142: bawe\u0142na Ko\u0142nierzyk: klasyczny Okazje: casual Sk\u0142ad: 100 % Bawe\u0142na ID produktu: 6901-BKD570 Kod producenta: RS20.BKD570<\/p>\n","protected":false},"excerpt":{"rendered":"<p>Parametry produktu: cena: 119.9 PLN marka: MEDICINE p\u0142e\u0107: Female kategoria: ONA \/ Odzie\u017c \/ Bluzki i koszule \/ Koszule kolor: pastelowy r\u00f3\u017cowy Opis: Koszula z kolekcji Medicine. Model wykonany z<\/p>\n","protected":false},"featured_media":8526,"comment_status":"closed","ping_status":"open","template":"","meta":[],"class_list":{"0":"post-8525","1":"product","2":"type-product","3":"status-publish","5":"hentry","6":"product_cat-bluzki-i-koszule","7":"product_cat-koszule","8":"product_cat-odziez","9":"product_cat-ona","10":"product_tag-medicine","11":"product_tag-medicine-koszula-boho-breeze"},"yoast_head":"<!-- This site is optimized with the Yoast SEO plugin v15.6.2 - https:\/\/yoast.com\/wordpress\/plugins\/seo\/ -->\n<title>Medicine - Koszula Boho Breeze<\/title>\n<meta name=\"robots\" content=\"index, follow, max-snippet:-1, max-image-preview:large, max-video-preview:-1\" \/>\n<link rel=\"canonical\" href=\"https:\/\/torebunia.pl\/sklep\/produkt\/medicine-koszula-boho-breeze\/\" \/>\n<meta property=\"og:locale\" content=\"pl_PL\" \/>\n<meta property=\"og:type\" content=\"article\" \/>\n<meta property=\"og:title\" content=\"Medicine - Koszula Boho Breeze\" \/>\n<meta property=\"og:description\" content=\"Parametry produktu: cena: 119.9 PLN marka: MEDICINE p\u0142e\u0107: Female kategoria: ONA \/ Odzie\u017c \/ Bluzki i koszule \/ Koszule kolor: pastelowy r\u00f3\u017cowy Opis: Koszula z kolekcji Medicine. Model wykonany z\" \/>\n<meta property=\"og:url\" content=\"https:\/\/torebunia.pl\/sklep\/produkt\/medicine-koszula-boho-breeze\/\" \/>\n<meta property=\"og:site_name\" content=\"Moje Blog\" \/>\n<meta property=\"article:modified_time\" content=\"2021-01-27T13:16:34+00:00\" \/>\n<meta property=\"og:image\" content=\"https:\/\/torebunia.pl\/sklep\/wp-content\/uploads\/2021\/01\/52d2e12e4b2baa240a8ec58fe44da0b66e86aa48.jpg\" \/>\n\t<meta property=\"og:image:width\" content=\"855\" \/>\n\t<meta property=\"og:image:height\" content=\"1290\" \/>\n<meta name=\"twitter:card\" content=\"summary_large_image\" \/>\n<script type=\"application\/ld+json\" class=\"yoast-schema-graph\">{\"@context\":\"https:\/\/schema.org\",\"@graph\":[{\"@type\":\"WebSite\",\"@id\":\"https:\/\/torebunia.pl\/sklep\/#website\",\"url\":\"https:\/\/torebunia.pl\/sklep\/\",\"name\":\"Moje Blog\",\"description\":\"Kolejna witryna WordPress\",\"potentialAction\":[{\"@type\":\"SearchAction\",\"target\":\"https:\/\/torebunia.pl\/sklep\/?s={search_term_string}\",\"query-input\":\"required name=search_term_string\"}],\"inLanguage\":\"pl-PL\"},{\"@type\":\"ImageObject\",\"@id\":\"https:\/\/torebunia.pl\/sklep\/produkt\/medicine-koszula-boho-breeze\/#primaryimage\",\"inLanguage\":\"pl-PL\",\"url\":\"https:\/\/torebunia.pl\/sklep\/wp-content\/uploads\/2021\/01\/52d2e12e4b2baa240a8ec58fe44da0b66e86aa48.jpg\",\"width\":855,\"height\":1290,\"caption\":\"Medicine - Koszula Boho Breeze\"},{\"@type\":\"WebPage\",\"@id\":\"https:\/\/torebunia.pl\/sklep\/produkt\/medicine-koszula-boho-breeze\/#webpage\",\"url\":\"https:\/\/torebunia.pl\/sklep\/produkt\/medicine-koszula-boho-breeze\/\",\"name\":\"Medicine - Koszula Boho Breeze\",\"isPartOf\":{\"@id\":\"https:\/\/torebunia.pl\/sklep\/#website\"},\"primaryImageOfPage\":{\"@id\":\"https:\/\/torebunia.pl\/sklep\/produkt\/medicine-koszula-boho-breeze\/#primaryimage\"},\"datePublished\":\"2020-08-03T10:02:03+00:00\",\"dateModified\":\"2021-01-27T13:16:34+00:00\",\"inLanguage\":\"pl-PL\",\"potentialAction\":[{\"@type\":\"ReadAction\",\"target\":[\"https:\/\/torebunia.pl\/sklep\/produkt\/medicine-koszula-boho-breeze\/\"]}]}]}<\/script>\n<!-- \/ Yoast SEO plugin. -->","_links":{"self":[{"href":"https:\/\/torebunia.pl\/sklep\/wp-json\/wp\/v2\/product\/8525","targetHints":{"allow":["GET"]}}],"collection":[{"href":"https:\/\/torebunia.pl\/sklep\/wp-json\/wp\/v2\/product"}],"about":[{"href":"https:\/\/torebunia.pl\/sklep\/wp-json\/wp\/v2\/types\/product"}],"replies":[{"embeddable":true,"href":"https:\/\/torebunia.pl\/sklep\/wp-json\/wp\/v2\/comments?post=8525"}],"wp:featuredmedia":[{"embeddable":true,"href":"https:\/\/torebunia.pl\/sklep\/wp-json\/wp\/v2\/media\/8526"}],"wp:attachment":[{"href":"https:\/\/torebunia.pl\/sklep\/wp-json\/wp\/v2\/media?parent=8525"}],"curies":[{"name":"wp","href":"https:\/\/api.w.org\/{rel}","templated":true}]}}