{"id":8521,"date":"2021-01-03T20:35:47","date_gmt":"2021-01-03T20:35:47","guid":{"rendered":"https:\/\/torebunia.pl\/sklep\/produkt\/columbia-kurtka-7\/"},"modified":"2021-01-27T13:16:30","modified_gmt":"2021-01-27T13:16:30","slug":"columbia-kurtka-7","status":"publish","type":"product","link":"https:\/\/torebunia.pl\/sklep\/produkt\/columbia-kurtka-7\/","title":{"rendered":"Columbia &#8211; Kurtka"},"content":{"rendered":"<p>Parametry produktu:<\/p>\n<ul>\n<li>cena: <strong>249.9 PLN<\/strong><\/li>\n<li>marka: <strong>Columbia<\/strong><\/li>\n<li>p\u0142e\u0107: <strong>Female<\/strong><\/li>\n<li>kategoria: <strong>ONA \/ Odzie\u017c \/ Kurtki i p\u0142aszcze \/ Kurtki kr\u00f3tkie<\/strong><\/li>\n<li>kolor: <strong>bia\u0142y<\/strong><\/li>\n<\/ul>\n<p>Opis:<br \/>\nKurtka z kolekcji Columbia. Nieocieplony model wykonany ze wzorzystego materia\u0142u. &#8211; Prosty fason. &#8211; Zapinane kieszenie. &#8211; Kaptur \u015bci\u0105gany troczkami. &#8211; Zapi\u0119cie na suwak. &#8211; D\u0142ugo\u015b\u0107 r\u0119kawa: 62 cm. &#8211; D\u0142ugo\u015b\u0107: 64 cm. &#8211; Szeroko\u015b\u0107 pod pachami: 53 cm. &#8211; Szeroko\u015b\u0107 w ramionach: 39 cm. &#8211; Wymiary podane dla rozmiaru: S. Podszewka: bez podszewki Kaptur: z kapturem Ocieplenie: nieocieplane Sk\u0142ad: 100 % Poliester ID produktu: 4901-KUD05E Kod producenta: 1610911.<\/p>\n","protected":false},"excerpt":{"rendered":"<p>Parametry produktu: cena: 249.9 PLN marka: Columbia p\u0142e\u0107: Female kategoria: ONA \/ Odzie\u017c \/ Kurtki i p\u0142aszcze \/ Kurtki kr\u00f3tkie kolor: bia\u0142y Opis: Kurtka z kolekcji Columbia. Nieocieplony model wykonany<\/p>\n","protected":false},"featured_media":8522,"comment_status":"closed","ping_status":"open","template":"","meta":[],"class_list":{"0":"post-8521","1":"product","2":"type-product","3":"status-publish","5":"hentry","6":"product_cat-kurtki-i-plaszcze","7":"product_cat-kurtki-krotkie","8":"product_cat-odziez","9":"product_cat-ona","10":"product_tag-columbia","11":"product_tag-columbia-kurtka"},"yoast_head":"<!-- This site is optimized with the Yoast SEO plugin v15.6.2 - https:\/\/yoast.com\/wordpress\/plugins\/seo\/ -->\n<title>Columbia - Kurtka<\/title>\n<meta name=\"robots\" content=\"index, follow, max-snippet:-1, max-image-preview:large, max-video-preview:-1\" \/>\n<link rel=\"canonical\" href=\"https:\/\/torebunia.pl\/sklep\/produkt\/columbia-kurtka-7\/\" \/>\n<meta property=\"og:locale\" content=\"pl_PL\" \/>\n<meta property=\"og:type\" content=\"article\" \/>\n<meta property=\"og:title\" content=\"Columbia - Kurtka\" \/>\n<meta property=\"og:description\" content=\"Parametry produktu: cena: 249.9 PLN marka: Columbia p\u0142e\u0107: Female kategoria: ONA \/ Odzie\u017c \/ Kurtki i p\u0142aszcze \/ Kurtki kr\u00f3tkie kolor: bia\u0142y Opis: Kurtka z kolekcji Columbia. Nieocieplony model wykonany\" \/>\n<meta property=\"og:url\" content=\"https:\/\/torebunia.pl\/sklep\/produkt\/columbia-kurtka-7\/\" \/>\n<meta property=\"og:site_name\" content=\"Moje Blog\" \/>\n<meta property=\"article:modified_time\" content=\"2021-01-27T13:16:30+00:00\" \/>\n<meta property=\"og:image\" content=\"https:\/\/torebunia.pl\/sklep\/wp-content\/uploads\/2021\/01\/2d0f65a77c4436e4e89a38747cf78f98bc77de34.jpg\" \/>\n\t<meta property=\"og:image:width\" content=\"855\" \/>\n\t<meta property=\"og:image:height\" content=\"1290\" \/>\n<meta name=\"twitter:card\" content=\"summary_large_image\" \/>\n<script type=\"application\/ld+json\" class=\"yoast-schema-graph\">{\"@context\":\"https:\/\/schema.org\",\"@graph\":[{\"@type\":\"WebSite\",\"@id\":\"https:\/\/torebunia.pl\/sklep\/#website\",\"url\":\"https:\/\/torebunia.pl\/sklep\/\",\"name\":\"Moje Blog\",\"description\":\"Kolejna witryna WordPress\",\"potentialAction\":[{\"@type\":\"SearchAction\",\"target\":\"https:\/\/torebunia.pl\/sklep\/?s={search_term_string}\",\"query-input\":\"required name=search_term_string\"}],\"inLanguage\":\"pl-PL\"},{\"@type\":\"ImageObject\",\"@id\":\"https:\/\/torebunia.pl\/sklep\/produkt\/columbia-kurtka-7\/#primaryimage\",\"inLanguage\":\"pl-PL\",\"url\":\"https:\/\/torebunia.pl\/sklep\/wp-content\/uploads\/2021\/01\/2d0f65a77c4436e4e89a38747cf78f98bc77de34.jpg\",\"width\":855,\"height\":1290,\"caption\":\"Columbia - Kurtka\"},{\"@type\":\"WebPage\",\"@id\":\"https:\/\/torebunia.pl\/sklep\/produkt\/columbia-kurtka-7\/#webpage\",\"url\":\"https:\/\/torebunia.pl\/sklep\/produkt\/columbia-kurtka-7\/\",\"name\":\"Columbia - Kurtka\",\"isPartOf\":{\"@id\":\"https:\/\/torebunia.pl\/sklep\/#website\"},\"primaryImageOfPage\":{\"@id\":\"https:\/\/torebunia.pl\/sklep\/produkt\/columbia-kurtka-7\/#primaryimage\"},\"datePublished\":\"2021-01-03T20:35:47+00:00\",\"dateModified\":\"2021-01-27T13:16:30+00:00\",\"inLanguage\":\"pl-PL\",\"potentialAction\":[{\"@type\":\"ReadAction\",\"target\":[\"https:\/\/torebunia.pl\/sklep\/produkt\/columbia-kurtka-7\/\"]}]}]}<\/script>\n<!-- \/ Yoast SEO plugin. -->","_links":{"self":[{"href":"https:\/\/torebunia.pl\/sklep\/wp-json\/wp\/v2\/product\/8521","targetHints":{"allow":["GET"]}}],"collection":[{"href":"https:\/\/torebunia.pl\/sklep\/wp-json\/wp\/v2\/product"}],"about":[{"href":"https:\/\/torebunia.pl\/sklep\/wp-json\/wp\/v2\/types\/product"}],"replies":[{"embeddable":true,"href":"https:\/\/torebunia.pl\/sklep\/wp-json\/wp\/v2\/comments?post=8521"}],"wp:featuredmedia":[{"embeddable":true,"href":"https:\/\/torebunia.pl\/sklep\/wp-json\/wp\/v2\/media\/8522"}],"wp:attachment":[{"href":"https:\/\/torebunia.pl\/sklep\/wp-json\/wp\/v2\/media?parent=8521"}],"curies":[{"name":"wp","href":"https:\/\/api.w.org\/{rel}","templated":true}]}}