{"id":8513,"date":"2020-12-29T07:53:34","date_gmt":"2020-12-29T07:53:34","guid":{"rendered":"https:\/\/torebunia.pl\/sklep\/produkt\/vagabond-buty-skorzane-zoe-platform-2\/"},"modified":"2021-01-27T13:16:21","modified_gmt":"2021-01-27T13:16:21","slug":"vagabond-buty-skorzane-zoe-platform-2","status":"publish","type":"product","link":"https:\/\/torebunia.pl\/sklep\/produkt\/vagabond-buty-skorzane-zoe-platform-2\/","title":{"rendered":"Vagabond &#8211; Buty sk\u00f3rzane Zoe Platform"},"content":{"rendered":"<p>Parametry produktu:<\/p>\n<ul>\n<li>cena: <strong>419.9 PLN<\/strong><\/li>\n<li>marka: <strong>Vagabond<\/strong><\/li>\n<li>p\u0142e\u0107: <strong>Female<\/strong><\/li>\n<li>kategoria: <strong>ONA \/ Obuwie \/ Sneakersy i sportowe \/ Sneakersy<\/strong><\/li>\n<li>kolor: <strong>\u017c\u00f3\u0142ty<\/strong><\/li>\n<\/ul>\n<p>Opis:<br \/>\nButy z kolekcji Vagabond. Model wykonany ze sk\u00f3ry naturalnej. &#8211; Model na platformie. &#8211; Okr\u0105g\u0142y, usztywniony nosek. &#8211; Gumowa podeszwa. &#8211; Usztywniony zapi\u0119tek. &#8211; Sk\u00f3rzana wk\u0142adka. &#8211; Sznurowany model. &#8211; Wysoko\u015b\u0107 platformy: 4 cm. &#8211; D\u0142ugo\u015b\u0107 wk\u0142adki wynosi: 24 cm. &#8211; Wymiary podane dla rozmiaru: 37. Obcas: platforma Materia\u0142: sk\u00f3ra licowa Sk\u0142ad: Cholewka: Sk\u00f3ra naturalna, Wn\u0119trze: Materia\u0142 tekstylny, Sk\u00f3ra naturalna, Podeszwa: Materia\u0142 syntetyczny ID produktu: 4901-OBD008 Kod producenta: 4827.201.25<\/p>\n","protected":false},"excerpt":{"rendered":"<p>Parametry produktu: cena: 419.9 PLN marka: Vagabond p\u0142e\u0107: Female kategoria: ONA \/ Obuwie \/ Sneakersy i sportowe \/ Sneakersy kolor: \u017c\u00f3\u0142ty Opis: Buty z kolekcji Vagabond. Model wykonany ze sk\u00f3ry<\/p>\n","protected":false},"featured_media":8514,"comment_status":"closed","ping_status":"open","template":"","meta":[],"class_list":{"0":"post-8513","1":"product","2":"type-product","3":"status-publish","5":"hentry","6":"product_cat-obuwie","7":"product_cat-ona","8":"product_cat-sneakersy","9":"product_cat-sneakersy-i-sportowe","10":"product_tag-vagabond","11":"product_tag-vagabond-buty-skorzane-zoe-platform"},"yoast_head":"<!-- This site is optimized with the Yoast SEO plugin v15.6.2 - https:\/\/yoast.com\/wordpress\/plugins\/seo\/ -->\n<title>Vagabond - Buty sk\u00f3rzane Zoe Platform<\/title>\n<meta name=\"robots\" content=\"index, follow, max-snippet:-1, max-image-preview:large, max-video-preview:-1\" \/>\n<link rel=\"canonical\" href=\"https:\/\/torebunia.pl\/sklep\/produkt\/vagabond-buty-skorzane-zoe-platform-2\/\" \/>\n<meta property=\"og:locale\" content=\"pl_PL\" \/>\n<meta property=\"og:type\" content=\"article\" \/>\n<meta property=\"og:title\" content=\"Vagabond - Buty sk\u00f3rzane Zoe Platform\" \/>\n<meta property=\"og:description\" content=\"Parametry produktu: cena: 419.9 PLN marka: Vagabond p\u0142e\u0107: Female kategoria: ONA \/ Obuwie \/ Sneakersy i sportowe \/ Sneakersy kolor: \u017c\u00f3\u0142ty Opis: Buty z kolekcji Vagabond. Model wykonany ze sk\u00f3ry\" \/>\n<meta property=\"og:url\" content=\"https:\/\/torebunia.pl\/sklep\/produkt\/vagabond-buty-skorzane-zoe-platform-2\/\" \/>\n<meta property=\"og:site_name\" content=\"Moje Blog\" \/>\n<meta property=\"article:modified_time\" content=\"2021-01-27T13:16:21+00:00\" \/>\n<meta property=\"og:image\" content=\"https:\/\/torebunia.pl\/sklep\/wp-content\/uploads\/2021\/01\/19047844b6cd5c26e12f41f451763536d5e294fa.jpg\" \/>\n\t<meta property=\"og:image:width\" content=\"855\" \/>\n\t<meta property=\"og:image:height\" content=\"1290\" \/>\n<meta name=\"twitter:card\" content=\"summary_large_image\" \/>\n<script type=\"application\/ld+json\" class=\"yoast-schema-graph\">{\"@context\":\"https:\/\/schema.org\",\"@graph\":[{\"@type\":\"WebSite\",\"@id\":\"https:\/\/torebunia.pl\/sklep\/#website\",\"url\":\"https:\/\/torebunia.pl\/sklep\/\",\"name\":\"Moje Blog\",\"description\":\"Kolejna witryna WordPress\",\"potentialAction\":[{\"@type\":\"SearchAction\",\"target\":\"https:\/\/torebunia.pl\/sklep\/?s={search_term_string}\",\"query-input\":\"required name=search_term_string\"}],\"inLanguage\":\"pl-PL\"},{\"@type\":\"ImageObject\",\"@id\":\"https:\/\/torebunia.pl\/sklep\/produkt\/vagabond-buty-skorzane-zoe-platform-2\/#primaryimage\",\"inLanguage\":\"pl-PL\",\"url\":\"https:\/\/torebunia.pl\/sklep\/wp-content\/uploads\/2021\/01\/19047844b6cd5c26e12f41f451763536d5e294fa.jpg\",\"width\":855,\"height\":1290,\"caption\":\"Vagabond - Buty sk\\u00f3rzane Zoe Platform\"},{\"@type\":\"WebPage\",\"@id\":\"https:\/\/torebunia.pl\/sklep\/produkt\/vagabond-buty-skorzane-zoe-platform-2\/#webpage\",\"url\":\"https:\/\/torebunia.pl\/sklep\/produkt\/vagabond-buty-skorzane-zoe-platform-2\/\",\"name\":\"Vagabond - Buty sk\\u00f3rzane Zoe Platform\",\"isPartOf\":{\"@id\":\"https:\/\/torebunia.pl\/sklep\/#website\"},\"primaryImageOfPage\":{\"@id\":\"https:\/\/torebunia.pl\/sklep\/produkt\/vagabond-buty-skorzane-zoe-platform-2\/#primaryimage\"},\"datePublished\":\"2020-12-29T07:53:34+00:00\",\"dateModified\":\"2021-01-27T13:16:21+00:00\",\"inLanguage\":\"pl-PL\",\"potentialAction\":[{\"@type\":\"ReadAction\",\"target\":[\"https:\/\/torebunia.pl\/sklep\/produkt\/vagabond-buty-skorzane-zoe-platform-2\/\"]}]}]}<\/script>\n<!-- \/ Yoast SEO plugin. -->","_links":{"self":[{"href":"https:\/\/torebunia.pl\/sklep\/wp-json\/wp\/v2\/product\/8513","targetHints":{"allow":["GET"]}}],"collection":[{"href":"https:\/\/torebunia.pl\/sklep\/wp-json\/wp\/v2\/product"}],"about":[{"href":"https:\/\/torebunia.pl\/sklep\/wp-json\/wp\/v2\/types\/product"}],"replies":[{"embeddable":true,"href":"https:\/\/torebunia.pl\/sklep\/wp-json\/wp\/v2\/comments?post=8513"}],"wp:featuredmedia":[{"embeddable":true,"href":"https:\/\/torebunia.pl\/sklep\/wp-json\/wp\/v2\/media\/8514"}],"wp:attachment":[{"href":"https:\/\/torebunia.pl\/sklep\/wp-json\/wp\/v2\/media?parent=8513"}],"curies":[{"name":"wp","href":"https:\/\/api.w.org\/{rel}","templated":true}]}}