{"id":8213,"date":"2020-07-09T00:03:37","date_gmt":"2020-07-09T00:03:37","guid":{"rendered":"https:\/\/torebunia.pl\/sklep\/produkt\/calvin-klein-underwear-stringi-3\/"},"modified":"2021-01-25T17:22:40","modified_gmt":"2021-01-25T17:22:40","slug":"calvin-klein-underwear-stringi-3","status":"publish","type":"product","link":"https:\/\/torebunia.pl\/sklep\/produkt\/calvin-klein-underwear-stringi-3\/","title":{"rendered":"Calvin Klein Underwear &#8211; Stringi"},"content":{"rendered":"<p>Parametry produktu:<\/p>\n<ul>\n<li>cena: <strong>79.9 PLN<\/strong><\/li>\n<li>marka: <strong>Calvin Klein Underwear<\/strong><\/li>\n<li>p\u0142e\u0107: <strong>Female<\/strong><\/li>\n<li>kategoria: <strong>ONA \/ Odzie\u017c \/ Bielizna \/ Majtki<\/strong><\/li>\n<li>kolor: <strong>grafitowy<\/strong><\/li>\n<\/ul>\n<p>Opis:<br \/>\nStringi z kolekcji Calvin Klein Underwear. Model wykonany z elastycznej dzianiny. Rodzaj: stringi Wz\u00f3r: aplikacja Materia\u0142: dzianina Sk\u0142ad: Podszewka: 100 % Bawe\u0142na, Materia\u0142 zasadniczy: 35 % Modal, 53 % Bawe\u0142na, 12 % Elastan ID produktu: 4950-BID009 Kod producenta: 0000F3786E<\/p>\n","protected":false},"excerpt":{"rendered":"<p>Parametry produktu: cena: 79.9 PLN marka: Calvin Klein Underwear p\u0142e\u0107: Female kategoria: ONA \/ Odzie\u017c \/ Bielizna \/ Majtki kolor: grafitowy Opis: Stringi z kolekcji Calvin Klein Underwear. Model wykonany<\/p>\n","protected":false},"featured_media":8214,"comment_status":"closed","ping_status":"open","template":"","meta":[],"class_list":{"0":"post-8213","1":"product","2":"type-product","3":"status-publish","5":"hentry","6":"product_cat-bielizna","7":"product_cat-majtki","8":"product_cat-odziez","9":"product_cat-ona","10":"product_tag-calvin-klein-underwear","11":"product_tag-calvin-klein-underwear-stringi"},"yoast_head":"<!-- This site is optimized with the Yoast SEO plugin v15.6.2 - https:\/\/yoast.com\/wordpress\/plugins\/seo\/ -->\n<title>Calvin Klein Underwear - Stringi<\/title>\n<meta name=\"robots\" content=\"index, follow, max-snippet:-1, max-image-preview:large, max-video-preview:-1\" \/>\n<link rel=\"canonical\" href=\"https:\/\/torebunia.pl\/sklep\/produkt\/calvin-klein-underwear-stringi-3\/\" \/>\n<meta property=\"og:locale\" content=\"pl_PL\" \/>\n<meta property=\"og:type\" content=\"article\" \/>\n<meta property=\"og:title\" content=\"Calvin Klein Underwear - Stringi\" \/>\n<meta property=\"og:description\" content=\"Parametry produktu: cena: 79.9 PLN marka: Calvin Klein Underwear p\u0142e\u0107: Female kategoria: ONA \/ Odzie\u017c \/ Bielizna \/ Majtki kolor: grafitowy Opis: Stringi z kolekcji Calvin Klein Underwear. Model wykonany\" \/>\n<meta property=\"og:url\" content=\"https:\/\/torebunia.pl\/sklep\/produkt\/calvin-klein-underwear-stringi-3\/\" \/>\n<meta property=\"og:site_name\" content=\"Moje Blog\" \/>\n<meta property=\"article:modified_time\" content=\"2021-01-25T17:22:40+00:00\" \/>\n<meta property=\"og:image\" content=\"https:\/\/torebunia.pl\/sklep\/wp-content\/uploads\/2021\/01\/13d815ce49119d775f4ef5dc41c2bcd9d99b2cee.jpg\" \/>\n\t<meta property=\"og:image:width\" content=\"855\" \/>\n\t<meta property=\"og:image:height\" content=\"1290\" \/>\n<meta name=\"twitter:card\" content=\"summary_large_image\" \/>\n<script type=\"application\/ld+json\" class=\"yoast-schema-graph\">{\"@context\":\"https:\/\/schema.org\",\"@graph\":[{\"@type\":\"WebSite\",\"@id\":\"https:\/\/torebunia.pl\/sklep\/#website\",\"url\":\"https:\/\/torebunia.pl\/sklep\/\",\"name\":\"Moje Blog\",\"description\":\"Kolejna witryna WordPress\",\"potentialAction\":[{\"@type\":\"SearchAction\",\"target\":\"https:\/\/torebunia.pl\/sklep\/?s={search_term_string}\",\"query-input\":\"required name=search_term_string\"}],\"inLanguage\":\"pl-PL\"},{\"@type\":\"ImageObject\",\"@id\":\"https:\/\/torebunia.pl\/sklep\/produkt\/calvin-klein-underwear-stringi-3\/#primaryimage\",\"inLanguage\":\"pl-PL\",\"url\":\"https:\/\/torebunia.pl\/sklep\/wp-content\/uploads\/2021\/01\/13d815ce49119d775f4ef5dc41c2bcd9d99b2cee.jpg\",\"width\":855,\"height\":1290,\"caption\":\"Calvin Klein Underwear - Stringi\"},{\"@type\":\"WebPage\",\"@id\":\"https:\/\/torebunia.pl\/sklep\/produkt\/calvin-klein-underwear-stringi-3\/#webpage\",\"url\":\"https:\/\/torebunia.pl\/sklep\/produkt\/calvin-klein-underwear-stringi-3\/\",\"name\":\"Calvin Klein Underwear - Stringi\",\"isPartOf\":{\"@id\":\"https:\/\/torebunia.pl\/sklep\/#website\"},\"primaryImageOfPage\":{\"@id\":\"https:\/\/torebunia.pl\/sklep\/produkt\/calvin-klein-underwear-stringi-3\/#primaryimage\"},\"datePublished\":\"2020-07-09T00:03:37+00:00\",\"dateModified\":\"2021-01-25T17:22:40+00:00\",\"inLanguage\":\"pl-PL\",\"potentialAction\":[{\"@type\":\"ReadAction\",\"target\":[\"https:\/\/torebunia.pl\/sklep\/produkt\/calvin-klein-underwear-stringi-3\/\"]}]}]}<\/script>\n<!-- \/ Yoast SEO plugin. -->","_links":{"self":[{"href":"https:\/\/torebunia.pl\/sklep\/wp-json\/wp\/v2\/product\/8213","targetHints":{"allow":["GET"]}}],"collection":[{"href":"https:\/\/torebunia.pl\/sklep\/wp-json\/wp\/v2\/product"}],"about":[{"href":"https:\/\/torebunia.pl\/sklep\/wp-json\/wp\/v2\/types\/product"}],"replies":[{"embeddable":true,"href":"https:\/\/torebunia.pl\/sklep\/wp-json\/wp\/v2\/comments?post=8213"}],"wp:featuredmedia":[{"embeddable":true,"href":"https:\/\/torebunia.pl\/sklep\/wp-json\/wp\/v2\/media\/8214"}],"wp:attachment":[{"href":"https:\/\/torebunia.pl\/sklep\/wp-json\/wp\/v2\/media?parent=8213"}],"curies":[{"name":"wp","href":"https:\/\/api.w.org\/{rel}","templated":true}]}}