{"id":8035,"date":"2020-03-28T04:23:32","date_gmt":"2020-03-28T04:23:32","guid":{"rendered":"https:\/\/torebunia.pl\/sklep\/produkt\/vila-plaszcz\/"},"modified":"2021-01-27T12:35:13","modified_gmt":"2021-01-27T12:35:13","slug":"vila-plaszcz","status":"publish","type":"product","link":"https:\/\/torebunia.pl\/sklep\/produkt\/vila-plaszcz\/","title":{"rendered":"Vila &#8211; P\u0142aszcz"},"content":{"rendered":"<p>Parametry produktu:<\/p>\n<ul>\n<li>cena: <strong>259.9 PLN<\/strong><\/li>\n<li>marka: <strong>Vila<\/strong><\/li>\n<li>p\u0142e\u0107: <strong>Female<\/strong><\/li>\n<li>kategoria: <strong>ONA \/ Odzie\u017c \/ Kurtki i p\u0142aszcze \/ P\u0142aszcze<\/strong><\/li>\n<li>kolor: <strong>czarny<\/strong><\/li>\n<\/ul>\n<p>Opis:<br \/>\nP\u0142aszcz z kolekcji Vila. Nieocieplony model wykonany z g\u0142adkiej tkaniny. &#8211; Prosty fason. &#8211; Nieocieplony model na podszewce. &#8211; Wsuwane kieszenie. &#8211; Zapi\u0119cie na guziki. &#8211; Klasyczne klapy. &#8211; D\u0142ugo\u015b\u0107 r\u0119kawa: 61 cm. &#8211; D\u0142ugo\u015b\u0107: 83 cm. &#8211; Szeroko\u015b\u0107 pod pachami: 47 cm. &#8211; Szeroko\u015b\u0107 w ramionach: 39 cm. &#8211; Wymiary podane dla rozmiaru: 36. Podszewka: z podszewk\u0105 Kaptur: bez kaptura Ocieplenie: nieocieplane Sk\u0142ad: 100 % Poliester ID produktu: 100-KPD00L Kod producenta: 14056460<\/p>\n","protected":false},"excerpt":{"rendered":"<p>Parametry produktu: cena: 259.9 PLN marka: Vila p\u0142e\u0107: Female kategoria: ONA \/ Odzie\u017c \/ Kurtki i p\u0142aszcze \/ P\u0142aszcze kolor: czarny Opis: P\u0142aszcz z kolekcji Vila. Nieocieplony model wykonany z<\/p>\n","protected":false},"featured_media":8036,"comment_status":"closed","ping_status":"open","template":"","meta":[],"class_list":{"0":"post-8035","1":"product","2":"type-product","3":"status-publish","5":"hentry","6":"product_cat-kurtki-i-plaszcze","7":"product_cat-odziez","8":"product_cat-ona","9":"product_cat-plaszcze","10":"product_tag-vila","11":"product_tag-vila-plaszcz"},"yoast_head":"<!-- This site is optimized with the Yoast SEO plugin v15.6.2 - https:\/\/yoast.com\/wordpress\/plugins\/seo\/ -->\n<title>Vila - P\u0142aszcz<\/title>\n<meta name=\"robots\" content=\"index, follow, max-snippet:-1, max-image-preview:large, max-video-preview:-1\" \/>\n<link rel=\"canonical\" href=\"https:\/\/torebunia.pl\/sklep\/produkt\/vila-plaszcz\/\" \/>\n<meta property=\"og:locale\" content=\"pl_PL\" \/>\n<meta property=\"og:type\" content=\"article\" \/>\n<meta property=\"og:title\" content=\"Vila - P\u0142aszcz\" \/>\n<meta property=\"og:description\" content=\"Parametry produktu: cena: 259.9 PLN marka: Vila p\u0142e\u0107: Female kategoria: ONA \/ Odzie\u017c \/ Kurtki i p\u0142aszcze \/ P\u0142aszcze kolor: czarny Opis: P\u0142aszcz z kolekcji Vila. Nieocieplony model wykonany z\" \/>\n<meta property=\"og:url\" content=\"https:\/\/torebunia.pl\/sklep\/produkt\/vila-plaszcz\/\" \/>\n<meta property=\"og:site_name\" content=\"Moje Blog\" \/>\n<meta property=\"article:modified_time\" content=\"2021-01-27T12:35:13+00:00\" \/>\n<meta property=\"og:image\" content=\"https:\/\/torebunia.pl\/sklep\/wp-content\/uploads\/2021\/01\/9b17aaad45b8fd80dacf6629e5f1889c1a4d1c19.jpg\" \/>\n\t<meta property=\"og:image:width\" content=\"855\" \/>\n\t<meta property=\"og:image:height\" content=\"1290\" \/>\n<meta name=\"twitter:card\" content=\"summary_large_image\" \/>\n<script type=\"application\/ld+json\" class=\"yoast-schema-graph\">{\"@context\":\"https:\/\/schema.org\",\"@graph\":[{\"@type\":\"WebSite\",\"@id\":\"https:\/\/torebunia.pl\/sklep\/#website\",\"url\":\"https:\/\/torebunia.pl\/sklep\/\",\"name\":\"Moje Blog\",\"description\":\"Kolejna witryna WordPress\",\"potentialAction\":[{\"@type\":\"SearchAction\",\"target\":\"https:\/\/torebunia.pl\/sklep\/?s={search_term_string}\",\"query-input\":\"required name=search_term_string\"}],\"inLanguage\":\"pl-PL\"},{\"@type\":\"ImageObject\",\"@id\":\"https:\/\/torebunia.pl\/sklep\/produkt\/vila-plaszcz\/#primaryimage\",\"inLanguage\":\"pl-PL\",\"url\":\"https:\/\/torebunia.pl\/sklep\/wp-content\/uploads\/2021\/01\/9b17aaad45b8fd80dacf6629e5f1889c1a4d1c19.jpg\",\"width\":855,\"height\":1290,\"caption\":\"Vila - P\\u0142aszcz\"},{\"@type\":\"WebPage\",\"@id\":\"https:\/\/torebunia.pl\/sklep\/produkt\/vila-plaszcz\/#webpage\",\"url\":\"https:\/\/torebunia.pl\/sklep\/produkt\/vila-plaszcz\/\",\"name\":\"Vila - P\\u0142aszcz\",\"isPartOf\":{\"@id\":\"https:\/\/torebunia.pl\/sklep\/#website\"},\"primaryImageOfPage\":{\"@id\":\"https:\/\/torebunia.pl\/sklep\/produkt\/vila-plaszcz\/#primaryimage\"},\"datePublished\":\"2020-03-28T04:23:32+00:00\",\"dateModified\":\"2021-01-27T12:35:13+00:00\",\"inLanguage\":\"pl-PL\",\"potentialAction\":[{\"@type\":\"ReadAction\",\"target\":[\"https:\/\/torebunia.pl\/sklep\/produkt\/vila-plaszcz\/\"]}]}]}<\/script>\n<!-- \/ Yoast SEO plugin. -->","_links":{"self":[{"href":"https:\/\/torebunia.pl\/sklep\/wp-json\/wp\/v2\/product\/8035","targetHints":{"allow":["GET"]}}],"collection":[{"href":"https:\/\/torebunia.pl\/sklep\/wp-json\/wp\/v2\/product"}],"about":[{"href":"https:\/\/torebunia.pl\/sklep\/wp-json\/wp\/v2\/types\/product"}],"replies":[{"embeddable":true,"href":"https:\/\/torebunia.pl\/sklep\/wp-json\/wp\/v2\/comments?post=8035"}],"wp:featuredmedia":[{"embeddable":true,"href":"https:\/\/torebunia.pl\/sklep\/wp-json\/wp\/v2\/media\/8036"}],"wp:attachment":[{"href":"https:\/\/torebunia.pl\/sklep\/wp-json\/wp\/v2\/media?parent=8035"}],"curies":[{"name":"wp","href":"https:\/\/api.w.org\/{rel}","templated":true}]}}