{"id":7979,"date":"2020-11-07T13:17:12","date_gmt":"2020-11-07T13:17:12","guid":{"rendered":"https:\/\/torebunia.pl\/sklep\/produkt\/desigual-koszula-3\/"},"modified":"2021-01-27T13:07:41","modified_gmt":"2021-01-27T13:07:41","slug":"desigual-koszula-3","status":"publish","type":"product","link":"https:\/\/torebunia.pl\/sklep\/produkt\/desigual-koszula-3\/","title":{"rendered":"Desigual &#8211; Koszula"},"content":{"rendered":"<p>Parametry produktu:<\/p>\n<ul>\n<li>cena: <strong>399.9 PLN<\/strong><\/li>\n<li>marka: <strong>Desigual<\/strong><\/li>\n<li>p\u0142e\u0107: <strong>Female<\/strong><\/li>\n<li>kategoria: <strong>ONA \/ Odzie\u017c \/ Bluzki i koszule \/ Koszule<\/strong><\/li>\n<li>kolor: <strong>r\u00f3\u017cowy<\/strong><\/li>\n<\/ul>\n<p>Opis:<br \/>\nKoszula z kolekcji Desigual. Model wykonany z g\u0142adkiej tkaniny. &#8211; Prosty fason. &#8211; Zapi\u0119cie na guziki. &#8211; R\u0119kawy z zapinanymi mankietami. &#8211; D\u0142ugo\u015b\u0107 r\u0119kawa: 60 cm. &#8211; Szeroko\u015b\u0107 pod pachami: 49 cm. &#8211; D\u0142ugo\u015b\u0107: 67 cm. &#8211; Wymiary podane dla rozmiaru: S. Wz\u00f3r: g\u0142adkie Fason: regular R\u0119kaw: d\u0142ugi Ko\u0142nierzyk: klasyczny Okazje: casual Sk\u0142ad: Materia\u0142 zasadniczy: 30 % Poliester, 70 % Wiskoza, Aplikacja: 68 % Poliester, 32 % W\u0142\u00f3kno metaliczne, Wskaz\u00f3wki piel\u0119gnacyjne: nie pra\u0107 chemicznie, pra\u0107 w pralce w temperaturze 30 stopni, suszy\u0107 w stanie roz\u0142o\u017conym, nie wybiela\u0107, prasowa\u0107 w niskiej temperaturze ID produktu: 4901-KDD01F Kod producenta: 20SWCW28<\/p>\n","protected":false},"excerpt":{"rendered":"<p>Parametry produktu: cena: 399.9 PLN marka: Desigual p\u0142e\u0107: Female kategoria: ONA \/ Odzie\u017c \/ Bluzki i koszule \/ Koszule kolor: r\u00f3\u017cowy Opis: Koszula z kolekcji Desigual. Model wykonany z g\u0142adkiej<\/p>\n","protected":false},"featured_media":7980,"comment_status":"closed","ping_status":"open","template":"","meta":[],"class_list":{"0":"post-7979","1":"product","2":"type-product","3":"status-publish","5":"hentry","6":"product_cat-bluzki-i-koszule","7":"product_cat-koszule","8":"product_cat-odziez","9":"product_cat-ona","10":"product_tag-desigual","11":"product_tag-desigual-koszula"},"yoast_head":"<!-- This site is optimized with the Yoast SEO plugin v15.6.2 - https:\/\/yoast.com\/wordpress\/plugins\/seo\/ -->\n<title>Desigual - Koszula<\/title>\n<meta name=\"robots\" content=\"index, follow, max-snippet:-1, max-image-preview:large, max-video-preview:-1\" \/>\n<link rel=\"canonical\" href=\"https:\/\/torebunia.pl\/sklep\/produkt\/desigual-koszula-3\/\" \/>\n<meta property=\"og:locale\" content=\"pl_PL\" \/>\n<meta property=\"og:type\" content=\"article\" \/>\n<meta property=\"og:title\" content=\"Desigual - Koszula\" \/>\n<meta property=\"og:description\" content=\"Parametry produktu: cena: 399.9 PLN marka: Desigual p\u0142e\u0107: Female kategoria: ONA \/ Odzie\u017c \/ Bluzki i koszule \/ Koszule kolor: r\u00f3\u017cowy Opis: Koszula z kolekcji Desigual. Model wykonany z g\u0142adkiej\" \/>\n<meta property=\"og:url\" content=\"https:\/\/torebunia.pl\/sklep\/produkt\/desigual-koszula-3\/\" \/>\n<meta property=\"og:site_name\" content=\"Moje Blog\" \/>\n<meta property=\"article:modified_time\" content=\"2021-01-27T13:07:41+00:00\" \/>\n<meta property=\"og:image\" content=\"https:\/\/torebunia.pl\/sklep\/wp-content\/uploads\/2021\/01\/4e5a0f7fa5b29281432366dedf394304c98858ec.jpg\" \/>\n\t<meta property=\"og:image:width\" content=\"855\" \/>\n\t<meta property=\"og:image:height\" content=\"1290\" \/>\n<meta name=\"twitter:card\" content=\"summary_large_image\" \/>\n<meta name=\"twitter:label1\" content=\"Est. reading time\">\n\t<meta name=\"twitter:data1\" content=\"1 minuta\">\n<script type=\"application\/ld+json\" class=\"yoast-schema-graph\">{\"@context\":\"https:\/\/schema.org\",\"@graph\":[{\"@type\":\"WebSite\",\"@id\":\"https:\/\/torebunia.pl\/sklep\/#website\",\"url\":\"https:\/\/torebunia.pl\/sklep\/\",\"name\":\"Moje Blog\",\"description\":\"Kolejna witryna WordPress\",\"potentialAction\":[{\"@type\":\"SearchAction\",\"target\":\"https:\/\/torebunia.pl\/sklep\/?s={search_term_string}\",\"query-input\":\"required name=search_term_string\"}],\"inLanguage\":\"pl-PL\"},{\"@type\":\"ImageObject\",\"@id\":\"https:\/\/torebunia.pl\/sklep\/produkt\/desigual-koszula-3\/#primaryimage\",\"inLanguage\":\"pl-PL\",\"url\":\"https:\/\/torebunia.pl\/sklep\/wp-content\/uploads\/2021\/01\/4e5a0f7fa5b29281432366dedf394304c98858ec.jpg\",\"width\":855,\"height\":1290,\"caption\":\"Desigual - Koszula\"},{\"@type\":\"WebPage\",\"@id\":\"https:\/\/torebunia.pl\/sklep\/produkt\/desigual-koszula-3\/#webpage\",\"url\":\"https:\/\/torebunia.pl\/sklep\/produkt\/desigual-koszula-3\/\",\"name\":\"Desigual - Koszula\",\"isPartOf\":{\"@id\":\"https:\/\/torebunia.pl\/sklep\/#website\"},\"primaryImageOfPage\":{\"@id\":\"https:\/\/torebunia.pl\/sklep\/produkt\/desigual-koszula-3\/#primaryimage\"},\"datePublished\":\"2020-11-07T13:17:12+00:00\",\"dateModified\":\"2021-01-27T13:07:41+00:00\",\"inLanguage\":\"pl-PL\",\"potentialAction\":[{\"@type\":\"ReadAction\",\"target\":[\"https:\/\/torebunia.pl\/sklep\/produkt\/desigual-koszula-3\/\"]}]}]}<\/script>\n<!-- \/ Yoast SEO plugin. -->","_links":{"self":[{"href":"https:\/\/torebunia.pl\/sklep\/wp-json\/wp\/v2\/product\/7979","targetHints":{"allow":["GET"]}}],"collection":[{"href":"https:\/\/torebunia.pl\/sklep\/wp-json\/wp\/v2\/product"}],"about":[{"href":"https:\/\/torebunia.pl\/sklep\/wp-json\/wp\/v2\/types\/product"}],"replies":[{"embeddable":true,"href":"https:\/\/torebunia.pl\/sklep\/wp-json\/wp\/v2\/comments?post=7979"}],"wp:featuredmedia":[{"embeddable":true,"href":"https:\/\/torebunia.pl\/sklep\/wp-json\/wp\/v2\/media\/7980"}],"wp:attachment":[{"href":"https:\/\/torebunia.pl\/sklep\/wp-json\/wp\/v2\/media?parent=7979"}],"curies":[{"name":"wp","href":"https:\/\/api.w.org\/{rel}","templated":true}]}}