{"id":7959,"date":"2020-11-05T14:26:49","date_gmt":"2020-11-05T14:26:49","guid":{"rendered":"https:\/\/torebunia.pl\/sklep\/produkt\/new-balance-buty-wx452sw\/"},"modified":"2021-01-27T13:07:27","modified_gmt":"2021-01-27T13:07:27","slug":"new-balance-buty-wx452sw","status":"publish","type":"product","link":"https:\/\/torebunia.pl\/sklep\/produkt\/new-balance-buty-wx452sw\/","title":{"rendered":"New Balance &#8211; Buty WX452SW"},"content":{"rendered":"<p>Parametry produktu:<\/p>\n<ul>\n<li>cena: <strong>369.9 PLN<\/strong><\/li>\n<li>marka: <strong>New Balance<\/strong><\/li>\n<li>p\u0142e\u0107: <strong>Female<\/strong><\/li>\n<li>kategoria: <strong>ONA \/ Obuwie \/ Sneakersy i sportowe \/ Sneakersy<\/strong><\/li>\n<li>kolor: <strong>granatowy<\/strong><\/li>\n<\/ul>\n<p>Opis:<br \/>\nButy z kolekcji New Balance. Model wykonany z po\u0142\u0105czenia sk\u00f3ry naturalnej i materia\u0142u tekstylnego. &#8211; Technologia ABZORB sk\u0142ada si\u0119 jednakowej wielko\u015bci i grubo\u015bci kom\u00f3rek z lekkiego tworzywa, pomagaj\u0105cych w odpowiedniej kompresji. Zapewnia komfort por\u00f3wnywalny do pianki EVA, charakteryzuje si\u0119 jednak d\u0142u\u017csz\u0105 wytrzyma\u0142o\u015bci\u0105. &#8211; Podeszwa NON-MARKING: niebrudz\u0105ca, gumowa podeszwa zewn\u0119trzna, zapewniaj\u0105ca doskona\u0142\u0105 przyczepno\u015b\u0107. &#8211; Usztywniony nosek. &#8211; Stabilna podeszwa. &#8211; Usztywniony zapi\u0119tek. &#8211; Tekstylne wn\u0119trze. &#8211; Sznurowany model. &#8211; Wysoko\u015b\u0107 platformy: 4 cm. &#8211; D\u0142ugo\u015b\u0107 wk\u0142adki wynosi: 24 cm. &#8211; Wymiary podane dla rozmiaru: 37,5. Obcas: platforma Materia\u0142: tekstylny Materia\u0142: sk\u00f3ra licowa Sk\u0142ad: Cholewka: Materia\u0142 tekstylny, Sk\u00f3ra naturalna, Wn\u0119trze: Materia\u0142 tekstylny, Podeszwa: Materia\u0142 syntetyczny ID produktu: 4901-OBD2JZ Kod producenta: WX452SW<\/p>\n","protected":false},"excerpt":{"rendered":"<p>Parametry produktu: cena: 369.9 PLN marka: New Balance p\u0142e\u0107: Female kategoria: ONA \/ Obuwie \/ Sneakersy i sportowe \/ Sneakersy kolor: granatowy Opis: Buty z kolekcji New Balance. Model wykonany<\/p>\n","protected":false},"featured_media":7960,"comment_status":"closed","ping_status":"open","template":"","meta":[],"class_list":{"0":"post-7959","1":"product","2":"type-product","3":"status-publish","5":"hentry","6":"product_cat-obuwie","7":"product_cat-ona","8":"product_cat-sneakersy","9":"product_cat-sneakersy-i-sportowe","10":"product_tag-new-balance","11":"product_tag-new-balance-buty-wx452sw"},"yoast_head":"<!-- This site is optimized with the Yoast SEO plugin v15.6.2 - https:\/\/yoast.com\/wordpress\/plugins\/seo\/ -->\n<title>New Balance - Buty WX452SW<\/title>\n<meta name=\"robots\" content=\"index, follow, max-snippet:-1, max-image-preview:large, max-video-preview:-1\" \/>\n<link rel=\"canonical\" href=\"https:\/\/torebunia.pl\/sklep\/produkt\/new-balance-buty-wx452sw\/\" \/>\n<meta property=\"og:locale\" content=\"pl_PL\" \/>\n<meta property=\"og:type\" content=\"article\" \/>\n<meta property=\"og:title\" content=\"New Balance - Buty WX452SW\" \/>\n<meta property=\"og:description\" content=\"Parametry produktu: cena: 369.9 PLN marka: New Balance p\u0142e\u0107: Female kategoria: ONA \/ Obuwie \/ Sneakersy i sportowe \/ Sneakersy kolor: granatowy Opis: Buty z kolekcji New Balance. Model wykonany\" \/>\n<meta property=\"og:url\" content=\"https:\/\/torebunia.pl\/sklep\/produkt\/new-balance-buty-wx452sw\/\" \/>\n<meta property=\"og:site_name\" content=\"Moje Blog\" \/>\n<meta property=\"article:modified_time\" content=\"2021-01-27T13:07:27+00:00\" \/>\n<meta property=\"og:image\" content=\"https:\/\/torebunia.pl\/sklep\/wp-content\/uploads\/2021\/01\/4375af16c1214d058dd065f7976ece8fc5149470.jpg\" \/>\n\t<meta property=\"og:image:width\" content=\"855\" \/>\n\t<meta property=\"og:image:height\" content=\"1290\" \/>\n<meta name=\"twitter:card\" content=\"summary_large_image\" \/>\n<meta name=\"twitter:label1\" content=\"Est. reading time\">\n\t<meta name=\"twitter:data1\" content=\"1 minuta\">\n<script type=\"application\/ld+json\" class=\"yoast-schema-graph\">{\"@context\":\"https:\/\/schema.org\",\"@graph\":[{\"@type\":\"WebSite\",\"@id\":\"https:\/\/torebunia.pl\/sklep\/#website\",\"url\":\"https:\/\/torebunia.pl\/sklep\/\",\"name\":\"Moje Blog\",\"description\":\"Kolejna witryna WordPress\",\"potentialAction\":[{\"@type\":\"SearchAction\",\"target\":\"https:\/\/torebunia.pl\/sklep\/?s={search_term_string}\",\"query-input\":\"required name=search_term_string\"}],\"inLanguage\":\"pl-PL\"},{\"@type\":\"ImageObject\",\"@id\":\"https:\/\/torebunia.pl\/sklep\/produkt\/new-balance-buty-wx452sw\/#primaryimage\",\"inLanguage\":\"pl-PL\",\"url\":\"https:\/\/torebunia.pl\/sklep\/wp-content\/uploads\/2021\/01\/4375af16c1214d058dd065f7976ece8fc5149470.jpg\",\"width\":855,\"height\":1290,\"caption\":\"New Balance - Buty WX452SW\"},{\"@type\":\"WebPage\",\"@id\":\"https:\/\/torebunia.pl\/sklep\/produkt\/new-balance-buty-wx452sw\/#webpage\",\"url\":\"https:\/\/torebunia.pl\/sklep\/produkt\/new-balance-buty-wx452sw\/\",\"name\":\"New Balance - Buty WX452SW\",\"isPartOf\":{\"@id\":\"https:\/\/torebunia.pl\/sklep\/#website\"},\"primaryImageOfPage\":{\"@id\":\"https:\/\/torebunia.pl\/sklep\/produkt\/new-balance-buty-wx452sw\/#primaryimage\"},\"datePublished\":\"2020-11-05T14:26:49+00:00\",\"dateModified\":\"2021-01-27T13:07:27+00:00\",\"inLanguage\":\"pl-PL\",\"potentialAction\":[{\"@type\":\"ReadAction\",\"target\":[\"https:\/\/torebunia.pl\/sklep\/produkt\/new-balance-buty-wx452sw\/\"]}]}]}<\/script>\n<!-- \/ Yoast SEO plugin. -->","_links":{"self":[{"href":"https:\/\/torebunia.pl\/sklep\/wp-json\/wp\/v2\/product\/7959","targetHints":{"allow":["GET"]}}],"collection":[{"href":"https:\/\/torebunia.pl\/sklep\/wp-json\/wp\/v2\/product"}],"about":[{"href":"https:\/\/torebunia.pl\/sklep\/wp-json\/wp\/v2\/types\/product"}],"replies":[{"embeddable":true,"href":"https:\/\/torebunia.pl\/sklep\/wp-json\/wp\/v2\/comments?post=7959"}],"wp:featuredmedia":[{"embeddable":true,"href":"https:\/\/torebunia.pl\/sklep\/wp-json\/wp\/v2\/media\/7960"}],"wp:attachment":[{"href":"https:\/\/torebunia.pl\/sklep\/wp-json\/wp\/v2\/media?parent=7959"}],"curies":[{"name":"wp","href":"https:\/\/api.w.org\/{rel}","templated":true}]}}