{"id":7941,"date":"2020-06-28T16:16:16","date_gmt":"2020-06-28T16:16:16","guid":{"rendered":"https:\/\/torebunia.pl\/sklep\/produkt\/hailys-sweter-9\/"},"modified":"2021-01-27T13:07:15","modified_gmt":"2021-01-27T13:07:15","slug":"hailys-sweter-9","status":"publish","type":"product","link":"https:\/\/torebunia.pl\/sklep\/produkt\/hailys-sweter-9\/","title":{"rendered":"Haily&#8217;s &#8211; Sweter"},"content":{"rendered":"<p>Parametry produktu:<\/p>\n<ul>\n<li>cena: <strong>79.9 PLN<\/strong><\/li>\n<li>marka: <strong>Haily&#8217;s<\/strong><\/li>\n<li>p\u0142e\u0107: <strong>Female<\/strong><\/li>\n<li>kategoria: <strong>ONA \/ Odzie\u017c \/ Swetry \/ Przez g\u0142ow\u0119<\/strong><\/li>\n<li>kolor: <strong>granatowy<\/strong><\/li>\n<\/ul>\n<p>Opis:<br \/>\nSweter z kolekcji Haily&#8217;s. Model z okr\u0105g\u0142ym dekoltem, wykonany z cienkiej dzianiny. &#8211; Prosty fason. &#8211; Raglanowy r\u0119kaw. &#8211; Okr\u0105g\u0142y dekolt. &#8211; Szeroko\u015b\u0107 pod pachami: 51 cm. &#8211; D\u0142ugo\u015b\u0107 r\u0119kawa(mierzona od dekoltu): 75 cm. &#8211; D\u0142ugo\u015b\u0107: 73 cm. &#8211; Wymiary podane dla rozmiaru: S. Wz\u00f3r: g\u0142adkie Dekolt: okr\u0105g\u0142y Dzianina: cienka Sk\u0142ad: 20 % Nylon, 80 % Wiskoza ID produktu: 4900-BUD05B Kod producenta: DA.1811034.<\/p>\n","protected":false},"excerpt":{"rendered":"<p>Parametry produktu: cena: 79.9 PLN marka: Haily&#8217;s p\u0142e\u0107: Female kategoria: ONA \/ Odzie\u017c \/ Swetry \/ Przez g\u0142ow\u0119 kolor: granatowy Opis: Sweter z kolekcji Haily&#8217;s. Model z okr\u0105g\u0142ym dekoltem, wykonany<\/p>\n","protected":false},"featured_media":7942,"comment_status":"closed","ping_status":"open","template":"","meta":[],"class_list":{"0":"post-7941","1":"product","2":"type-product","3":"status-publish","5":"hentry","6":"product_cat-odziez","7":"product_cat-ona","8":"product_cat-przez-glowe","9":"product_cat-swetry","10":"product_tag-hailys","11":"product_tag-hailys-sweter"},"yoast_head":"<!-- This site is optimized with the Yoast SEO plugin v15.6.2 - https:\/\/yoast.com\/wordpress\/plugins\/seo\/ -->\n<title>Haily&#039;s - Sweter<\/title>\n<meta name=\"robots\" content=\"index, follow, max-snippet:-1, max-image-preview:large, max-video-preview:-1\" \/>\n<link rel=\"canonical\" href=\"https:\/\/torebunia.pl\/sklep\/produkt\/hailys-sweter-9\/\" \/>\n<meta property=\"og:locale\" content=\"pl_PL\" \/>\n<meta property=\"og:type\" content=\"article\" \/>\n<meta property=\"og:title\" content=\"Haily&#039;s - Sweter\" \/>\n<meta property=\"og:description\" content=\"Parametry produktu: cena: 79.9 PLN marka: Haily&#8217;s p\u0142e\u0107: Female kategoria: ONA \/ Odzie\u017c \/ Swetry \/ Przez g\u0142ow\u0119 kolor: granatowy Opis: Sweter z kolekcji Haily&#8217;s. Model z okr\u0105g\u0142ym dekoltem, wykonany\" \/>\n<meta property=\"og:url\" content=\"https:\/\/torebunia.pl\/sklep\/produkt\/hailys-sweter-9\/\" \/>\n<meta property=\"og:site_name\" content=\"Moje Blog\" \/>\n<meta property=\"article:modified_time\" content=\"2021-01-27T13:07:15+00:00\" \/>\n<meta property=\"og:image\" content=\"https:\/\/torebunia.pl\/sklep\/wp-content\/uploads\/2021\/01\/8d465d0063774c86355af43aed941e3c224b044f.jpg\" \/>\n\t<meta property=\"og:image:width\" content=\"855\" \/>\n\t<meta property=\"og:image:height\" content=\"1290\" \/>\n<meta name=\"twitter:card\" content=\"summary_large_image\" \/>\n<script type=\"application\/ld+json\" class=\"yoast-schema-graph\">{\"@context\":\"https:\/\/schema.org\",\"@graph\":[{\"@type\":\"WebSite\",\"@id\":\"https:\/\/torebunia.pl\/sklep\/#website\",\"url\":\"https:\/\/torebunia.pl\/sklep\/\",\"name\":\"Moje Blog\",\"description\":\"Kolejna witryna WordPress\",\"potentialAction\":[{\"@type\":\"SearchAction\",\"target\":\"https:\/\/torebunia.pl\/sklep\/?s={search_term_string}\",\"query-input\":\"required name=search_term_string\"}],\"inLanguage\":\"pl-PL\"},{\"@type\":\"ImageObject\",\"@id\":\"https:\/\/torebunia.pl\/sklep\/produkt\/hailys-sweter-9\/#primaryimage\",\"inLanguage\":\"pl-PL\",\"url\":\"https:\/\/torebunia.pl\/sklep\/wp-content\/uploads\/2021\/01\/8d465d0063774c86355af43aed941e3c224b044f.jpg\",\"width\":855,\"height\":1290,\"caption\":\"Haily's - Sweter\"},{\"@type\":\"WebPage\",\"@id\":\"https:\/\/torebunia.pl\/sklep\/produkt\/hailys-sweter-9\/#webpage\",\"url\":\"https:\/\/torebunia.pl\/sklep\/produkt\/hailys-sweter-9\/\",\"name\":\"Haily's - Sweter\",\"isPartOf\":{\"@id\":\"https:\/\/torebunia.pl\/sklep\/#website\"},\"primaryImageOfPage\":{\"@id\":\"https:\/\/torebunia.pl\/sklep\/produkt\/hailys-sweter-9\/#primaryimage\"},\"datePublished\":\"2020-06-28T16:16:16+00:00\",\"dateModified\":\"2021-01-27T13:07:15+00:00\",\"inLanguage\":\"pl-PL\",\"potentialAction\":[{\"@type\":\"ReadAction\",\"target\":[\"https:\/\/torebunia.pl\/sklep\/produkt\/hailys-sweter-9\/\"]}]}]}<\/script>\n<!-- \/ Yoast SEO plugin. -->","_links":{"self":[{"href":"https:\/\/torebunia.pl\/sklep\/wp-json\/wp\/v2\/product\/7941","targetHints":{"allow":["GET"]}}],"collection":[{"href":"https:\/\/torebunia.pl\/sklep\/wp-json\/wp\/v2\/product"}],"about":[{"href":"https:\/\/torebunia.pl\/sklep\/wp-json\/wp\/v2\/types\/product"}],"replies":[{"embeddable":true,"href":"https:\/\/torebunia.pl\/sklep\/wp-json\/wp\/v2\/comments?post=7941"}],"wp:featuredmedia":[{"embeddable":true,"href":"https:\/\/torebunia.pl\/sklep\/wp-json\/wp\/v2\/media\/7942"}],"wp:attachment":[{"href":"https:\/\/torebunia.pl\/sklep\/wp-json\/wp\/v2\/media?parent=7941"}],"curies":[{"name":"wp","href":"https:\/\/api.w.org\/{rel}","templated":true}]}}