{"id":7923,"date":"2020-03-12T15:03:59","date_gmt":"2020-03-12T15:03:59","guid":{"rendered":"https:\/\/torebunia.pl\/sklep\/produkt\/diesel-torebka\/"},"modified":"2021-01-27T13:07:01","modified_gmt":"2021-01-27T13:07:01","slug":"diesel-torebka","status":"publish","type":"product","link":"https:\/\/torebunia.pl\/sklep\/produkt\/diesel-torebka\/","title":{"rendered":"Diesel &#8211; Torebka"},"content":{"rendered":"<p>Parametry produktu:<\/p>\n<ul>\n<li>cena: <strong>939.9 PLN<\/strong><\/li>\n<li>marka: <strong>Diesel<\/strong><\/li>\n<li>p\u0142e\u0107: <strong>Female<\/strong><\/li>\n<li>kategoria: <strong>ONA \/ Akcesoria \/ Torebki \/ Crossbody i listonoszki<\/strong><\/li>\n<li>kolor: <strong>bia\u0142y<\/strong><\/li>\n<\/ul>\n<p>Opis:<br \/>\nMa\u0142a torebka z kolekcji Diesel. Model zapinany wykonany z po\u0142\u0105czenia materia\u0142u tekstylnego i sk\u00f3ry ekologicznej. &#8211; Zapi\u0119cie na magnes. &#8211; Dopinany d\u0142u\u017cszy pasek bez regulacji. &#8211; Nie mie\u015bci formatu A4. &#8211; Wewn\u0105trz dodatkowe kieszenie. &#8211; D\u0142ugo\u015b\u0107 paska: 125 cm. &#8211; G\u0142\u0119boko\u015b\u0107: 10 cm. &#8211; Wysoko\u015b\u0107: 13 cm. &#8211; Szeroko\u015b\u0107 u podstawy: 19 cm. Wz\u00f3r: nadruk Materia\u0142: tekstylny Wielko\u015b\u0107: nie mie\u015bci A4 Materia\u0142: imitacja sk\u00f3ry licowej Pasek: odpinany pasek ID produktu: 4900-TOD0UW Kod producenta: X07452.P1964<\/p>\n","protected":false},"excerpt":{"rendered":"<p>Parametry produktu: cena: 939.9 PLN marka: Diesel p\u0142e\u0107: Female kategoria: ONA \/ Akcesoria \/ Torebki \/ Crossbody i listonoszki kolor: bia\u0142y Opis: Ma\u0142a torebka z kolekcji Diesel. Model zapinany wykonany<\/p>\n","protected":false},"featured_media":7924,"comment_status":"closed","ping_status":"open","template":"","meta":[],"class_list":{"0":"post-7923","1":"product","2":"type-product","3":"status-publish","5":"hentry","6":"product_cat-akcesoria","7":"product_cat-crossbody-i-listonoszki","8":"product_cat-ona","9":"product_cat-torebki","10":"product_tag-diesel","11":"product_tag-diesel-torebka"},"yoast_head":"<!-- This site is optimized with the Yoast SEO plugin v15.6.2 - https:\/\/yoast.com\/wordpress\/plugins\/seo\/ -->\n<title>Diesel - Torebka<\/title>\n<meta name=\"robots\" content=\"index, follow, max-snippet:-1, max-image-preview:large, max-video-preview:-1\" \/>\n<link rel=\"canonical\" href=\"https:\/\/torebunia.pl\/sklep\/produkt\/diesel-torebka\/\" \/>\n<meta property=\"og:locale\" content=\"pl_PL\" \/>\n<meta property=\"og:type\" content=\"article\" \/>\n<meta property=\"og:title\" content=\"Diesel - Torebka\" \/>\n<meta property=\"og:description\" content=\"Parametry produktu: cena: 939.9 PLN marka: Diesel p\u0142e\u0107: Female kategoria: ONA \/ Akcesoria \/ Torebki \/ Crossbody i listonoszki kolor: bia\u0142y Opis: Ma\u0142a torebka z kolekcji Diesel. Model zapinany wykonany\" \/>\n<meta property=\"og:url\" content=\"https:\/\/torebunia.pl\/sklep\/produkt\/diesel-torebka\/\" \/>\n<meta property=\"og:site_name\" content=\"Moje Blog\" \/>\n<meta property=\"article:modified_time\" content=\"2021-01-27T13:07:01+00:00\" \/>\n<meta property=\"og:image\" content=\"https:\/\/torebunia.pl\/sklep\/wp-content\/uploads\/2021\/01\/a746c85133a04958459325a59e3a918e18a785ae.jpg\" \/>\n\t<meta property=\"og:image:width\" content=\"855\" \/>\n\t<meta property=\"og:image:height\" content=\"1290\" \/>\n<meta name=\"twitter:card\" content=\"summary_large_image\" \/>\n<meta name=\"twitter:label1\" content=\"Est. reading time\">\n\t<meta name=\"twitter:data1\" content=\"1 minuta\">\n<script type=\"application\/ld+json\" class=\"yoast-schema-graph\">{\"@context\":\"https:\/\/schema.org\",\"@graph\":[{\"@type\":\"WebSite\",\"@id\":\"https:\/\/torebunia.pl\/sklep\/#website\",\"url\":\"https:\/\/torebunia.pl\/sklep\/\",\"name\":\"Moje Blog\",\"description\":\"Kolejna witryna WordPress\",\"potentialAction\":[{\"@type\":\"SearchAction\",\"target\":\"https:\/\/torebunia.pl\/sklep\/?s={search_term_string}\",\"query-input\":\"required name=search_term_string\"}],\"inLanguage\":\"pl-PL\"},{\"@type\":\"ImageObject\",\"@id\":\"https:\/\/torebunia.pl\/sklep\/produkt\/diesel-torebka\/#primaryimage\",\"inLanguage\":\"pl-PL\",\"url\":\"https:\/\/torebunia.pl\/sklep\/wp-content\/uploads\/2021\/01\/a746c85133a04958459325a59e3a918e18a785ae.jpg\",\"width\":855,\"height\":1290,\"caption\":\"Diesel - Torebka\"},{\"@type\":\"WebPage\",\"@id\":\"https:\/\/torebunia.pl\/sklep\/produkt\/diesel-torebka\/#webpage\",\"url\":\"https:\/\/torebunia.pl\/sklep\/produkt\/diesel-torebka\/\",\"name\":\"Diesel - Torebka\",\"isPartOf\":{\"@id\":\"https:\/\/torebunia.pl\/sklep\/#website\"},\"primaryImageOfPage\":{\"@id\":\"https:\/\/torebunia.pl\/sklep\/produkt\/diesel-torebka\/#primaryimage\"},\"datePublished\":\"2020-03-12T15:03:59+00:00\",\"dateModified\":\"2021-01-27T13:07:01+00:00\",\"inLanguage\":\"pl-PL\",\"potentialAction\":[{\"@type\":\"ReadAction\",\"target\":[\"https:\/\/torebunia.pl\/sklep\/produkt\/diesel-torebka\/\"]}]}]}<\/script>\n<!-- \/ Yoast SEO plugin. -->","_links":{"self":[{"href":"https:\/\/torebunia.pl\/sklep\/wp-json\/wp\/v2\/product\/7923","targetHints":{"allow":["GET"]}}],"collection":[{"href":"https:\/\/torebunia.pl\/sklep\/wp-json\/wp\/v2\/product"}],"about":[{"href":"https:\/\/torebunia.pl\/sklep\/wp-json\/wp\/v2\/types\/product"}],"replies":[{"embeddable":true,"href":"https:\/\/torebunia.pl\/sklep\/wp-json\/wp\/v2\/comments?post=7923"}],"wp:featuredmedia":[{"embeddable":true,"href":"https:\/\/torebunia.pl\/sklep\/wp-json\/wp\/v2\/media\/7924"}],"wp:attachment":[{"href":"https:\/\/torebunia.pl\/sklep\/wp-json\/wp\/v2\/media?parent=7923"}],"curies":[{"name":"wp","href":"https:\/\/api.w.org\/{rel}","templated":true}]}}