{"id":7801,"date":"2020-07-06T14:07:09","date_gmt":"2020-07-06T14:07:09","guid":{"rendered":"https:\/\/torebunia.pl\/sklep\/produkt\/pinko-kurtka-3\/"},"modified":"2021-01-27T13:05:20","modified_gmt":"2021-01-27T13:05:20","slug":"pinko-kurtka-3","status":"publish","type":"product","link":"https:\/\/torebunia.pl\/sklep\/produkt\/pinko-kurtka-3\/","title":{"rendered":"Pinko &#8211; Kurtka"},"content":{"rendered":"<p>Parametry produktu:<\/p>\n<ul>\n<li>cena: <strong>1499.0 PLN<\/strong><\/li>\n<li>marka: <strong>Pinko<\/strong><\/li>\n<li>p\u0142e\u0107: <strong>Female<\/strong><\/li>\n<li>kategoria: <strong>ONA \/ Odzie\u017c \/ Kurtki i p\u0142aszcze \/ Kurtki kr\u00f3tkie<\/strong><\/li>\n<li>kolor: <strong>czarny<\/strong><\/li>\n<\/ul>\n<p>Opis:<br \/>\nKurtka z kolekcji Pinko. Ocieplony model wykonany z pikowanego materia\u0142u. Uwaga: oryginalna rozmiar\u00f3wka produkt\u00f3w tej marki jest rozmiar\u00f3wk\u0105 w\u0142osk\u0105. Informujemy, \u017ce rozmiary na metkach mog\u0105 r\u00f3\u017cni\u0107 si\u0119 od zamawianych ze wzgl\u0119du na zastosowany przelicznik. &#8211; Prosty fason. &#8211; Zapi\u0119cie na suwak i zatrzaski. &#8211; Zapinane kieszenie. &#8211; Ocieplony model na podszewce. &#8211; Model z kapturem. &#8211; D\u0142ugo\u015b\u0107: 92 cm. &#8211; Szeroko\u015b\u0107 pod pachami: 62 cm. &#8211; Szeroko\u015b\u0107 w ramionach: 49 cm. &#8211; Wymiary podane dla rozmiaru: 40. Podszewka: z podszewk\u0105 Kaptur: z kapturem Ocieplenie: ocieplane Sk\u0142ad: Podszewka: 100 % Poliester, Wype\u0142nienie: 100 % Poliester, Materia\u0142 zasadniczy: 100 % Poliamid ID produktu: 4910-KUD02S Kod producenta: 1G14G6.Y5NP<\/p>\n","protected":false},"excerpt":{"rendered":"<p>Parametry produktu: cena: 1499.0 PLN marka: Pinko p\u0142e\u0107: Female kategoria: ONA \/ Odzie\u017c \/ Kurtki i p\u0142aszcze \/ Kurtki kr\u00f3tkie kolor: czarny Opis: Kurtka z kolekcji Pinko. Ocieplony model wykonany<\/p>\n","protected":false},"featured_media":7802,"comment_status":"closed","ping_status":"open","template":"","meta":[],"class_list":{"0":"post-7801","1":"product","2":"type-product","3":"status-publish","5":"hentry","6":"product_cat-kurtki-i-plaszcze","7":"product_cat-kurtki-krotkie","8":"product_cat-odziez","9":"product_cat-ona","10":"product_tag-pinko","11":"product_tag-pinko-kurtka"},"yoast_head":"<!-- This site is optimized with the Yoast SEO plugin v15.6.2 - https:\/\/yoast.com\/wordpress\/plugins\/seo\/ -->\n<title>Pinko - Kurtka<\/title>\n<meta name=\"robots\" content=\"index, follow, max-snippet:-1, max-image-preview:large, max-video-preview:-1\" \/>\n<link rel=\"canonical\" href=\"https:\/\/torebunia.pl\/sklep\/produkt\/pinko-kurtka-3\/\" \/>\n<meta property=\"og:locale\" content=\"pl_PL\" \/>\n<meta property=\"og:type\" content=\"article\" \/>\n<meta property=\"og:title\" content=\"Pinko - Kurtka\" \/>\n<meta property=\"og:description\" content=\"Parametry produktu: cena: 1499.0 PLN marka: Pinko p\u0142e\u0107: Female kategoria: ONA \/ Odzie\u017c \/ Kurtki i p\u0142aszcze \/ Kurtki kr\u00f3tkie kolor: czarny Opis: Kurtka z kolekcji Pinko. Ocieplony model wykonany\" \/>\n<meta property=\"og:url\" content=\"https:\/\/torebunia.pl\/sklep\/produkt\/pinko-kurtka-3\/\" \/>\n<meta property=\"og:site_name\" content=\"Moje Blog\" \/>\n<meta property=\"article:modified_time\" content=\"2021-01-27T13:05:20+00:00\" \/>\n<meta property=\"og:image\" content=\"https:\/\/torebunia.pl\/sklep\/wp-content\/uploads\/2021\/01\/6c6efe2d81d84b71771cd295c0ad7de1a158f705.jpg\" \/>\n\t<meta property=\"og:image:width\" content=\"855\" \/>\n\t<meta property=\"og:image:height\" content=\"1290\" \/>\n<meta name=\"twitter:card\" content=\"summary_large_image\" \/>\n<meta name=\"twitter:label1\" content=\"Est. reading time\">\n\t<meta name=\"twitter:data1\" content=\"1 minuta\">\n<script type=\"application\/ld+json\" class=\"yoast-schema-graph\">{\"@context\":\"https:\/\/schema.org\",\"@graph\":[{\"@type\":\"WebSite\",\"@id\":\"https:\/\/torebunia.pl\/sklep\/#website\",\"url\":\"https:\/\/torebunia.pl\/sklep\/\",\"name\":\"Moje Blog\",\"description\":\"Kolejna witryna WordPress\",\"potentialAction\":[{\"@type\":\"SearchAction\",\"target\":\"https:\/\/torebunia.pl\/sklep\/?s={search_term_string}\",\"query-input\":\"required name=search_term_string\"}],\"inLanguage\":\"pl-PL\"},{\"@type\":\"ImageObject\",\"@id\":\"https:\/\/torebunia.pl\/sklep\/produkt\/pinko-kurtka-3\/#primaryimage\",\"inLanguage\":\"pl-PL\",\"url\":\"https:\/\/torebunia.pl\/sklep\/wp-content\/uploads\/2021\/01\/6c6efe2d81d84b71771cd295c0ad7de1a158f705.jpg\",\"width\":855,\"height\":1290,\"caption\":\"Pinko - Kurtka\"},{\"@type\":\"WebPage\",\"@id\":\"https:\/\/torebunia.pl\/sklep\/produkt\/pinko-kurtka-3\/#webpage\",\"url\":\"https:\/\/torebunia.pl\/sklep\/produkt\/pinko-kurtka-3\/\",\"name\":\"Pinko - Kurtka\",\"isPartOf\":{\"@id\":\"https:\/\/torebunia.pl\/sklep\/#website\"},\"primaryImageOfPage\":{\"@id\":\"https:\/\/torebunia.pl\/sklep\/produkt\/pinko-kurtka-3\/#primaryimage\"},\"datePublished\":\"2020-07-06T14:07:09+00:00\",\"dateModified\":\"2021-01-27T13:05:20+00:00\",\"inLanguage\":\"pl-PL\",\"potentialAction\":[{\"@type\":\"ReadAction\",\"target\":[\"https:\/\/torebunia.pl\/sklep\/produkt\/pinko-kurtka-3\/\"]}]}]}<\/script>\n<!-- \/ Yoast SEO plugin. -->","_links":{"self":[{"href":"https:\/\/torebunia.pl\/sklep\/wp-json\/wp\/v2\/product\/7801","targetHints":{"allow":["GET"]}}],"collection":[{"href":"https:\/\/torebunia.pl\/sklep\/wp-json\/wp\/v2\/product"}],"about":[{"href":"https:\/\/torebunia.pl\/sklep\/wp-json\/wp\/v2\/types\/product"}],"replies":[{"embeddable":true,"href":"https:\/\/torebunia.pl\/sklep\/wp-json\/wp\/v2\/comments?post=7801"}],"wp:featuredmedia":[{"embeddable":true,"href":"https:\/\/torebunia.pl\/sklep\/wp-json\/wp\/v2\/media\/7802"}],"wp:attachment":[{"href":"https:\/\/torebunia.pl\/sklep\/wp-json\/wp\/v2\/media?parent=7801"}],"curies":[{"name":"wp","href":"https:\/\/api.w.org\/{rel}","templated":true}]}}